{"id":68313,"date":"2022-11-21T17:13:20","date_gmt":"2022-11-21T16:13:20","guid":{"rendered":"https:\/\/secureus.se\/produkt\/visonic-mc-302e-pg2-powermaster-wireless-two-way-door-window-magnetic-contact-transmitter-with-wired-input\/"},"modified":"2026-04-23T13:35:14","modified_gmt":"2026-04-23T11:35:14","slug":"magnetkontakt-mc-302e-pg2-visonic","status":"publish","type":"product","link":"https:\/\/secureus.se\/no\/magnetkontakt-mc-302e-pg2-visonic\/","title":{"rendered":"Magnetisk kontakt MC-302E PG2 \u2013 Visonic"},"content":{"rendered":"<h1>Magnetisk kontakt MC-302E PG2 \u2013 Tr\u00e5dl\u00f8s sikkerhet med PowerG-teknologi<\/h1>\n<p>Beskytt d\u00f8rene og vinduene dine med Magnetic Contact MC-302E PG2, en h\u00f8yytelses tr\u00e5dl\u00f8s sikkerhetsl\u00f8sning fra Visonic.<\/p>\n<p>Designet for \u00e5 fungere s\u00f8ml\u00f8st med PowerMaster alarmsystemer, kombinerer den avansert teknologi og brukervennlighet.<\/p>\n<h4>Fordeler med MC-302E PG2:<\/h4>\n<ul>\n<li><strong>Lang rekkevidde<\/strong>: PowerG-teknologi muliggj\u00f8r repeaterfrie installasjoner selv i st\u00f8rre eiendommer.<\/li>\n<li><strong>Lang batterilevetid<\/strong>: Opptil 8 \u00e5rs drift med et 3V CR-123 litiumbatteri.<\/li>\n<li><strong>Allsidighet<\/strong>: St\u00f8tte for ekstra sensorer via aux-inngang, noe som gir \u00f8kt fleksibilitet.<\/li>\n<\/ul>\n<h3>Enkel og p\u00e5litelig sikkerhet<\/h3>\n<p>MC-302E PG2 er ikke bare enkel \u00e5 installere, men tilbyr ogs\u00e5 robust ytelse med sabotasjebryter og LED-indikator for lavt batteri.<\/p>\n<p>Enten det er for private hjem eller n\u00e6ringseiendommer, er dette en l\u00f8sning du kan stole p\u00e5.<\/p>\n<p>Invester i fremtidens sikkerhet med MC-302E PG2 \u2013 et produkt som kombinerer p\u00e5litelighet, innovasjon og brukervennlighet.<\/p>","protected":false},"excerpt":{"rendered":"<p>Magnetisk kontakt MC-302E PG2 beskytter d\u00f8rer og vinduer med PowerG-teknologi.<\/p>\n<p>Enkel installasjon og lang batterilevetid for p\u00e5litelig sikkerhet.<\/p>","protected":false},"featured_media":141203,"template":"","meta":{"_acf_changed":false},"product_brand":[],"product_cat":[3376,3381],"product_tag":[2472,3125],"class_list":{"0":"post-68313","1":"product","2":"type-product","3":"status-publish","4":"has-post-thumbnail","6":"product_cat-visonic-larmenheter","7":"product_cat-visonic-magnetkontakter","8":"product_tag-sbsc-larmklassr","9":"product_tag-visonic-magnet","10":"product_shipping_class-postnord-varubrev","11":"pa_brands-5visonic","12":"tm-no-options","14":"first","15":"outofstock","16":"sale","17":"taxable","18":"shipping-taxable","19":"purchasable","20":"product-type-simple"},"acf":[],"_links":{"self":[{"href":"https:\/\/secureus.se\/no\/wp-json\/wp\/v2\/product\/68313","targetHints":{"allow":["GET"]}}],"collection":[{"href":"https:\/\/secureus.se\/no\/wp-json\/wp\/v2\/product"}],"about":[{"href":"https:\/\/secureus.se\/no\/wp-json\/wp\/v2\/types\/product"}],"wp:featuredmedia":[{"embeddable":true,"href":"https:\/\/secureus.se\/no\/wp-json\/wp\/v2\/media\/141203"}],"wp:attachment":[{"href":"https:\/\/secureus.se\/no\/wp-json\/wp\/v2\/media?parent=68313"}],"wp:term":[{"taxonomy":"product_brand","embeddable":true,"href":"https:\/\/secureus.se\/no\/wp-json\/wp\/v2\/product_brand?post=68313"},{"taxonomy":"product_cat","embeddable":true,"href":"https:\/\/secureus.se\/no\/wp-json\/wp\/v2\/product_cat?post=68313"},{"taxonomy":"product_tag","embeddable":true,"href":"https:\/\/secureus.se\/no\/wp-json\/wp\/v2\/product_tag?post=68313"}],"curies":[{"name":"wp","href":"https:\/\/api.w.org\/{rel}","templated":true}]}}