{"id":68317,"date":"2022-11-21T17:13:06","date_gmt":"2022-11-21T16:13:06","guid":{"rendered":"https:\/\/secureus.se\/produkt\/visonic-sr-720b-pg2-powerg-wireless-2-way-indoor-siren\/"},"modified":"2026-04-01T15:52:14","modified_gmt":"2026-04-01T13:52:14","slug":"siren-sr-720b-inomhus-tradlos-visonic","status":"publish","type":"product","link":"https:\/\/secureus.se\/no\/siren-sr-720b-inomhus-tradlos-visonic\/","title":{"rendered":"Siren SR-720B PG2 innend\u00f8rs tr\u00e5dl\u00f8s PowerG \u2013 Visonic"},"content":{"rendered":"<h1>Sirene SR-720B PG2 \u2013 Elegant og effektiv innend\u00f8rssirene<\/h1>\n<p>Gi sikkerhetssystemet ditt en oppgradering med Siren SR-720B PG2.<\/p>\n<p>Denne tr\u00e5dl\u00f8se innend\u00f8rssirenen kombinerer moderne design med h\u00f8yytelsesteknologi for \u00e5 gi deg sikkerhet som er b\u00e5de synlig og h\u00f8rbar.<\/p>\n<p>Med en h\u00f8y 110 dB lyd og h\u00f8yintensitets hvitt strobelys er det umulig \u00e5 ignorere en alarm.<\/p>\n<h4>Hvorfor velge SR-720B PG2?<\/h4>\n<ul>\n<li><strong>PowerG-teknologi<\/strong>: Sikker og p\u00e5litelig toveiskommunikasjon som eliminerer behovet for repeatere.<\/li>\n<li><strong>Kraftig advarsel<\/strong>: 110 dB Piezo-lyd og blinkende strobelys fanger umiddelbart oppmerksomheten.<\/li>\n<li><strong>Lang batterilevetid<\/strong>: Opptil 8 \u00e5r ved normal bruk, noe som gj\u00f8r det kostnadseffektivt og lite vedlikehold.<\/li>\n<\/ul>\n<h3>Brukervennlig og fleksibel<\/h3>\n<p>Denne sirenen er kompatibel med alle PowerMaster-systemer og kan enkelt programmeres via kontrollpanelet.<\/p>\n<p>Dens doble sabotasjebeskyttelse og synlige signalkvalitetsindikator gir ekstra sikkerhet og brukervennlighet.<\/p>\n<p>Invester i Siren SR-720B PG2 for \u00e5 forbedre din innend\u00f8rs sikkerhet og skape et trygt milj\u00f8 for b\u00e5de hjem og bedrift.<\/p>","protected":false},"excerpt":{"rendered":"<p>Siren SR-720B PG2 er en elegant og kraftig tr\u00e5dl\u00f8s innend\u00f8rssirene med PowerG-teknologi.<\/p>\n<p>Perfekt for trygge hjem og bedrifter.<\/p>","protected":false},"featured_media":141360,"template":"","meta":{"_acf_changed":false},"product_brand":[],"product_cat":[1562,3377],"product_tag":[2472,2333],"class_list":{"0":"post-68317","1":"product","2":"type-product","3":"status-publish","4":"has-post-thumbnail","6":"product_cat-larmdon-blixtljus","7":"product_cat-visonic-siren","8":"product_tag-sbsc-larmklassr","9":"product_tag-visonic-siren","10":"product_shipping_class-tunga-paket","11":"pa_brands-5visonic","12":"tm-no-options","14":"first","15":"instock","16":"sale","17":"taxable","18":"shipping-taxable","19":"purchasable","20":"product-type-simple"},"acf":[],"_links":{"self":[{"href":"https:\/\/secureus.se\/no\/wp-json\/wp\/v2\/product\/68317","targetHints":{"allow":["GET"]}}],"collection":[{"href":"https:\/\/secureus.se\/no\/wp-json\/wp\/v2\/product"}],"about":[{"href":"https:\/\/secureus.se\/no\/wp-json\/wp\/v2\/types\/product"}],"wp:featuredmedia":[{"embeddable":true,"href":"https:\/\/secureus.se\/no\/wp-json\/wp\/v2\/media\/141360"}],"wp:attachment":[{"href":"https:\/\/secureus.se\/no\/wp-json\/wp\/v2\/media?parent=68317"}],"wp:term":[{"taxonomy":"product_brand","embeddable":true,"href":"https:\/\/secureus.se\/no\/wp-json\/wp\/v2\/product_brand?post=68317"},{"taxonomy":"product_cat","embeddable":true,"href":"https:\/\/secureus.se\/no\/wp-json\/wp\/v2\/product_cat?post=68317"},{"taxonomy":"product_tag","embeddable":true,"href":"https:\/\/secureus.se\/no\/wp-json\/wp\/v2\/product_tag?post=68317"}],"curies":[{"name":"wp","href":"https:\/\/api.w.org\/{rel}","templated":true}]}}