{"id":68325,"date":"2022-11-21T17:12:42","date_gmt":"2022-11-21T16:12:42","guid":{"rendered":"https:\/\/secureus.se\/produkt\/visonic-powerlink3-1-plug-and-play-broadband-ip-communicator-for-central-stations\/"},"modified":"2026-03-11T16:59:35","modified_gmt":"2026-03-11T15:59:35","slug":"ip-modul-powermaster-visonic","status":"publish","type":"product","link":"https:\/\/secureus.se\/no\/ip-modul-powermaster-visonic\/","title":{"rendered":"IP-modul Powermaster \u2013 PowerLink 3.1 \u2013 10 30 &amp; 33 \u2013 Plug &amp; Play \u2013 Visonic"},"content":{"rendered":"<h1>IP-modul Powermaster \u2013 PowerLink 3.1 \u2013 En revolusjonerende IP-modul for PowerMaster<\/h1>\n<p>Visonics PowerLink 3.1 tilbyr en enkel og avansert l\u00f8sning for \u00e5 administrere og overv\u00e5ke PowerMasters sikkerhetssystemer.<\/p>\n<p>Med Plug &amp; Play-funksjonalitet er den perfekt for b\u00e5de hjem og bedrifter som \u00f8nsker \u00e5 ta sikkerheten til neste niv\u00e5.<\/p>\n<p>Med Powerlink IP-modulen kan du koble til nettverket og sammen med Visonic-GO kan du styre alarmen via deres server visonic.tycomonitor.com<\/p>\n<p>Powermaster Central m\u00e5 v\u00e6re versjon 18 eller nyere. Kan ikke sitte i kontrollpanelet mens du bruker en mobil\/gprs-modul.<\/p>\n<h4>Funksjoner som gj\u00f8r en forskjell:<\/h4>\n<ul>\n<li><strong>Enkel installasjon<\/strong>: Koble PowerLink 3.1 til ruteren \u2013 ingen ytterligere konfigurasjon er n\u00f8dvendig.<\/li>\n<li><strong>Verifisering av bildealarm<\/strong>: Send bilder ved alarmtidspunkt basert p\u00e5 bevegelsesdeteksjon fra NEXT CAM-detektorer.<\/li>\n<li><strong>Total fjernkontroll<\/strong>: Administrer systemet via Visonics PowerManage-plattform og mobilapp.<\/li>\n<\/ul>\n<h3>Forbedre sikkerheten med IP-teknologi<\/h3>\n<p>PowerLink 3.1 tilbyr IP-basert hendelsesmeldinger, noe som gj\u00f8r det enkelt for sentralstasjoner \u00e5 h\u00e5ndtere alarmer i sanntid.<\/p>\n<p>Med bildeverifisering kan huseiere og sikkerhetspersonell raskt finne ut om alarmen er ekte eller falsk, noe som reduserer un\u00f8dvendige anrop.<\/p>\n<h4>Passer b\u00e5de for privatpersoner og bedrifter:<\/h4>\n<ul>\n<li>Send bilder og alarmhendelser til e-post eller mobil.<\/li>\n<li>Fjernkonfigurasjon og vedlikehold av PowerMaster-systemet.<\/li>\n<li>Evne til \u00e5 integrere opptil 15 Next CAM-detektorer for omfattende overv\u00e5king.<\/li>\n<\/ul>\n<p>Med PowerLink 3.1 f\u00e5r du en komplett l\u00f8sning for sikkerhet og bekvemmelighet \u2013 uten kompliserte installasjoner.<\/p>","protected":false},"excerpt":{"rendered":"<p>PowerLink 3.1 er en IP-modul for PowerMaster-systemer som muliggj\u00f8r enkel fjernkontroll og IP-basert alarmkommunikasjon.<\/p>\n<p>Plug &amp; Play-l\u00f8sning.<\/p>\n<p>Powermaster Central m\u00e5 v\u00e6re versjon 18 eller nyere. Kan ikke sitte i kontrollpanelet mens du bruker en mobil\/gprs-modul.<\/p>","protected":false},"featured_media":142126,"template":"","meta":{"_acf_changed":false},"product_brand":[],"product_cat":[3375],"product_tag":[2330],"class_list":{"0":"post-68325","1":"product","2":"type-product","3":"status-publish","4":"has-post-thumbnail","6":"product_cat-visonic-larmsandare-ip-4g","7":"product_tag-visonic-manoverpanel","8":"product_shipping_class-postnord-varubrev","9":"pa_brands-5visonic","10":"tm-no-options","12":"first","13":"instock","14":"sale","15":"featured","16":"taxable","17":"shipping-taxable","18":"purchasable","19":"product-type-simple"},"acf":[],"_links":{"self":[{"href":"https:\/\/secureus.se\/no\/wp-json\/wp\/v2\/product\/68325","targetHints":{"allow":["GET"]}}],"collection":[{"href":"https:\/\/secureus.se\/no\/wp-json\/wp\/v2\/product"}],"about":[{"href":"https:\/\/secureus.se\/no\/wp-json\/wp\/v2\/types\/product"}],"wp:featuredmedia":[{"embeddable":true,"href":"https:\/\/secureus.se\/no\/wp-json\/wp\/v2\/media\/142126"}],"wp:attachment":[{"href":"https:\/\/secureus.se\/no\/wp-json\/wp\/v2\/media?parent=68325"}],"wp:term":[{"taxonomy":"product_brand","embeddable":true,"href":"https:\/\/secureus.se\/no\/wp-json\/wp\/v2\/product_brand?post=68325"},{"taxonomy":"product_cat","embeddable":true,"href":"https:\/\/secureus.se\/no\/wp-json\/wp\/v2\/product_cat?post=68325"},{"taxonomy":"product_tag","embeddable":true,"href":"https:\/\/secureus.se\/no\/wp-json\/wp\/v2\/product_tag?post=68325"}],"curies":[{"name":"wp","href":"https:\/\/api.w.org\/{rel}","templated":true}]}}