{"id":68331,"date":"2022-11-21T17:12:18","date_gmt":"2022-11-21T16:12:18","guid":{"rendered":"https:\/\/secureus.se\/produkt\/visonic-pb-101-pg2-868-0030-powerg-1-button-supervised-handheld-wireless-panic-button-868mhz\/"},"modified":"2026-04-09T11:39:53","modified_gmt":"2026-04-09T09:39:53","slug":"overfallskontakt-1-knapp-pb-101-visonic","status":"publish","type":"product","link":"https:\/\/secureus.se\/no\/overfallskontakt-1-knapp-pb-101-visonic\/","title":{"rendered":"Overfallskontakt 1 knapp PG2 PB-101 PowerG 868MHz \u2013 Visonic"},"content":{"rendered":"<h1>Panikkbryter 1 knapp PG2 PB-101 \u2013 Din sikkerhetsl\u00f8sning i n\u00f8dssituasjoner<\/h1>\n<p>PB-101 PG2 er en tr\u00e5dl\u00f8s, b\u00e6rbar og brukervennlig panikkbryter utviklet for Visonics PowerMaster-systemer.<\/p>\n<p>Den er designet for raskt og enkelt \u00e5 aktivere en alarm i en n\u00f8dssituasjon, noe som gj\u00f8r den til et uunnv\u00e6rlig tillegg for b\u00e5de hjem og bedrifter.<\/p>\n<h4>Hvorfor velge PB-101 PG2?<\/h4>\n<ul>\n<li><strong>Rask aktivering<\/strong>: En stor knapp som krever et trykk p\u00e5 to sekunder for \u00e5 redusere risikoen for feiltrykking.<\/li>\n<li><strong>B\u00e6rbar og fleksibel<\/strong>: Kan b\u00e6res rundt halsen, p\u00e5 beltet eller monteres p\u00e5 veggen.<\/li>\n<li><strong>Lang batterilevetid<\/strong>: Opptil 5 \u00e5rs levetid ved normal bruk, noe som gj\u00f8r det b\u00e5de praktisk og lite vedlikehold.<\/li>\n<\/ul>\n<h3>Sikkerhet og komfort i ett<\/h3>\n<p>1-knapps PB-101 PG2 panikkbryter er utstyrt med PowerG-teknologi for stabil og sikker kommunikasjon med PowerMaster-systemet.<\/p>\n<p>Den moderne ergonomiske designen gj\u00f8r den behagelig \u00e5 ha p\u00e5 seg og bruke, uansett situasjon.<\/p>\n<p>Forbedre sikkerheten din med PB-101 PG2 \u2013 en p\u00e5litelig og effektiv l\u00f8sning for umiddelbar alarm i n\u00f8dssituasjoner.<\/p>","protected":false},"excerpt":{"rendered":"<p>PB-101 PG2 er en tr\u00e5dl\u00f8s panikkbryter med PowerG-teknologi.<\/p>\n<p>Enkel \u00e5 b\u00e6re og bruke for umiddelbar alarm i n\u00f8dssituasjoner.<\/p>","protected":false},"featured_media":141384,"template":"","meta":{"_acf_changed":false},"product_brand":[],"product_cat":[3378],"product_tag":[2327],"class_list":{"0":"post-68331","1":"product","2":"type-product","3":"status-publish","4":"has-post-thumbnail","6":"product_cat-visonic-larmstyrning-knappsatser","7":"product_tag-visonic-fjarr-assistansknapp","8":"product_shipping_class-postnord-varubrev","9":"pa_brands-5visonic","10":"tm-no-options","12":"first","13":"onbackorder","14":"sale","15":"taxable","16":"shipping-taxable","17":"purchasable","18":"product-type-simple"},"acf":[],"_links":{"self":[{"href":"https:\/\/secureus.se\/no\/wp-json\/wp\/v2\/product\/68331","targetHints":{"allow":["GET"]}}],"collection":[{"href":"https:\/\/secureus.se\/no\/wp-json\/wp\/v2\/product"}],"about":[{"href":"https:\/\/secureus.se\/no\/wp-json\/wp\/v2\/types\/product"}],"wp:featuredmedia":[{"embeddable":true,"href":"https:\/\/secureus.se\/no\/wp-json\/wp\/v2\/media\/141384"}],"wp:attachment":[{"href":"https:\/\/secureus.se\/no\/wp-json\/wp\/v2\/media?parent=68331"}],"wp:term":[{"taxonomy":"product_brand","embeddable":true,"href":"https:\/\/secureus.se\/no\/wp-json\/wp\/v2\/product_brand?post=68331"},{"taxonomy":"product_cat","embeddable":true,"href":"https:\/\/secureus.se\/no\/wp-json\/wp\/v2\/product_cat?post=68331"},{"taxonomy":"product_tag","embeddable":true,"href":"https:\/\/secureus.se\/no\/wp-json\/wp\/v2\/product_tag?post=68331"}],"curies":[{"name":"wp","href":"https:\/\/api.w.org\/{rel}","templated":true}]}}