{"id":68335,"date":"2022-11-21T17:12:04","date_gmt":"2022-11-21T16:12:04","guid":{"rendered":"https:\/\/secureus.se\/produkt\/visonic-tower-cam-pg2-wireless-outdoor-pir-mirror-detector-and-integrated-camera\/"},"modified":"2026-04-09T11:40:08","modified_gmt":"2026-04-09T09:40:08","slug":"tower-cam-pg2-utomhus-kamera-visonic","status":"publish","type":"product","link":"https:\/\/secureus.se\/no\/tower-cam-pg2-utomhus-kamera-visonic\/","title":{"rendered":"TOWER CAM PG2 \u2013 Utend\u00f8rs PIR speildetektor + integrert kamera \u2013 Visonic"},"content":{"rendered":"<h1>TOWER CAM PG2 \u2013 Avansert utend\u00f8rs sikkerhet med kamera<\/h1>\n<p>TOWER CAM PG2 er en innovativ l\u00f8sning for utend\u00f8rs sikkerhet.<\/p>\n<p>Den kombinerer avansert bevegelsesdeteksjon med et innebygd kamera for umiddelbar bildeverifisering i tilfelle en alarm.<\/p>\n<p>Perfekt for hjem og bedrifter som krever h\u00f8y sikkerhet og minimal risiko for falske alarmer.<\/p>\n<h4>N\u00f8kkelegenskaper:<\/h4>\n<ul>\n<li><strong>Avansert deteksjon<\/strong>: Octa-Quad-teknologi med \u00e5tte PIR-sensorer for n\u00f8yaktig bevegelsesdeteksjon.<\/li>\n<li><strong>Bildebekreftelse<\/strong>: Sender umiddelbart bilder til alarmsentralen ved deteksjon for \u00e5 redusere kostnader og falske alarmer.<\/li>\n<li><strong>Robust design<\/strong>: V\u00e6rbestandig konstruksjon med sabotasjebeskyttelse og antimaskeringsteknologi.<\/li>\n<\/ul>\n<h3>Enkel installasjon og bruk<\/h3>\n<p>TOWER CAM PG2 er designet for \u00e5 enkelt integreres med PowerMaster-systemer.<\/p>\n<p>Plug &amp; Play-funksjonene gj\u00f8r installasjonen s\u00f8ml\u00f8s, mens ekstern konfigurasjon sparer tid og ressurser for b\u00e5de installat\u00f8rer og brukere.<\/p>\n<h4>Fordeler for sluttbrukere:<\/h4>\n<ul>\n<li>Lang batterilevetid p\u00e5 opptil 3 \u00e5r.<\/li>\n<li>Kameraets IR-belysning muliggj\u00f8r bilder i totalt m\u00f8rke.<\/li>\n<li>Immunitet mot kj\u00e6ledyr opp til 18 kg.<\/li>\n<\/ul>\n<p>Med TOWER CAM PG2 f\u00e5r du trygghet og kontroll over din utend\u00f8rs sikkerhet.<\/p>","protected":false},"excerpt":{"rendered":"<p>TOWER CAM PG2 er en avansert utend\u00f8rs PIR-detektor med innebygd kamera.<\/p>\n<p>Sikker bevegelsesdeteksjon og bildeverifisering for optimal sikkerhet.<\/p>","protected":false},"featured_media":141390,"template":"","meta":{"_acf_changed":false},"product_brand":[],"product_cat":[3376,3380],"product_tag":[2472,2326],"class_list":{"0":"post-68335","1":"product","2":"type-product","3":"status-publish","4":"has-post-thumbnail","6":"product_cat-visonic-larmenheter","7":"product_cat-visonic-utomhusdetektorer","8":"product_tag-sbsc-larmklassr","9":"product_tag-visonic-kamera","10":"product_shipping_class-tunga-paket","11":"pa_brands-5visonic","12":"tm-no-options","14":"first","15":"onbackorder","16":"sale","17":"taxable","18":"shipping-taxable","19":"purchasable","20":"product-type-simple"},"acf":[],"_links":{"self":[{"href":"https:\/\/secureus.se\/no\/wp-json\/wp\/v2\/product\/68335","targetHints":{"allow":["GET"]}}],"collection":[{"href":"https:\/\/secureus.se\/no\/wp-json\/wp\/v2\/product"}],"about":[{"href":"https:\/\/secureus.se\/no\/wp-json\/wp\/v2\/types\/product"}],"wp:featuredmedia":[{"embeddable":true,"href":"https:\/\/secureus.se\/no\/wp-json\/wp\/v2\/media\/141390"}],"wp:attachment":[{"href":"https:\/\/secureus.se\/no\/wp-json\/wp\/v2\/media?parent=68335"}],"wp:term":[{"taxonomy":"product_brand","embeddable":true,"href":"https:\/\/secureus.se\/no\/wp-json\/wp\/v2\/product_brand?post=68335"},{"taxonomy":"product_cat","embeddable":true,"href":"https:\/\/secureus.se\/no\/wp-json\/wp\/v2\/product_cat?post=68335"},{"taxonomy":"product_tag","embeddable":true,"href":"https:\/\/secureus.se\/no\/wp-json\/wp\/v2\/product_tag?post=68335"}],"curies":[{"name":"wp","href":"https:\/\/api.w.org\/{rel}","templated":true}]}}