{"id":68341,"date":"2022-11-21T17:11:49","date_gmt":"2022-11-21T16:11:49","guid":{"rendered":"https:\/\/secureus.se\/produkt\/visonic-gb-502-pg2-wireless-glass-break-detector\/"},"modified":"2026-03-27T10:29:11","modified_gmt":"2026-03-27T09:29:11","slug":"glaskrossdetektor-gb-502-pg2-visonic","status":"publish","type":"product","link":"https:\/\/secureus.se\/no\/glaskrossdetektor-gb-502-pg2-visonic\/","title":{"rendered":"Glass Breaker Detector GB-502 PG2 \u2013 Visonic"},"content":{"rendered":"<div class=\"product-information u-m-b-06\">\n<h1>Glassbrudddetektor GB-502 PG2 \u2013 Beskytt hjemmet ditt med avansert teknologi<\/h1>\n<p>GB-502 PG2 er en avansert tr\u00e5dl\u00f8s glassbrudddetektor designet for \u00e5 beskytte vinduer og glassd\u00f8rer mot innbrudd.<\/p>\n<p>Med 360\u00b0 dekning og en rekkevidde p\u00e5 opptil 7,6 meter, tilbyr den sikkerhet og sikkerhet for b\u00e5de hjem og bedrifter.<\/p>\n<h4>Hvorfor velge GB-502 PG2?<\/h4>\n<ul>\n<li><strong>360\u00b0 dekning<\/strong>: Oppdager knust glass fra alle vinkler i et rom.<\/li>\n<li><strong>Avansert akustisk teknologi<\/strong>: Analyserer lyd for \u00e5 identifisere ekte glassknusingshendelser og minimere falske alarmer.<\/li>\n<li><strong>Lang batterilevetid<\/strong>: Opptil 5 \u00e5r ved normal bruk.<\/li>\n<\/ul>\n<h3>Enkel installasjon og h\u00f8y p\u00e5litelighet<\/h3>\n<p>Denne glassbrudddetektoren bruker PowerG-teknologi, som gir robust og p\u00e5litelig tr\u00e5dl\u00f8s kommunikasjon.<\/p>\n<p>Med en innebygd signalkvalitetsindikator kan den installeres raskt og enkelt uten behov for justeringer.<\/p>\n<h4>Perfekt for:<\/h4>\n<ul>\n<li>Vinduer og glassd\u00f8rer i boliger og bedrifter.<\/li>\n<li>Glass av ulike typer, inkludert herdet, laminert og isolert glass.<\/li>\n<li>Rom opp til 12 x 12 meter i st\u00f8rrelse.<\/li>\n<\/ul>\n<p>GB-502 PG2 tilbyr en enkel l\u00f8sning for \u00e5 \u00f8ke sikkerheten og redusere risikoen for skade ved innbrudd.<\/p>\n<div id=\"content-2\">\n<div><\/div>\n<div><\/div>\n<\/div>\n<\/div>\n<div>\n<p><iframe title=\"Glassbrudddetektor \u2013 GB-502 PG2 \u2013 Med PowerG-teknologi\" width=\"1170\" height=\"658\" src=\"https:\/\/www.youtube.com\/embed\/omS-ZzKkzsI?feature=oembed\" frameborder=\"0\" allow=\"accelerometer; autoplay; clipboard-write; encrypted-media; gyroscope; picture-in-picture; web-share\" referrerpolicy=\"strict-origin-when-cross-origin\" allowfullscreen><\/iframe><\/p>\n<\/div>\n<hr \/>\n<div class=\"accordion product-specifications-accordion\">\n<div id=\"trigger-1\" class=\"accordion-header accordion-header--no-padding\"><\/div>\n<\/div>\n<p>&nbsp;<\/p>","protected":false},"excerpt":{"rendered":"<p>GB-502 PG2 er en tr\u00e5dl\u00f8s glassbrudddetektor som beskytter hjemmet ditt med avansert akustisk teknologi.<\/p>\n<p>Perfekt for PowerMaster-systemer.<\/p>","protected":false},"featured_media":141088,"template":"","meta":{"_acf_changed":false},"product_brand":[],"product_cat":[3376,3381],"product_tag":[2472,2335],"class_list":{"0":"post-68341","1":"product","2":"type-product","3":"status-publish","4":"has-post-thumbnail","6":"product_cat-visonic-larmenheter","7":"product_cat-visonic-magnetkontakter","8":"product_tag-sbsc-larmklassr","9":"product_tag-visonic-vatten-vibration-glas","10":"product_shipping_class-tunga-paket","11":"pa_brands-5visonic","12":"tm-no-options","14":"first","15":"outofstock","16":"sale","17":"taxable","18":"shipping-taxable","19":"purchasable","20":"product-type-simple"},"acf":[],"_links":{"self":[{"href":"https:\/\/secureus.se\/no\/wp-json\/wp\/v2\/product\/68341","targetHints":{"allow":["GET"]}}],"collection":[{"href":"https:\/\/secureus.se\/no\/wp-json\/wp\/v2\/product"}],"about":[{"href":"https:\/\/secureus.se\/no\/wp-json\/wp\/v2\/types\/product"}],"wp:featuredmedia":[{"embeddable":true,"href":"https:\/\/secureus.se\/no\/wp-json\/wp\/v2\/media\/141088"}],"wp:attachment":[{"href":"https:\/\/secureus.se\/no\/wp-json\/wp\/v2\/media?parent=68341"}],"wp:term":[{"taxonomy":"product_brand","embeddable":true,"href":"https:\/\/secureus.se\/no\/wp-json\/wp\/v2\/product_brand?post=68341"},{"taxonomy":"product_cat","embeddable":true,"href":"https:\/\/secureus.se\/no\/wp-json\/wp\/v2\/product_cat?post=68341"},{"taxonomy":"product_tag","embeddable":true,"href":"https:\/\/secureus.se\/no\/wp-json\/wp\/v2\/product_tag?post=68341"}],"curies":[{"name":"wp","href":"https:\/\/api.w.org\/{rel}","templated":true}]}}