{"id":68343,"date":"2022-11-21T17:11:42","date_gmt":"2022-11-21T16:11:42","guid":{"rendered":"https:\/\/secureus.se\/produkt\/visonic-k-303466-chicklets-proximity-tag-on-keychain-3-pack-multi-color\/"},"modified":"2026-05-06T14:08:50","modified_gmt":"2026-05-06T12:08:50","slug":"tag-powermaster-pg2-3pack-prox-visonic","status":"publish","type":"product","link":"https:\/\/secureus.se\/no\/tag-powermaster-pg2-3pack-prox-visonic\/","title":{"rendered":"TAG POWERMASTER PG2 3PACK \u2013 PROX Tag \u2013 Visonic"},"content":{"rendered":"<div class=\"product-information u-m-b-06\"><\/div>\n<h1 class=\"tw-data-text tw-text-large tw-ta\" dir=\"ltr\" data-placeholder=\"\u00d6vers\u00e4ttning\" data-ved=\"2ahUKEwi-9J3M9LaDAxXmTaQEHaxxC3AQ3ewLegQIBRAQ\">TAG PowerMaster PG2 3-pack \u2013 Enkel og sikker alarmh\u00e5ndtering<\/h1>\n<p>Gj\u00f8r administrasjonen av PowerMaster alarmsystemet b\u00e5de enklere og sikrere med TAG PowerMaster PG2.<\/p>\n<p>Disse hendige Prox-taggene kommer i en 3-pakning og er designet for \u00e5 gi rask tilgang til hjemmet eller bedriften din uten \u00e5 m\u00e5tte huske koder.<\/p>\n<h4>Fordeler med TAG PowerMaster PG2:<\/h4>\n<ul>\n<li><strong>Rask og enkel \u00e5 bruke<\/strong>: Plasser etiketten mot leseren for \u00e5 til- eller frakoble systemet.<\/li>\n<li><strong>Sikkerhet i fokus<\/strong>: Hvis en merkelapp g\u00e5r tapt, kan den enkelt blokkeres for \u00e5 forhindre uautorisert tilgang.<\/li>\n<li><strong>Flerbrukertilpasning<\/strong>: Kommer i forskjellige farger, noe som gj\u00f8r det enkelt \u00e5 tildele unike tagger til hver bruker.<\/li>\n<\/ul>\n<h3>Ideell for hjem og bedrift<\/h3>\n<p>TAG PowerMaster PG2 er kompatibel med PowerMaster-seriens kontrollpaneler og tastaturer, versjon 13 og nyere.<\/p>\n<p>Dens lette design og evnen til \u00e5 feste til en n\u00f8kkelring gj\u00f8r den praktisk for daglig bruk.<\/p>\n<p>Med disse taggene f\u00e5r du en smart og effektiv l\u00f8sning for \u00e5 administrere tilgang og sikkerhet i dine lokaler.<\/p>","protected":false},"excerpt":{"rendered":"<p>TAG PowerMaster PG2 3-pack gir rask og enkel tilgang til alarmsystemet ditt.<\/p>\n<p>Perfekt for hjem og bedrifter med flere brukere.<\/p>","protected":false},"featured_media":141619,"template":"","meta":{"_acf_changed":false},"product_brand":[],"product_cat":[3378],"product_tag":[2330],"class_list":{"0":"post-68343","1":"product","2":"type-product","3":"status-publish","4":"has-post-thumbnail","6":"product_cat-visonic-larmstyrning-knappsatser","7":"product_tag-visonic-manoverpanel","8":"product_shipping_class-postnord-varubrev","9":"pa_brands-5visonic","10":"tm-no-options","12":"first","13":"instock","14":"sale","15":"featured","16":"taxable","17":"shipping-taxable","18":"purchasable","19":"product-type-simple"},"acf":[],"_links":{"self":[{"href":"https:\/\/secureus.se\/no\/wp-json\/wp\/v2\/product\/68343","targetHints":{"allow":["GET"]}}],"collection":[{"href":"https:\/\/secureus.se\/no\/wp-json\/wp\/v2\/product"}],"about":[{"href":"https:\/\/secureus.se\/no\/wp-json\/wp\/v2\/types\/product"}],"wp:featuredmedia":[{"embeddable":true,"href":"https:\/\/secureus.se\/no\/wp-json\/wp\/v2\/media\/141619"}],"wp:attachment":[{"href":"https:\/\/secureus.se\/no\/wp-json\/wp\/v2\/media?parent=68343"}],"wp:term":[{"taxonomy":"product_brand","embeddable":true,"href":"https:\/\/secureus.se\/no\/wp-json\/wp\/v2\/product_brand?post=68343"},{"taxonomy":"product_cat","embeddable":true,"href":"https:\/\/secureus.se\/no\/wp-json\/wp\/v2\/product_cat?post=68343"},{"taxonomy":"product_tag","embeddable":true,"href":"https:\/\/secureus.se\/no\/wp-json\/wp\/v2\/product_tag?post=68343"}],"curies":[{"name":"wp","href":"https:\/\/api.w.org\/{rel}","templated":true}]}}