{"id":68347,"date":"2022-11-21T17:11:32","date_gmt":"2022-11-21T16:11:32","guid":{"rendered":"https:\/\/secureus.se\/produkt\/visonic-tower-32am-pg2-powerg-high-performance-wireless-mirror-dual-technology-detector-with-anti-masking\/"},"modified":"2026-04-09T11:41:03","modified_gmt":"2026-04-09T09:41:03","slug":"kombidetektor-tower-32-am-pg2-visonic","status":"publish","type":"product","link":"https:\/\/secureus.se\/no\/kombidetektor-tower-32-am-pg2-visonic\/","title":{"rendered":"Kombidetektor TOWER-32 AM PG2 \u2013 Visonic"},"content":{"rendered":"<h1>Kombinasjonsdetektor TOWER-32AM PG2 \u2013 Kombinasjonsdetektor med avansert sikkerhetsteknologi<\/h1>\n<p>TOWER-32AM PG2 er en tr\u00e5dl\u00f8s detektor med h\u00f8y ytelse som kombinerer PIR- og mikrob\u00f8lgeteknologi for \u00e5 minimere falske alarmer og sikre p\u00e5litelig bevegelsesdeteksjon.<\/p>\n<p>Perfekt for b\u00e5de kommersielle og v\u00e6rbestandige boliginstallasjoner, og tilbyr robust sikkerhet med en rekke avanserte funksjoner.<\/p>\n<h4>Fordeler med TOWER-32AM PG2:<\/h4>\n<ul>\n<li><strong>Dobbel teknologi<\/strong>: Kombinerer PIR og K-b\u00e5nd mikrob\u00f8lgeteknologi for n\u00f8yaktig deteksjon.<\/li>\n<li><strong>Avansert antimaskering<\/strong>: Beskytter mot fors\u00f8k p\u00e5 \u00e5 maskere sensorene, inkludert spray eller tildekking.<\/li>\n<li><strong>Lang rekkevidde<\/strong>: Dekning opptil 15 m med 90\u00b0 deteksjonsvinkel og krypesone.<\/li>\n<\/ul>\n<h3>Enkel installasjon og vedlikehold<\/h3>\n<p>Med PowerG-teknologi tilbyr TOWER-32AM PG2 en sikker og stabil tr\u00e5dl\u00f8s tilkobling.<\/p>\n<p>Installasjonen er jevn med LED-indikator for RF-linkkvalitet, og ekstern konfigurasjon sparer tid for b\u00e5de installat\u00f8rer og brukere.<\/p>\n<h4>Perfekt for:<\/h4>\n<ul>\n<li>V\u00e6rbeskyttede milj\u00f8er som vinterhager eller kalde garasjer.<\/li>\n<li>Krevende kommersielle applikasjoner.<\/li>\n<li>Installasjoner der kj\u00e6ledyrvennlig teknologi er n\u00f8dvendig (immun mot kj\u00e6ledyr opptil 40 kg).<\/li>\n<\/ul>\n<p>Med TOWER-32AM PG2 Combi Detector f\u00e5r du en p\u00e5litelig og kostnadseffektiv l\u00f8sning for \u00e5 beskytte dine lokaler mot innbrudd.<\/p>","protected":false},"excerpt":{"rendered":"<p>TOWER-32AM PG2 kombinerer PIR- og mikrob\u00f8lgeteknologi for presis bevegelsesdeteksjon.<\/p>\n<p>Perfekt for v\u00e6rbeskyttede milj\u00f8er og PowerMaster-systemer.<\/p>","protected":false},"featured_media":142143,"template":"","meta":{"_acf_changed":false},"product_brand":[],"product_cat":[3376,3382],"product_tag":[2472,2332],"class_list":{"0":"post-68347","1":"product","2":"type-product","3":"status-publish","4":"has-post-thumbnail","6":"product_cat-visonic-larmenheter","7":"product_cat-rorelse-och-kamera-visonic-larmenheter","8":"product_tag-sbsc-larmklassr","9":"product_tag-visonic-rorelsedetektor","10":"product_shipping_class-tunga-paket","11":"pa_brands-5visonic","12":"tm-no-options","14":"first","15":"onbackorder","16":"sale","17":"taxable","18":"shipping-taxable","19":"purchasable","20":"product-type-simple"},"acf":[],"_links":{"self":[{"href":"https:\/\/secureus.se\/no\/wp-json\/wp\/v2\/product\/68347","targetHints":{"allow":["GET"]}}],"collection":[{"href":"https:\/\/secureus.se\/no\/wp-json\/wp\/v2\/product"}],"about":[{"href":"https:\/\/secureus.se\/no\/wp-json\/wp\/v2\/types\/product"}],"wp:featuredmedia":[{"embeddable":true,"href":"https:\/\/secureus.se\/no\/wp-json\/wp\/v2\/media\/142143"}],"wp:attachment":[{"href":"https:\/\/secureus.se\/no\/wp-json\/wp\/v2\/media?parent=68347"}],"wp:term":[{"taxonomy":"product_brand","embeddable":true,"href":"https:\/\/secureus.se\/no\/wp-json\/wp\/v2\/product_brand?post=68347"},{"taxonomy":"product_cat","embeddable":true,"href":"https:\/\/secureus.se\/no\/wp-json\/wp\/v2\/product_cat?post=68347"},{"taxonomy":"product_tag","embeddable":true,"href":"https:\/\/secureus.se\/no\/wp-json\/wp\/v2\/product_tag?post=68347"}],"curies":[{"name":"wp","href":"https:\/\/api.w.org\/{rel}","templated":true}]}}