{"id":68381,"date":"2022-11-21T17:09:42","date_gmt":"2022-11-21T16:09:42","guid":{"rendered":"https:\/\/secureus.se\/produkt\/visonic-clip-pg2-powerg-ultra-small-wireless-curtain-detector\/"},"modified":"2026-03-26T14:27:00","modified_gmt":"2026-03-26T13:27:00","slug":"detektor-clip-pg2-ultraliten-pir-visonic","status":"publish","type":"product","link":"https:\/\/secureus.se\/no\/detektor-clip-pg2-ultraliten-pir-visonic\/","title":{"rendered":"Detektor CLIP PG2 \u2013 Ultra liten \u2013 Modell PIR \u2013 Visonic"},"content":{"rendered":"<h1>Detektor CLIP PG2 \u2013 Kompakt og elegant sikkerhet<\/h1>\n<p>CLIP PG2 er verdens minste tr\u00e5dl\u00f8se PIR-gardindetektor, designet for \u00e5 tilby maksimal sikkerhet med minimal visuell p\u00e5virkning.<\/p>\n<p>Perfekt for innemilj\u00f8er hvor b\u00e5de estetikk og ytelse er viktig.<\/p>\n<h4>Funksjoner og fordeler:<\/h4>\n<ul>\n<li><strong>Ultraliten design<\/strong>: Kompakt og diskret for \u00e5 passe inn i ethvert milj\u00f8.<\/li>\n<li><strong>H\u00f8y ytelse<\/strong>: True Motion Recognition\u2122 for \u00e5 eliminere falske alarmer.<\/li>\n<li><strong>Fleksibel dekning<\/strong>: Justerbar rekkevidde mellom 2, 4 og 6 meter.<\/li>\n<\/ul>\n<h3>Ideell for hjem og kontor<\/h3>\n<p>Med CLIP PG2 f\u00e5r du en detektor som er b\u00e5de p\u00e5litelig og enkel \u00e5 installere.<\/p>\n<p>Den er ideell for \u00e5 beskytte rom, korridorer og andre innend\u00f8rsrom.<\/p>\n<h4>Fordeler:<\/h4>\n<ul>\n<li>Opptil 7 \u00e5rs batterilevetid for minimalt vedlikehold.<\/li>\n<li>Maksimal dekning p\u00e5 9 x 13,5 m med 100\u00b0 vinkel.<\/li>\n<li>Enkel vegg- og hj\u00f8rnemontering.<\/li>\n<\/ul>\n<p>Invester i CLIP PG2 for \u00e5 kombinere sikkerhet, ytelse og estetikk i \u00e9n l\u00f8sning.<\/p>","protected":false},"excerpt":{"rendered":"<p>CLIP PG2-detektoren er en ultraliten, elegant og tr\u00e5dl\u00f8s PIR-gardindetektor.<\/p>\n<p>Med h\u00f8y ytelse og minimalt med falske alarmer er den ideell for hjemme- og kontorbruk.<\/p>","protected":false},"featured_media":141128,"template":"","meta":{"_acf_changed":false},"product_brand":[],"product_cat":[3376,3382],"product_tag":[2472,2332],"class_list":{"0":"post-68381","1":"product","2":"type-product","3":"status-publish","4":"has-post-thumbnail","6":"product_cat-visonic-larmenheter","7":"product_cat-rorelse-och-kamera-visonic-larmenheter","8":"product_tag-sbsc-larmklassr","9":"product_tag-visonic-rorelsedetektor","10":"product_shipping_class-tunga-paket","11":"pa_brands-5visonic","12":"tm-no-options","14":"first","15":"outofstock","16":"sale","17":"taxable","18":"shipping-taxable","19":"purchasable","20":"product-type-simple"},"acf":[],"_links":{"self":[{"href":"https:\/\/secureus.se\/no\/wp-json\/wp\/v2\/product\/68381","targetHints":{"allow":["GET"]}}],"collection":[{"href":"https:\/\/secureus.se\/no\/wp-json\/wp\/v2\/product"}],"about":[{"href":"https:\/\/secureus.se\/no\/wp-json\/wp\/v2\/types\/product"}],"wp:featuredmedia":[{"embeddable":true,"href":"https:\/\/secureus.se\/no\/wp-json\/wp\/v2\/media\/141128"}],"wp:attachment":[{"href":"https:\/\/secureus.se\/no\/wp-json\/wp\/v2\/media?parent=68381"}],"wp:term":[{"taxonomy":"product_brand","embeddable":true,"href":"https:\/\/secureus.se\/no\/wp-json\/wp\/v2\/product_brand?post=68381"},{"taxonomy":"product_cat","embeddable":true,"href":"https:\/\/secureus.se\/no\/wp-json\/wp\/v2\/product_cat?post=68381"},{"taxonomy":"product_tag","embeddable":true,"href":"https:\/\/secureus.se\/no\/wp-json\/wp\/v2\/product_tag?post=68381"}],"curies":[{"name":"wp","href":"https:\/\/api.w.org\/{rel}","templated":true}]}}