{"id":68389,"date":"2022-11-21T17:09:10","date_gmt":"2022-11-21T16:09:10","guid":{"rendered":"https:\/\/secureus.se\/produkt\/visonic-next-cam-pg2-powerg-two-way-wireless-pir-motion-detector-with-integrated-camera\/"},"modified":"2026-01-30T12:25:42","modified_gmt":"2026-01-30T11:25:42","slug":"detektor-next-cam-pg2-pir-kamera-visonic","status":"publish","type":"product","link":"https:\/\/secureus.se\/no\/detektor-next-cam-pg2-pir-kamera-visonic\/","title":{"rendered":"Slutt p\u00e5 linjen \u2013 Visonic Next CAM PG2 \u2013 Toveis PIR-bevegelsesdetektor med integrert kamera"},"content":{"rendered":"<h1>Detector NEXT CAM PG2 \u2013 Din sikkerhetsl\u00f8sning for visuell verifisering<\/h1>\n<p>NEXT CAM PG2 er en banebrytende tr\u00e5dl\u00f8s PIR-detektor med integrert kamera som tilbyr visuell alarmverifisering dag og natt.<\/p>\n<p>Perfekt for korridorer, trapper og andre rom hvor det kreves ekstra overv\u00e5king.<\/p>\n<h4>Funksjoner og fordeler:<\/h4>\n<ul>\n<li><strong>Visuell verifisering i sanntid<\/strong>: Kameraet aktiveres av bevegelse og sender bilder til overv\u00e5kingsstasjonen.<\/li>\n<li><strong>Dyreimmunitet<\/strong>: Ignorerer dyr opptil 38 kg for \u00e5 minimere falske alarmer.<\/li>\n<li><strong>PowerG-teknologi<\/strong>: Sikker og robust toveiskommunikasjon.<\/li>\n<\/ul>\n<h3>Enkel installasjon og bruk<\/h3>\n<p>Med sin kompakte design og avanserte funksjoner er NEXT CAM PG2 enkel \u00e5 installere og bruke.<\/p>\n<p>Det gir h\u00f8y sikkerhet og sikkerhet for b\u00e5de boliger og n\u00e6ringslokaler.<\/p>\n<h4>Fordeler:<\/h4>\n<ul>\n<li>Kamerarekkevidde: 12 m med IR-belysning for nattsyn.<\/li>\n<li>Opptil 5 \u00e5rs batterilevetid for minimalt vedlikehold.<\/li>\n<li>Kompatibel med PowerMaster-systemer.<\/li>\n<\/ul>\n<p>NEXT CAM PG2 gir deg en sikkerhetsl\u00f8sning som kombinerer bevegelsesdeteksjon og visuell verifisering p\u00e5 en enkel og effektiv m\u00e5te.<\/p>","protected":false},"excerpt":{"rendered":"<p>NEXT CAM PG2-detektoren er en tr\u00e5dl\u00f8s PIR-detektor med innebygd kamera for visuell alarmverifisering, perfekt for sikkerhet hjemme eller p\u00e5 bedriften.<\/p>","protected":false},"featured_media":141249,"template":"","meta":{"_acf_changed":false},"product_brand":[],"product_cat":[3376,3382],"product_tag":[2472,2326,2332],"class_list":{"0":"post-68389","1":"product","2":"type-product","3":"status-publish","4":"has-post-thumbnail","6":"product_cat-visonic-larmenheter","7":"product_cat-rorelse-och-kamera-visonic-larmenheter","8":"product_tag-sbsc-larmklassr","9":"product_tag-visonic-kamera","10":"product_tag-visonic-rorelsedetektor","11":"product_shipping_class-tunga-paket","12":"pa_brands-5visonic","13":"tm-no-options","15":"first","16":"outofstock","17":"sale","18":"featured","19":"taxable","20":"shipping-taxable","21":"purchasable","22":"product-type-simple"},"acf":[],"_links":{"self":[{"href":"https:\/\/secureus.se\/no\/wp-json\/wp\/v2\/product\/68389","targetHints":{"allow":["GET"]}}],"collection":[{"href":"https:\/\/secureus.se\/no\/wp-json\/wp\/v2\/product"}],"about":[{"href":"https:\/\/secureus.se\/no\/wp-json\/wp\/v2\/types\/product"}],"wp:featuredmedia":[{"embeddable":true,"href":"https:\/\/secureus.se\/no\/wp-json\/wp\/v2\/media\/141249"}],"wp:attachment":[{"href":"https:\/\/secureus.se\/no\/wp-json\/wp\/v2\/media?parent=68389"}],"wp:term":[{"taxonomy":"product_brand","embeddable":true,"href":"https:\/\/secureus.se\/no\/wp-json\/wp\/v2\/product_brand?post=68389"},{"taxonomy":"product_cat","embeddable":true,"href":"https:\/\/secureus.se\/no\/wp-json\/wp\/v2\/product_cat?post=68389"},{"taxonomy":"product_tag","embeddable":true,"href":"https:\/\/secureus.se\/no\/wp-json\/wp\/v2\/product_tag?post=68389"}],"curies":[{"name":"wp","href":"https:\/\/api.w.org\/{rel}","templated":true}]}}