{"id":69219,"date":"2022-11-21T12:05:34","date_gmt":"2022-11-21T11:05:34","guid":{"rendered":"https:\/\/secureus.se\/produkt\/nataggregat-trafo-agg-12v-2a\/"},"modified":"2026-04-08T16:45:56","modified_gmt":"2026-04-08T14:45:56","slug":"nataggregat-trafo-agg-12v-2a","status":"publish","type":"product","link":"https:\/\/secureus.se\/no\/nataggregat-trafo-agg-12v-2a\/","title":{"rendered":"Str\u00f8mforsyning Transformator B2 12V 2A Milleteknik AGG 1220-B2"},"content":{"rendered":"<p>Str\u00f8mforsyning B2 er en l\u00e5sbar, innkapslet 12 VDC\/2A Switched stabilisert str\u00f8mforsyning. Stabilisert regulert spenning. Justerbar utgangsspenning +-10%. 1 termisk beskyttet utgang. L\u00e5sbar med hengslet d\u00f8r. 2 kabelinnganger. Strekkavlastning.<br \/>\nSpenning 12 V Kontinuerlig str\u00f8m: 2,1A<br \/>\nToppstr\u00f8m: 2,5A<br \/>\nEffekt: 25W<br \/>\nRipple: 120 mV pp<br \/>\nUtgangsspenning justerbar: +\/-10%<br \/>\nVirkningsgrad: 86 %<br \/>\nArbeidstemperatur: -20 \u2013 +50 \u00b0C<br \/>\nIP-klasse: 20<br \/>\nM\u00e5l (HxBxD): 130x70x60 mm<br \/>\nVekt: 0,4 kg<br \/>\nAntall kabelinnf\u00f8ringer: 2 stk<br \/>\nFarge: Hvit<br \/>\nOpprinnelsesland: Sverige<\/p>","protected":false},"excerpt":{"rendered":"<p>Stabilisert utgangsspenning +-10%. L\u00e5sbar med 2 kabelinnf\u00f8ringer.<\/p>","protected":false},"featured_media":141661,"template":"","meta":{"_acf_changed":false},"product_brand":[],"product_cat":[1498],"product_tag":[2419],"class_list":{"0":"post-69219","1":"product","2":"type-product","3":"status-publish","4":"has-post-thumbnail","6":"product_cat-transformatorer","7":"product_tag-rel-batteri","8":"product_shipping_class-tunga-paket","9":"pa_brands-milleteknik","10":"tm-no-options","12":"first","13":"instock","14":"sale","15":"featured","16":"taxable","17":"shipping-taxable","18":"purchasable","19":"product-type-simple"},"acf":[],"_links":{"self":[{"href":"https:\/\/secureus.se\/no\/wp-json\/wp\/v2\/product\/69219","targetHints":{"allow":["GET"]}}],"collection":[{"href":"https:\/\/secureus.se\/no\/wp-json\/wp\/v2\/product"}],"about":[{"href":"https:\/\/secureus.se\/no\/wp-json\/wp\/v2\/types\/product"}],"wp:featuredmedia":[{"embeddable":true,"href":"https:\/\/secureus.se\/no\/wp-json\/wp\/v2\/media\/141661"}],"wp:attachment":[{"href":"https:\/\/secureus.se\/no\/wp-json\/wp\/v2\/media?parent=69219"}],"wp:term":[{"taxonomy":"product_brand","embeddable":true,"href":"https:\/\/secureus.se\/no\/wp-json\/wp\/v2\/product_brand?post=69219"},{"taxonomy":"product_cat","embeddable":true,"href":"https:\/\/secureus.se\/no\/wp-json\/wp\/v2\/product_cat?post=69219"},{"taxonomy":"product_tag","embeddable":true,"href":"https:\/\/secureus.se\/no\/wp-json\/wp\/v2\/product_tag?post=69219"}],"curies":[{"name":"wp","href":"https:\/\/api.w.org\/{rel}","templated":true}]}}