{"id":69247,"date":"2022-11-22T12:37:42","date_gmt":"2022-11-22T11:37:42","guid":{"rendered":"https:\/\/secureus.se\/produkt\/impulsfjader-elko-s16\/"},"modified":"2026-04-07T13:06:56","modified_gmt":"2026-04-07T11:06:56","slug":"impulsfjader-elko-s16","status":"publish","type":"product","link":"https:\/\/secureus.se\/no\/impulsfjader-elko-s16\/","title":{"rendered":"Impulsfj\u00e6r ELKO S16"},"content":{"rendered":"<p>Impulsfj\u00e6r for montering under vippen n\u00e5r impulsfunksjon (trykknapp) \u00f8nskes.<\/p>","protected":false},"excerpt":{"rendered":"<p>Impulsfj\u00e6r for montering under vippen n\u00e5r impulsfunksjon (trykknapp) \u00f8nskes.<\/p>","protected":false},"featured_media":141151,"template":"","meta":{"_acf_changed":false},"product_brand":[],"product_cat":[4827],"product_tag":[3130],"class_list":{"0":"post-69247","1":"product","2":"type-product","3":"status-publish","4":"has-post-thumbnail","6":"product_cat-elko","7":"product_tag-tillbehor-oppna-brandknappar","8":"product_shipping_class-postnord-varubrev","9":"tm-no-options","11":"first","12":"instock","13":"sale","14":"featured","15":"taxable","16":"shipping-taxable","17":"purchasable","18":"product-type-simple"},"acf":[],"_links":{"self":[{"href":"https:\/\/secureus.se\/no\/wp-json\/wp\/v2\/product\/69247","targetHints":{"allow":["GET"]}}],"collection":[{"href":"https:\/\/secureus.se\/no\/wp-json\/wp\/v2\/product"}],"about":[{"href":"https:\/\/secureus.se\/no\/wp-json\/wp\/v2\/types\/product"}],"wp:featuredmedia":[{"embeddable":true,"href":"https:\/\/secureus.se\/no\/wp-json\/wp\/v2\/media\/141151"}],"wp:attachment":[{"href":"https:\/\/secureus.se\/no\/wp-json\/wp\/v2\/media?parent=69247"}],"wp:term":[{"taxonomy":"product_brand","embeddable":true,"href":"https:\/\/secureus.se\/no\/wp-json\/wp\/v2\/product_brand?post=69247"},{"taxonomy":"product_cat","embeddable":true,"href":"https:\/\/secureus.se\/no\/wp-json\/wp\/v2\/product_cat?post=69247"},{"taxonomy":"product_tag","embeddable":true,"href":"https:\/\/secureus.se\/no\/wp-json\/wp\/v2\/product_tag?post=69247"}],"curies":[{"name":"wp","href":"https:\/\/api.w.org\/{rel}","templated":true}]}}