{"id":69351,"date":"2022-11-28T13:13:28","date_gmt":"2022-11-28T12:13:28","guid":{"rendered":"https:\/\/secureus.se\/produkt\/ridadetektor-inomhus-tradlos-svart\/"},"modified":"2026-03-09T17:42:22","modified_gmt":"2026-03-09T16:42:22","slug":"ajax-motionprotect-curtain-svart","status":"publish","type":"product","link":"https:\/\/secureus.se\/no\/ajax-motionprotect-curtain-svart\/","title":{"rendered":"Ajax MotionProtect gardin - innend\u00f8rs ridedetektor - svart"},"content":{"rendered":"<h3><strong>Ajax MotionProtect-gardin \u2013 den nye standarden for innend\u00f8rsbeskyttelse<\/strong><\/h3>\n<p>Ajax MotionProtect Curtain er en avansert tr\u00e5dl\u00f8s bevegelsesdetektor spesielt utviklet for \u00e5 gi p\u00e5litelig sikkerhet i innend\u00f8rsmilj\u00f8er.<\/p>\n<p>Det er en perfekt l\u00f8sning for \u00e5 beskytte vinduer, d\u00f8rer og andre trange omr\u00e5der, hvor tradisjonelle detektorer ikke alltid gir \u00f8nsket dekning.<\/p>\n<p>Med avanserte funksjoner som to optiske systemer og ELSA-teknologi, tilbyr den presis deteksjonspresisjon, og den gj\u00f8r dette uten \u00e5 forstyrre bevegelsesfriheten til personer som allerede er i omr\u00e5det.<\/p>\n<p><strong>Dobbelt deteksjonssystem \u2013 for h\u00f8y n\u00f8yaktighet og lav risiko for falske alarmer<\/strong><\/p>\n<p>Den unike designen til Ajax MotionProtect Curtain inkluderer et dobbel deteksjonssystem med to uavhengige optiske systemer.<\/p>\n<p>Disse systemene har smale synsfelt og kan dekke opptil 30 meter i lengde. Dette minimerer risikoen for falske alarmer for\u00e5rsaket av naturlige forstyrrelser som bevegelse fra kj\u00e6ledyr eller gjenstander i rommet.<\/p>\n<p>De smale synsfeltene gj\u00f8r det ogs\u00e5 mulig \u00e5 skape en effektiv barriere uten \u00e5 blokkere bevegelsesflyten i rommet.<\/p>\n<p><strong>ELSA-teknologi \u2013 For h\u00f8y deteksjonspresisjon<\/strong><\/p>\n<p>MotionProtect-gardinen er utstyrt med ELSA-teknologi (Extended Live Signal Analysis), som gj\u00f8r det mulig \u00e5 filtrere bort u\u00f8nskede bevegelser som dyr eller naturlige forstyrrelser.<\/p>\n<p>Dette garanterer en h\u00f8y deteksjonspresisjon, som betyr at du kun mottar varsler ved reelle trusler. ELSA-teknologien analyserer og tilpasser seg kontinuerlig til omgivelsene, noe som betyr at systemet forblir n\u00f8yaktig selv i dynamiske innemilj\u00f8er.<\/p>\n<p><strong>To-i-ett-deteksjon og n\u00e6rhetsdeteksjon<\/strong><\/p>\n<p>Denne detektoren kombinerer to sensorer i en enkelt enhet, som lar den reagere raskt og p\u00e5litelig p\u00e5 menneskelig bevegelse.<\/p>\n<p>MotionProtect Curtain bruker ogs\u00e5 Proximity Detection, som lar enheten adressere blindsoner og beskytte spesifikke omr\u00e5der, for eksempel vinduer, uten \u00e5 p\u00e5virke andre omr\u00e5der.<\/p>\n<p>Dette er spesielt nyttig i milj\u00f8er der plassen er begrenset, og detektoren m\u00e5 fokusere p\u00e5 spesifikke inntrengningspunkter.<\/p>\n<p><strong>Inngrepsbeskyttelse og h\u00f8y sikkerhet<\/strong><\/p>\n<p>For \u00e5 sikre at sikkerheten din ikke blir kompromittert av tukling, er MotionProtect-gardinen designet med et avansert maskering- og sabotasjedeteksjonssystem.<\/p>\n<p>Hvis noen pr\u00f8ver \u00e5 tukle med sensoren, aktiveres en umiddelbar alarmfunksjon som lar deg reagere raskt ved uautoriserte inngrep. Denne beskyttelsen sikrer at systemet forblir trygt og p\u00e5litelig gjennom hele levetiden.<\/p>\n<p><strong>Lang batterilevetid og enkel installasjon<\/strong><\/p>\n<p>Ajax MotionProtect-gardinen er designet for \u00e5 gi langsiktig autonomi med en imponerende batterilevetid p\u00e5 opptil 4 \u00e5r.<\/p>\n<p>Dette reduserer behovet for hyppige batteriskift og gir langsiktig beskyttelse uten ekstra vedlikehold. Installasjonen er enkel, og ved \u00e5 skanne QR-koden med Ajax-appen kan du raskt legge detektoren til systemet. Alle innstillinger kan gj\u00f8res i sanntid via appen, noe som gj\u00f8r det mulig \u00e5 tilpasse detektoren til dine spesifikke behov uten problemer.<\/p>\n<p><strong>Kompatibilitet og fleksibilitet<\/strong><\/p>\n<p>MotionProtect Curtain fungerer s\u00f8ml\u00f8st med alle Ajax-huber, inkludert Hub Plus, Hub 2 og Hub 2 Plus, samt med ReX-signalrepeatere.<\/p>\n<p>Dette gj\u00f8r at detektoren kan brukes i b\u00e5de sm\u00e5 og store installasjoner og gir fleksibilitet n\u00e5r det gjelder \u00e5 dekke st\u00f8rre omr\u00e5der eller mer komplekse egenskaper.<\/p>\n<p><strong>Tekniske spesifikasjoner:<\/strong><\/p>\n<ul>\n<li><strong>Type detektor:<\/strong> Tr\u00e5dl\u00f8s gardindetektor for innend\u00f8rs bruk<\/li>\n<li><strong>Deteksjonssystem:<\/strong> Dobbelt optisk system med to sensorer<\/li>\n<li><strong>Bevegelsesdeteksjonsavstand:<\/strong> Opp til 30 meter<\/li>\n<li><strong>F\u00f8lsomhet:<\/strong> Justerbar for \u00e5 optimalisere deteksjon<\/li>\n<li><strong>Sabotasjebeskyttelse:<\/strong> Deteksjon av maskering og manipulering<\/li>\n<li><strong>Str\u00f8mforsyning:<\/strong> 2 \u00d7 CR123A-batterier (forh\u00e5ndsinstallert)<\/li>\n<li><strong>Batteritid:<\/strong> Inntil 4 \u00e5r<\/li>\n<li><strong>Kommunikasjonsprotokoll:<\/strong> Gullsmed<\/li>\n<li><strong>Beskyttelses klasse:<\/strong> IP40<\/li>\n<li><strong>Driftstemperatur:<\/strong> -10\u00b0C til +40\u00b0C<\/li>\n<li><strong>Luftfuktighet:<\/strong> Opptil 95%<\/li>\n<li><strong>Dimensjoner:<\/strong> 183 \u00d7 70 \u00d7 65 mm<\/li>\n<li><strong>Vekt:<\/strong> 322 g<\/li>\n<li><strong>Monteringsh\u00f8yde:<\/strong> Anbefalt 0,8\u20131,3 m<\/li>\n<\/ul>\n<p><strong>Innhold i pakken:<\/strong><\/p>\n<ul>\n<li>Ajax MotionProtect-gardin<\/li>\n<li>SmartBracket monteringspanel<\/li>\n<li>2 \u00d7 CR123A-batterier (forh\u00e5ndsinstallert)<\/li>\n<li>Installasjonssett<\/li>\n<li>Brukermanual<\/li>\n<\/ul>\n<p><strong>Konklusjon:<\/strong><\/p>\n<p>Ajax MotionProtect-gardinen er en perfekt l\u00f8sning for \u00e5 skape effektiv og p\u00e5litelig innend\u00f8rsbeskyttelse uten \u00e5 hindre bevegelsesfriheten til personer i rommet.<\/p>\n<p>Med avanserte funksjoner som dobbeltdeteksjonssystem, ELSA-teknologi og sabotasjedeteksjon, tilbyr denne detektoren h\u00f8y sikkerhet og lang batterilevetid.<\/p>\n<p>Den er enkel \u00e5 installere og konfigurere, noe som gj\u00f8r den til et utmerket valg for b\u00e5de hjem og bedrift.<\/p>","protected":false},"excerpt":{"rendered":"<p>Ajax MotionProtect Curtain er en tr\u00e5dl\u00f8s gardindetektor for innend\u00f8rs bruk, designet for \u00e5 beskytte hjemmet eller bedriften din mot inntrenging.<\/p>\n<p>Med to uavhengige optiske systemer, ELSA-teknologi og en batterilevetid p\u00e5 opptil 4 \u00e5r, gir den p\u00e5litelig og presis beskyttelse uten \u00e5 forstyrre bevegelsesfriheten til mennesker i omr\u00e5det.<\/p>","protected":false},"featured_media":155628,"template":"","meta":{"_acf_changed":false},"product_brand":[],"product_cat":[3156,1319],"product_tag":[3127,4863],"class_list":{"0":"post-69351","1":"product","2":"type-product","3":"status-publish","4":"has-post-thumbnail","6":"product_cat-rorelse-och-kamera","7":"product_cat-ajax-larm","8":"product_tag-kontrollprodukt","9":"product_tag-pf","10":"product_shipping_class-postnord-varubrev","11":"pa_ajax-tradlosa-larm-detektorer","12":"pa_brands-ajax-systems","13":"pa_color-svart","14":"pa_farg-svart","15":"tm-no-options","17":"first","18":"onbackorder","19":"sale","20":"featured","21":"taxable","22":"shipping-taxable","23":"purchasable","24":"product-type-simple"},"acf":[],"_links":{"self":[{"href":"https:\/\/secureus.se\/no\/wp-json\/wp\/v2\/product\/69351","targetHints":{"allow":["GET"]}}],"collection":[{"href":"https:\/\/secureus.se\/no\/wp-json\/wp\/v2\/product"}],"about":[{"href":"https:\/\/secureus.se\/no\/wp-json\/wp\/v2\/types\/product"}],"wp:featuredmedia":[{"embeddable":true,"href":"https:\/\/secureus.se\/no\/wp-json\/wp\/v2\/media\/155628"}],"wp:attachment":[{"href":"https:\/\/secureus.se\/no\/wp-json\/wp\/v2\/media?parent=69351"}],"wp:term":[{"taxonomy":"product_brand","embeddable":true,"href":"https:\/\/secureus.se\/no\/wp-json\/wp\/v2\/product_brand?post=69351"},{"taxonomy":"product_cat","embeddable":true,"href":"https:\/\/secureus.se\/no\/wp-json\/wp\/v2\/product_cat?post=69351"},{"taxonomy":"product_tag","embeddable":true,"href":"https:\/\/secureus.se\/no\/wp-json\/wp\/v2\/product_tag?post=69351"}],"curies":[{"name":"wp","href":"https:\/\/api.w.org\/{rel}","templated":true}]}}