{"id":69407,"date":"2022-11-28T13:13:05","date_gmt":"2022-11-28T12:13:05","guid":{"rendered":"https:\/\/secureus.se\/produkt\/kombidetektor-husdjur-12m-tradlos-vit\/"},"modified":"2026-04-02T10:43:41","modified_gmt":"2026-04-02T08:43:41","slug":"ajax-motionprotect-plus-husdjur-vit","status":"publish","type":"product","link":"https:\/\/secureus.se\/no\/ajax-motionprotect-plus-husdjur-vit\/","title":{"rendered":"Ajax MotionProtect Plus kombinasjonsdetektor \u2013 IR+mikrob\u00f8lgeovn \u2013 hvit \u2013 for t\u00f8ffere milj\u00f8er"},"content":{"rendered":"<h3><strong>Ajax MotionProtect Plus \u2013 Den perfekte bevegelsesdetektoren for hjem og kontor<\/strong><\/h3>\n<p>Ajax MotionProtect Plus er en innovativ og p\u00e5litelig tr\u00e5dl\u00f8s bevegelsesdetektor som tilbyr overlegen sikkerhet for ditt hjem eller bedrift.<\/p>\n<p>Utstyrt med b\u00e5de en PIR-sensor (passiv infrar\u00f8d sensor) og en mikrob\u00f8lgesensor, kan MotionProtect Plus raskt og effektivt oppdage bevegelse, selv i utfordrende milj\u00f8er med forstyrrelser som klimaanlegg, \u00e5pen ild eller flimrende lys.<\/p>\n<p>Den avanserte teknologien gj\u00f8r den til det perfekte valget for \u00e5 sikre p\u00e5litelig og n\u00f8yaktig deteksjon uten \u00e5 for\u00e5rsake falske alarmer.<\/p>\n<p><strong>Avansert teknologi for overlegen deteksjon<\/strong><\/p>\n<p>MotionProtect Plus kombinerer to deteksjonssystemer \u2013 PIR-sensorer og mikrob\u00f8lgesensorer \u2013 som muliggj\u00f8r sv\u00e6rt h\u00f8y n\u00f8yaktighet n\u00e5r det gjelder \u00e5 detektere menneskelig bevegelse.<\/p>\n<p>PIR-sensoren reagerer p\u00e5 temperaturforskjeller, mens mikrob\u00f8lgesensoren filtrerer bort forstyrrelser for\u00e5rsaket av klimaanlegg, gardiner, gjenskinn eller reflekser.<\/p>\n<p>Denne kombinasjonen gj\u00f8r at enheten kan skille mellom reelle trusler og potensielle forstyrrelser, og reduserer dermed risikoen for falske alarmer.<\/p>\n<p><strong>Kj\u00e6ledyrsikker deteksjon<\/strong><\/p>\n<p>En av de mest bemerkelsesverdige egenskapene til MotionProtect Plus er kj\u00e6ledyrimmuniteten.<\/p>\n<p>Den er designet for \u00e5 ignorere bevegelser fra kj\u00e6ledyr som veier opptil 20 kg og opptil 50 cm h\u00f8ye, noe som gj\u00f8r den ideell for husholdninger med dyr.<\/p>\n<p>Dette reduserer risikoen for falske alarmer for\u00e5rsaket av kj\u00e6ledyr, og gj\u00f8r det mulig \u00e5 bruke detektoren i hjem med b\u00e5de sm\u00e5 og store kj\u00e6ledyr.<\/p>\n<p><strong>P\u00e5litelig og langvarig ytelse<\/strong><\/p>\n<p>MotionProtect Plus har en lang batterilevetid p\u00e5 opptil 5 \u00e5r, noe som betyr at du kan stille den inn og glemme den uten \u00e5 m\u00e5tte bytte batterier ofte.<\/p>\n<p>Detektoren er ogs\u00e5 utstyrt med avansert energistyring, som gj\u00f8r den b\u00e5de holdbar og p\u00e5litelig over lang tid.<\/p>\n<p>Den er kompatibel med alle Ajax-huber og fungerer s\u00f8ml\u00f8st med resten av sikkerhetssystemet for \u00e5 gi omfattende beskyttelse.<\/p>\n<p><strong>Sikker kommunikasjon og sabotasjebeskyttelse<\/strong><\/p>\n<p>For \u00e5 sikre at sikkerheten din ikke blir kompromittert av forstyrrelser, bruker MotionProtect Plus Ajax sin Jeweller-radioteknologi.<\/p>\n<p>Dette gj\u00f8r at den kan kommunisere effektivt med Ajax-huben og andre enheter, selv p\u00e5 avstand.<\/p>\n<p>Den er ogs\u00e5 utstyrt med et sabotasje- og sabotasjedeteksjonssystem som umiddelbart varsler dersom noen pr\u00f8ver \u00e5 tukle med enheten.<\/p>\n<p>All kommunikasjon er kryptert ved hjelp av AES-algoritmen, som betyr at systemet er beskyttet mot uautorisert tilgang og avlytting.<\/p>\n<p><strong>Installasjon og konfigurasjon<\/strong><\/p>\n<p>Ajax MotionProtect Plus er enkel \u00e5 installere og konfigurere. Den kommer med et forh\u00e5ndsinstallert CR123A-batteri og kan raskt kobles til systemet via Ajax-applikasjonen ved \u00e5 skanne QR-koden.<\/p>\n<p>Ved \u00e5 bruke SmartBracket-monteringspanelet kan enheten festes til en vertikal overflate eller i et hj\u00f8rne, noe som gj\u00f8r installasjonen rask og fleksibel.<\/p>\n<p>For \u00e5 sikre best mulig ytelse kan du ogs\u00e5 utf\u00f8re signalstyrketester og justere detektorens deteksjonssone.<\/p>\n<p><strong>Tekniske spesifikasjoner:<\/strong><\/p>\n<ul>\n<li><strong>Type detektor:<\/strong> Tr\u00e5dl\u00f8s kombidetektor med PIR og mikrob\u00f8lgesensor<\/li>\n<li><strong>Bevegelsesdeteksjonsavstand:<\/strong> Opp til 12 meter<\/li>\n<li><strong>Deteksjonsvinkler:<\/strong> Horisontal \u2013 88,5\u00b0, vertikal \u2013 80\u00b0<\/li>\n<li><strong>Alarm leveringstid:<\/strong> 0,15 sekunder<\/li>\n<li><strong>F\u00f8lsomhet:<\/strong> Justerbar, 3 niv\u00e5er<\/li>\n<li><strong>Kj\u00e6ledyrsikkerhet:<\/strong> Opptil 20 kg, h\u00f8yde opptil 50 cm<\/li>\n<li><strong>Str\u00f8mforsyning:<\/strong> CR123A batteri (forh\u00e5ndsinstallert)<\/li>\n<li><strong>Batteritid:<\/strong> Inntil 5 \u00e5r<\/li>\n<li><strong>Kommunikasjonsprotokoll:<\/strong> Gullsmed<\/li>\n<li><strong>Driftstemperatur:<\/strong> -10\u00b0C til +40\u00b0C<\/li>\n<li><strong>Luftfuktighet:<\/strong> Opptil 75%<\/li>\n<li><strong>Dimensjoner:<\/strong> 110 \u00d7 65 \u00d7 50 mm<\/li>\n<li><strong>Vekt:<\/strong> 96 g<\/li>\n<\/ul>\n<p><strong>Innhold i pakken:<\/strong><\/p>\n<ul>\n<li>MotionProtect Plus bevegelsesdetektor<\/li>\n<li>SmartBracket monteringspanel<\/li>\n<li>CR123A batteri (forh\u00e5ndsinstallert)<\/li>\n<li>Installasjonssett<\/li>\n<li>Brukermanual<\/li>\n<\/ul>\n<p><strong>Konklusjon:<\/strong><\/p>\n<p>Ajax MotionProtect Plus er en p\u00e5litelig og fleksibel l\u00f8sning for \u00e5 sikre bevegelsesdeteksjon og kj\u00e6ledyrimmunitet i hjemmet eller bedriften.<\/p>\n<p>Med sine avanserte funksjoner, lange batterilevetid og robuste sikkerhetsprotokoller gir den effektiv og langvarig beskyttelse mot inntrengere.<\/p>\n<p>Ved \u00e5 filtrere ut forstyrrelser og ignorere kj\u00e6ledyr, gir MotionProtect Plus n\u00f8yaktig og p\u00e5litelig deteksjon for alle typer milj\u00f8er.<\/p>","protected":false},"excerpt":{"rendered":"<p>Ajax MotionProtect Plus er en avansert tr\u00e5dl\u00f8s kombidetektor med mikrob\u00f8lgesensor og kj\u00e6ledyrimmunitet.<\/p>\n<p>Den oppdager bevegelse og filtrerer bort interferens fra klimaanlegg og lysflimmer, med en rekkevidde p\u00e5 opptil 12 meter.<\/p>","protected":false},"featured_media":155434,"template":"","meta":{"_acf_changed":false},"product_brand":[],"product_cat":[3156,1319],"product_tag":[3152,3127,2137,4863],"class_list":{"0":"post-69407","1":"product","2":"type-product","3":"status-publish","4":"has-post-thumbnail","6":"product_cat-rorelse-och-kamera","7":"product_cat-ajax-larm","8":"product_tag-cr123-tillbehor","9":"product_tag-kontrollprodukt","10":"product_tag-lager-ajax","11":"product_tag-pf","12":"product_shipping_class-postnord-varubrev","13":"pa_ajax-tradlosa-larm-detektorer","14":"pa_brands-ajax-systems","15":"pa_color-vit","16":"pa_farg-vit","17":"tm-no-options","19":"first","20":"instock","21":"sale","22":"featured","23":"taxable","24":"shipping-taxable","25":"purchasable","26":"product-type-simple"},"acf":[],"_links":{"self":[{"href":"https:\/\/secureus.se\/no\/wp-json\/wp\/v2\/product\/69407","targetHints":{"allow":["GET"]}}],"collection":[{"href":"https:\/\/secureus.se\/no\/wp-json\/wp\/v2\/product"}],"about":[{"href":"https:\/\/secureus.se\/no\/wp-json\/wp\/v2\/types\/product"}],"wp:featuredmedia":[{"embeddable":true,"href":"https:\/\/secureus.se\/no\/wp-json\/wp\/v2\/media\/155434"}],"wp:attachment":[{"href":"https:\/\/secureus.se\/no\/wp-json\/wp\/v2\/media?parent=69407"}],"wp:term":[{"taxonomy":"product_brand","embeddable":true,"href":"https:\/\/secureus.se\/no\/wp-json\/wp\/v2\/product_brand?post=69407"},{"taxonomy":"product_cat","embeddable":true,"href":"https:\/\/secureus.se\/no\/wp-json\/wp\/v2\/product_cat?post=69407"},{"taxonomy":"product_tag","embeddable":true,"href":"https:\/\/secureus.se\/no\/wp-json\/wp\/v2\/product_tag?post=69407"}],"curies":[{"name":"wp","href":"https:\/\/api.w.org\/{rel}","templated":true}]}}