{"id":69452,"date":"2022-11-28T12:54:08","date_gmt":"2022-11-28T11:54:08","guid":{"rendered":"https:\/\/secureus.se\/produkt\/multisandare-2-3eol-for-tradade-detektorer-svart\/"},"modified":"2026-03-30T09:11:36","modified_gmt":"2026-03-30T07:11:36","slug":"ajax-multitransmitter-multisandare-svart","status":"publish","type":"product","link":"https:\/\/secureus.se\/no\/ajax-multitransmitter-multisandare-svart\/","title":{"rendered":"Ajax MultiTransmitter Multitransmitter 2\/3EoL for kablede detektorer Sort"},"content":{"rendered":"<h3>Ajax MultiTransmitter Multi-sender er en kraftig og p\u00e5litelig tr\u00e5dl\u00f8s enhet som gj\u00f8r det mulig \u00e5 koble kablede detektorer og sensorer til Ajax sikkerhetssystemer. Dette gj\u00f8r at eldre kablede sentrale enheter enkelt kan integreres i et moderne tr\u00e5dl\u00f8st system.<\/h3>\n<p>MultiTransmitteren er spesielt nyttig for eiendommer der eksisterende kablede detektorer skal moderniseres uten \u00e5 erstatte hele systemet.<\/p>\n<p>Med 18 seksjonsinnganger, som st\u00f8tter tilkoblingstyper som NO (normalt \u00e5pen), NC (normalt lukket), EOL (End of Line), 2EOL og 3EOL, kan multitransmitteren koble til et bredt utvalg av kablede detektorer og sensorer.<\/p>\n<p>Dette gj\u00f8r den sv\u00e6rt fleksibel og tilpasningsdyktig til mange ulike sikkerhetsbehov. Enheten har ogs\u00e5 utganger for \u00e5 levere str\u00f8m til de tilkoblede detektorene, noe som gj\u00f8r installasjonen smidig og effektiv.<\/p>\n<p>MultiTransmitteren er designet for \u00e5 brukes med alle Ajax-huber, og den kommuniserer tr\u00e5dl\u00f8st med systemet via Jeweler-protokollen.<\/p>\n<p>Den har en rekkevidde p\u00e5 opptil 2000 meter i \u00e5pent terreng, noe som gj\u00f8r den egnet for b\u00e5de sm\u00e5 og store installasjonsomr\u00e5der.<\/p>\n<p>I tillegg har MultiTransmitteren to sabotasjebeskyttelser for \u00e5 beskytte mot sabotasje.<\/p>\n<p>Den er ogs\u00e5 utstyrt med batteribackup som gir opptil 4 dagers drift ved str\u00f8mbrudd.<\/p>\n<p>Dette betyr at systemet fortsetter \u00e5 fungere selv under uforutsette situasjoner.<\/p>\n<p>Med den nyeste fastvareversjonen (2.13.0 eller h\u00f8yere) kan motstandsverdiene til tilkoblede detektorer m\u00e5les automatisk, noe som letter installasjonen og konfigurasjonen av systemet.<\/p>\n<p>Detektorer og enheter koblet til MultiTransmitteren kan programmeres individuelt via Ajax-appen, noe som gj\u00f8r systemet enda mer brukervennlig og fleksibelt.<\/p>\n<p><strong>Tekniske spesifikasjoner:<\/strong><\/p>\n<ul>\n<li><strong>Tilkoblingstyper:<\/strong> NEI, NC, EOL, 2EOL, 3EOL<\/li>\n<li><strong>Antall innganger:<\/strong> 18<\/li>\n<li><strong>Tr\u00e5dl\u00f8s rekkevidde:<\/strong> Opptil 2000 mi fritt terreng<\/li>\n<li><strong>Str\u00f8mforsyning:<\/strong> 110 \u2013 255 VAC (kabel inkludert)<\/li>\n<li><strong>Reserve batteri:<\/strong> 12V 7Ah (ikke inkludert)<\/li>\n<li><strong>Batteri backup tid:<\/strong> Inntil 4 dager<\/li>\n<li><strong>12V DC utganger:<\/strong> 4 stk, 1A per utgang<\/li>\n<li><strong>Temperaturspenn:<\/strong> -10\u00b0 til +40\u00b0C<\/li>\n<li><strong>Luftfuktighet:<\/strong> Opptil 75%<\/li>\n<\/ul>","protected":false},"excerpt":{"rendered":"<p>Ajax MultiTransmitter Multitransmitter er en tr\u00e5dl\u00f8s integrasjon for tilkobling av kablede detektorer og sensorer til Ajax sikkerhetssystemer.<\/p>\n<p>Med 18 seksjonsinnganger og fleksibel tilkobling via EOL (End of Line), tilbyr den en p\u00e5litelig l\u00f8sning for modernisering av eldre kablede systemer.<\/p>","protected":false},"featured_media":151917,"template":"","meta":{"_acf_changed":false},"product_brand":[],"product_cat":[3170,1319],"product_tag":[4863],"class_list":{"0":"post-69452","1":"product","2":"type-product","3":"status-publish","4":"has-post-thumbnail","6":"product_cat-integration","7":"product_cat-ajax-larm","8":"product_tag-pf","9":"product_shipping_class-tunga-paket","10":"pa_ajax-tradlosa-larm-rela-multisandare","11":"pa_brands-ajax-systems","12":"pa_color-svart","13":"pa_farg-svart","14":"tm-no-options","16":"first","17":"onbackorder","18":"sale","19":"featured","20":"taxable","21":"shipping-taxable","22":"purchasable","23":"product-type-simple"},"acf":[],"_links":{"self":[{"href":"https:\/\/secureus.se\/no\/wp-json\/wp\/v2\/product\/69452","targetHints":{"allow":["GET"]}}],"collection":[{"href":"https:\/\/secureus.se\/no\/wp-json\/wp\/v2\/product"}],"about":[{"href":"https:\/\/secureus.se\/no\/wp-json\/wp\/v2\/types\/product"}],"wp:featuredmedia":[{"embeddable":true,"href":"https:\/\/secureus.se\/no\/wp-json\/wp\/v2\/media\/151917"}],"wp:attachment":[{"href":"https:\/\/secureus.se\/no\/wp-json\/wp\/v2\/media?parent=69452"}],"wp:term":[{"taxonomy":"product_brand","embeddable":true,"href":"https:\/\/secureus.se\/no\/wp-json\/wp\/v2\/product_brand?post=69452"},{"taxonomy":"product_cat","embeddable":true,"href":"https:\/\/secureus.se\/no\/wp-json\/wp\/v2\/product_cat?post=69452"},{"taxonomy":"product_tag","embeddable":true,"href":"https:\/\/secureus.se\/no\/wp-json\/wp\/v2\/product_tag?post=69452"}],"curies":[{"name":"wp","href":"https:\/\/api.w.org\/{rel}","templated":true}]}}