{"id":69514,"date":"2022-11-28T11:05:31","date_gmt":"2022-11-28T10:05:31","guid":{"rendered":"https:\/\/secureus.se\/produkt\/passerbricka-ajax-mifare-desfire-vit-2\/"},"modified":"2026-03-31T14:17:46","modified_gmt":"2026-03-31T12:17:46","slug":"ajax-tag-passerbricka-mifare-desfire-vit","status":"publish","type":"product","link":"https:\/\/secureus.se\/no\/ajax-tag-passerbricka-mifare-desfire-vit\/","title":{"rendered":"Ajax-tag (hvit) \u2013 Tagg for KeyPad Plus og ber\u00f8ringsskjerm"},"content":{"rendered":"<h3>Ajax Tag Passer tag Mifare DESFire er en avansert sikkerhetsl\u00f8sning som gir rask tilgang til Ajax sikkerhetssystem.<\/h3>\n<p>Den kontaktl\u00f8se teknologien gj\u00f8r det mulig \u00e5 aktivere eller deaktivere alarmen ganske enkelt ved \u00e5 holde n\u00f8kkelbrikken n\u00e6r KeyPad Plus eller KeyPad TouchScreen.<\/p>\n<p>Det er et utmerket valg for b\u00e5de hjem og bedrift, der sikkerhet og brukervennlighet er avgj\u00f8rende.<\/p>\n<p>Taggen bruker den sv\u00e6rt krypterte og sikre Mifare DESFire-teknologien, som er basert p\u00e5 ISO 14443-standarden, som betyr at kun autoriserte brukere har tilgang til systemet.<\/p>\n<p>Teknologien gir 128-bits kryptering og kopibeskyttelse, og gir deg en sikker og p\u00e5litelig l\u00f8sning for \u00e5 administrere sikkerhetssystemet ditt uten \u00e5 m\u00e5tte huske passord eller opprette brukerkontoer.<\/p>\n<p>Denne teknologien brukes ogs\u00e5 i transportsystemer i europeiske hovedsteder og p\u00e5 tilgangssystemer for NASA.<\/p>\n<p>En av de st\u00f8rste fordelene med Ajax Tag er dens enkelhet. For \u00e5 legge til en ny n\u00f8kkelbrikke til systemet, \u00e5pne Ajax-appen, g\u00e5 til innstillinger og hold fjernkontrollen n\u00e6r en kompatibel tastaturenhet.<\/p>\n<p>Du trenger ikke opprette en konto eller gj\u00f8re noen kompliserte installasjoner. Det gj\u00f8r det spesielt enkelt \u00e5 gi midlertidige tilgangsrettigheter til andre personer, for eksempel gjester eller ansatte, ved \u00e5 tildele en spesifikk Tag til dem uten \u00e5 m\u00e5tte opprette brukerkontoer.<\/p>\n<p>Ajax Tag Key fob kan kobles til opptil 13 hubs, noe som gir deg fleksibiliteten til \u00e5 kontrollere flere sikkerhetssystemer fra samme n\u00f8kkelbrikke.<\/p>\n<p>Gjennom Ajax-appen kan systemadministratoren enkelt administrere alle tildelte Tags og ogs\u00e5 justere tilgangstillatelser eller tilbakekalle tilgang om n\u00f8dvendig.<\/p>\n<p>Alle endringer og tilgangshandlinger registreres i hendelsesloggen, noe som gj\u00f8r at du alltid har full kontroll og innsyn i n\u00e5r og av hvem sikkerhetssystemet er aktivert eller deaktivert.<\/p>\n<p>Taggen fungerer i et temperaturomr\u00e5de fra -10\u00b0C til +40\u00b0C og har en lang levetid p\u00e5 opptil 10 \u00e5r, noe som gj\u00f8r den til en holdbar l\u00f8sning for langtidsbruk.<\/p>\n<p>Den har ogs\u00e5 sv\u00e6rt lav vekt, kun 7 gram, og en kompakt design, som gj\u00f8r den lett \u00e5 b\u00e6re og praktisk \u00e5 bruke.<\/p>\n<p><strong>Tekniske spesifikasjoner:<\/strong><\/p>\n<ul>\n<li><strong>Kommunikasjonsteknologi:<\/strong> Mifare DESFire\u00ae<\/li>\n<li><strong>Driftsstandard:<\/strong> ISO 14443-A (13,56 MHz)<\/li>\n<li><strong>Kryptering:<\/strong> 128-bits kryptering<\/li>\n<li><strong>Antall tilkoblede huber:<\/strong> Opptil 13 nav<\/li>\n<li><strong>Kompatibilitet:<\/strong> Fungerer med KeyPad Plus og KeyPad TouchScreen<\/li>\n<li><strong>Arbeidstemperatur:<\/strong> Fra -10\u00b0C til +40\u00b0C<\/li>\n<li><strong>Luftfuktighet:<\/strong> Opptil 75%<\/li>\n<li><strong>Dimensjoner:<\/strong> 45 \u00d7 32 \u00d7 6 mm<\/li>\n<li><strong>Vekt:<\/strong> 7 g<\/li>\n<\/ul>","protected":false},"excerpt":{"rendered":"<p>Ajax Tag Passer tag Mifare DESFire er en kryptert, kontaktl\u00f8s n\u00f8kkelbrikke for rask og sikker tilgang til Ajax sikkerhetssystem.<\/p>\n<p>Designet for \u00e5 fungere med KeyPad Plus og TouchScreen, lar det sikkerhetssystemet aktiveres og deaktiveres uten passord eller brukerkonto.<\/p>","protected":false},"featured_media":158365,"template":"","meta":{"_acf_changed":false},"product_brand":[],"product_cat":[3164,1319],"product_tag":[3127,2137,4863],"class_list":{"0":"post-69514","1":"product","2":"type-product","3":"status-publish","4":"has-post-thumbnail","6":"product_cat-larmstyrning","7":"product_cat-ajax-larm","8":"product_tag-kontrollprodukt","9":"product_tag-lager-ajax","10":"product_tag-pf","11":"product_shipping_class-postnord-varubrev","12":"pa_ajax-tradlosa-larm-ovriga-tillbehor-monteringsfaste","13":"pa_brands-ajax-systems","14":"pa_color-vit","15":"pa_farg-vit","16":"tm-no-options","18":"first","19":"instock","20":"sale","21":"featured","22":"taxable","23":"shipping-taxable","24":"purchasable","25":"product-type-simple"},"acf":[],"_links":{"self":[{"href":"https:\/\/secureus.se\/no\/wp-json\/wp\/v2\/product\/69514","targetHints":{"allow":["GET"]}}],"collection":[{"href":"https:\/\/secureus.se\/no\/wp-json\/wp\/v2\/product"}],"about":[{"href":"https:\/\/secureus.se\/no\/wp-json\/wp\/v2\/types\/product"}],"wp:featuredmedia":[{"embeddable":true,"href":"https:\/\/secureus.se\/no\/wp-json\/wp\/v2\/media\/158365"}],"wp:attachment":[{"href":"https:\/\/secureus.se\/no\/wp-json\/wp\/v2\/media?parent=69514"}],"wp:term":[{"taxonomy":"product_brand","embeddable":true,"href":"https:\/\/secureus.se\/no\/wp-json\/wp\/v2\/product_brand?post=69514"},{"taxonomy":"product_cat","embeddable":true,"href":"https:\/\/secureus.se\/no\/wp-json\/wp\/v2\/product_cat?post=69514"},{"taxonomy":"product_tag","embeddable":true,"href":"https:\/\/secureus.se\/no\/wp-json\/wp\/v2\/product_tag?post=69514"}],"curies":[{"name":"wp","href":"https:\/\/api.w.org\/{rel}","templated":true}]}}