{"id":69549,"date":"2022-11-28T11:05:31","date_gmt":"2022-11-28T10:05:31","guid":{"rendered":"https:\/\/secureus.se\/produkt\/manoverpanel-tradlos-svart\/"},"modified":"2026-03-10T11:00:31","modified_gmt":"2026-03-10T10:00:31","slug":"ajax-keypad-manoverpanel-svart","status":"publish","type":"product","link":"https:\/\/secureus.se\/no\/ajax-keypad-manoverpanel-svart\/","title":{"rendered":"Ajax Tastatur Kontrollpanel Svart"},"content":{"rendered":"<h3>Ajax KeyPad er et avansert tr\u00e5dl\u00f8st kontrollpanel designet for \u00e5 kontrollere Ajax sikkerhetssystem med letthet og sikkerhet.<\/h3>\n<p>Den er utstyrt med et kapasitivt ber\u00f8ringstastatur som gj\u00f8r at sikkerhetssystemet enkelt kan aktiveres og deaktiveres ved \u00e5 taste inn en kode.<\/p>\n<p>KeyPad er ogs\u00e5 utstyrt med en rekke avanserte funksjoner som autentisering for \u00e5 forhindre forfalskning og tukling, noe som gj\u00f8r det til et p\u00e5litelig valg for \u00e5 sikre sikkerheten til hjemmet eller bedriften din.<\/p>\n<p>Med Ajax KeyPad kan brukeren kontrollere ulike sikkerhetsmoduser p\u00e5 en effektiv m\u00e5te. Den har en spesiell alarmknapp som kan aktivere en n\u00f8dalarm ved mistanke om inntrenging eller n\u00f8dsituasjoner.<\/p>\n<p>For \u00e5 forhindre uautorisert tilgang og for \u00e5 beskytte mot potensielle trusler, blokkerer KeyPad automatisk hvis det gj\u00f8res for mange feilinntastinger i l\u00f8pet av kort tid.<\/p>\n<p>Tastaturet er ogs\u00e5 designet med en stille alarmfunksjon, som lar brukeren aktivere et alarmsignal uten \u00e5 utsette sin plassering for potensielle inntrengere.<\/p>\n<p>Den st\u00f8tter opptil 99 brukerkoder og st\u00f8tter ekstern opprettelse og redigering av koder via Ajax-appen.<\/p>\n<p>Den fungerer ogs\u00e5 med en unik &quot;tvangskode&quot; som tillater diskret aktivering av alarmen dersom brukeren blir tvunget til \u00e5 deaktivere sikkerhetssystemet under tvang.<\/p>\n<p>KeyPad er kompatibel med alle Ajax-huber og rekkeviddeforlengere, slik at den kan brukes i en rekke installasjonsscenarier.<\/p>\n<p>Det er ogs\u00e5 enkelt \u00e5 installere og konfigurere, og med de forh\u00e5ndsinstallerte batteriene kan du komme i gang med en gang.<\/p>\n<p>Den bruker Jeweller-radioteknologi for \u00e5 sikre stabil og sikker kommunikasjon mellom enheter og sentralenheten, med en imponerende kommunikasjonsrekkevidde p\u00e5 opptil 1700 meter.<\/p>\n<p><strong>Tekniske spesifikasjoner<\/strong>:<\/p>\n<ul>\n<li><strong>Kommunikasjon<\/strong>: Tr\u00e5dl\u00f8s med Jeweller-radioteknologi<\/li>\n<li><strong>Str\u00f8mforsyning<\/strong>: 4 \u00d7 AAA-batterier, opptil 2 \u00e5rs batterilevetid<\/li>\n<li><strong>Kommunikasjonsomr\u00e5de<\/strong>: Opptil 1700 mi \u00e5pen plass<\/li>\n<li><strong>Temperaturspenn<\/strong>: -10\u00b0C til +40\u00b0C<\/li>\n<li><strong>Fuktighet<\/strong>: Opptil 75%<\/li>\n<li><strong>Beskyttelse<\/strong>: Beskyttelse mot forfalskning, interferensdeteksjon<\/li>\n<li><strong>St\u00f8rrelse<\/strong>: 150 \u00d7 103 \u00d7 14 mm<\/li>\n<li><strong>Vekt<\/strong>: 197 g<\/li>\n<li><strong>Garanti<\/strong>: 24 m\u00e5neder<\/li>\n<\/ul>\n<p><strong>Pakken inneholder<\/strong>:<\/p>\n<ul>\n<li>Ajax tastatur<\/li>\n<li>SmartBracket monteringspanel<\/li>\n<li>4 \u00d7 AAA-batterier (forh\u00e5ndsinstallert)<\/li>\n<li>Installasjonssett<\/li>\n<li>Hurtigstartveiledning<\/li>\n<\/ul>\n<p>&nbsp;<\/p>","protected":false},"excerpt":{"rendered":"<p>Ajax KeyPad er et tr\u00e5dl\u00f8st trykknapppanel som gir brukerne enkel og sikker kontroll over Ajax sikkerhetssystem.<\/p>\n<p>Med funksjoner som autentisering, alarmknapp og sabotasjealarm tilbyr den b\u00e5de sikkerhet og brukervennlighet.<\/p>\n<p>Installasjonen er enkel, og den fungerer i ethvert innend\u00f8rs milj\u00f8.<\/p>\n<p>Med st\u00f8tte for flere brukerkoder og muligheten til \u00e5 lage tvangskoder, gir Ajax KeyPad maksimal sikkerhet for hjem og bedrifter.<\/p>","protected":false},"featured_media":156277,"template":"","meta":{"_acf_changed":false},"product_brand":[],"product_cat":[3164,1319],"product_tag":[3127,4863],"class_list":{"0":"post-69549","1":"product","2":"type-product","3":"status-publish","4":"has-post-thumbnail","6":"product_cat-larmstyrning","7":"product_cat-ajax-larm","8":"product_tag-kontrollprodukt","9":"product_tag-pf","10":"pa_ajax-tradlosa-larm-knapssats-manoverpanel","11":"pa_brands-ajax-systems","12":"pa_color-svart","13":"pa_farg-svart","14":"tm-no-options","16":"first","17":"instock","18":"sale","19":"featured","20":"taxable","21":"shipping-taxable","22":"purchasable","23":"product-type-simple"},"acf":[],"_links":{"self":[{"href":"https:\/\/secureus.se\/no\/wp-json\/wp\/v2\/product\/69549","targetHints":{"allow":["GET"]}}],"collection":[{"href":"https:\/\/secureus.se\/no\/wp-json\/wp\/v2\/product"}],"about":[{"href":"https:\/\/secureus.se\/no\/wp-json\/wp\/v2\/types\/product"}],"wp:featuredmedia":[{"embeddable":true,"href":"https:\/\/secureus.se\/no\/wp-json\/wp\/v2\/media\/156277"}],"wp:attachment":[{"href":"https:\/\/secureus.se\/no\/wp-json\/wp\/v2\/media?parent=69549"}],"wp:term":[{"taxonomy":"product_brand","embeddable":true,"href":"https:\/\/secureus.se\/no\/wp-json\/wp\/v2\/product_brand?post=69549"},{"taxonomy":"product_cat","embeddable":true,"href":"https:\/\/secureus.se\/no\/wp-json\/wp\/v2\/product_cat?post=69549"},{"taxonomy":"product_tag","embeddable":true,"href":"https:\/\/secureus.se\/no\/wp-json\/wp\/v2\/product_tag?post=69549"}],"curies":[{"name":"wp","href":"https:\/\/api.w.org\/{rel}","templated":true}]}}