{"id":69556,"date":"2022-11-28T11:05:31","date_gmt":"2022-11-28T10:05:31","guid":{"rendered":"https:\/\/secureus.se\/produkt\/relamodul-36vdc-och-230vac-tradlos-svart\/"},"modified":"2026-04-01T11:12:11","modified_gmt":"2026-04-01T09:12:11","slug":"ajax-relay-module-relamodul-36vdc","status":"publish","type":"product","link":"https:\/\/secureus.se\/no\/ajax-relay-module-relamodul-36vdc\/","title":{"rendered":"Ajax Rel\u00e9modul Rel\u00e9modul Kontroll med 7-24V DC (tr\u00e5dl\u00f8s enhet)"},"content":{"rendered":"<h3>Ajax Relay Module er en allsidig og effektiv l\u00f8sning for fjernstyring av elektriske systemer via et tr\u00e5dl\u00f8st nettverk.<\/h3>\n<p>Modulen er kompatibel med b\u00e5de lavspentsystemer og husholdningselektrisitet, noe som gj\u00f8r den ideell for \u00e5 kontrollere en rekke enheter, fra belysning og porter til ventiler og elektromagnetiske l\u00e5ser.<\/p>\n<p>Rel\u00e9modulen er utstyrt med t\u00f8rrkontakt og fungerer uten galvanisk tilkobling til enhetens str\u00f8mforsyning, noe som gj\u00f8r at den kan brukes i en rekke elektriske installasjoner.<\/p>\n<p>En av de mest fremtredende egenskapene er den fleksible driftsteknologien som tilbyr b\u00e5de bistabile og pulsmoduser for \u00e5 passe til ulike typer bruk.<\/p>\n<p>I pulsmodus kan brukeren justere varigheten fra 0,5 til 255 sekunder, slik at modulen kan stilles inn n\u00f8yaktig etter behov.<\/p>\n<p>Rel\u00e9modulen er ogs\u00e5 utstyrt med en spenningsbeskyttelse som beskytter enheten mot spenningstopper og sikrer lang holdbarhet og driftssikkerhet.<\/p>\n<p>Installasjonen er enkel og tar bare noen f\u00e5 minutter. Ved \u00e5 koble modulen til Ajax-huben via Ajax-appen kan brukere raskt f\u00e5 tilgang til enhetene sine.<\/p>\n<p>Den miniatyrdesignede enheten (39\u00d733\u00d718 mm) passer perfekt inn i elektriske koblingsbokser og elektriske paneler, og en ekstern antenne s\u00f8rger for stabil kommunikasjon opptil 1000 meter i \u00e5pent terreng.<\/p>\n<p>Rel\u00e9modulen er bygget med Ajax sin Jeweller-radioteknologi, som sikrer rask og sikker kommunikasjon mellom enheter.<\/p>\n<p>Krypteringen og autentiseringen forhindrer forfalskning og hacking, noe som gj\u00f8r systemet b\u00e5de sikkert og p\u00e5litelig.<\/p>\n<p>Rel\u00e9modulen kan h\u00e5ndtere b\u00e5de resistive og induktive belastninger og st\u00f8tter en maksimal str\u00f8mbelastning p\u00e5 13A ved 230V~ og 5A ved 24V\u2393.<\/p>\n<p>Rel\u00e9modulen er ideell for bruk i b\u00e5de sm\u00e5 og store installasjoner og kan brukes til \u00e5 kontrollere en rekke elektriske enheter.<\/p>\n<p>Med st\u00f8tte for automatisering via Ajax-appene kan Relay enkelt integreres i automatiserte scenarier, som \u00e5 sl\u00e5 p\u00e5 lys n\u00e5r en alarm aktiveres, eller kontrollere ventiler og porter basert p\u00e5 tidsplaner eller alarmhendelser.<\/p>","protected":false},"excerpt":{"rendered":"<p>Rel\u00e9modulen kan h\u00e5ndtere b\u00e5de resistive og induktive belastninger og st\u00f8tter en maksimal str\u00f8mbelastning p\u00e5 <span style=\"text-decoration: underline\"><strong>13A ved 230V<\/strong><\/span>~ og <span style=\"text-decoration: underline\"><strong>5A ved 36 DC.<\/strong><\/span><\/p>\n<p>Ajax Relay Module er en tr\u00e5dl\u00f8s, fjernstyrt rel\u00e9modul som gj\u00f8r det mulig \u00e5 effektivt kontrollere elektriske enheter og systemer.<\/p>\n<p>Den fungerer i b\u00e5de lavspentnettverk og husholdningsnettverk, og tilbyr fleksible bruksmoduser for \u00e5 automatisere og kontrollere enheter som gardiner, ventiler, porter og mye mer.<\/p>","protected":false},"featured_media":155622,"template":"","meta":{"_acf_changed":false},"product_brand":[],"product_cat":[3169,1319],"product_tag":[3127,4863],"class_list":{"0":"post-69556","1":"product","2":"type-product","3":"status-publish","4":"has-post-thumbnail","6":"product_cat-automation","7":"product_cat-ajax-larm","8":"product_tag-kontrollprodukt","9":"product_tag-pf","10":"product_shipping_class-postnord-varubrev","11":"pa_ajax-tradlosa-larm-rela-multisandare","12":"pa_brands-ajax-systems","13":"pa_color-svart","14":"pa_farg-svart","15":"tm-no-options","17":"first","18":"instock","19":"sale","20":"featured","21":"taxable","22":"shipping-taxable","23":"purchasable","24":"product-type-simple"},"acf":[],"_links":{"self":[{"href":"https:\/\/secureus.se\/no\/wp-json\/wp\/v2\/product\/69556","targetHints":{"allow":["GET"]}}],"collection":[{"href":"https:\/\/secureus.se\/no\/wp-json\/wp\/v2\/product"}],"about":[{"href":"https:\/\/secureus.se\/no\/wp-json\/wp\/v2\/types\/product"}],"wp:featuredmedia":[{"embeddable":true,"href":"https:\/\/secureus.se\/no\/wp-json\/wp\/v2\/media\/155622"}],"wp:attachment":[{"href":"https:\/\/secureus.se\/no\/wp-json\/wp\/v2\/media?parent=69556"}],"wp:term":[{"taxonomy":"product_brand","embeddable":true,"href":"https:\/\/secureus.se\/no\/wp-json\/wp\/v2\/product_brand?post=69556"},{"taxonomy":"product_cat","embeddable":true,"href":"https:\/\/secureus.se\/no\/wp-json\/wp\/v2\/product_cat?post=69556"},{"taxonomy":"product_tag","embeddable":true,"href":"https:\/\/secureus.se\/no\/wp-json\/wp\/v2\/product_tag?post=69556"}],"curies":[{"name":"wp","href":"https:\/\/api.w.org\/{rel}","templated":true}]}}