{"id":69561,"date":"2022-11-28T11:05:30","date_gmt":"2022-11-28T10:05:30","guid":{"rendered":"https:\/\/secureus.se\/produkt\/glaskrossdetektor-9m-tradlos-vit\/"},"modified":"2026-03-31T14:18:04","modified_gmt":"2026-03-31T12:18:04","slug":"ajax-glassprotect-vit-glaskross","status":"publish","type":"product","link":"https:\/\/secureus.se\/no\/ajax-glassprotect-vit-glaskross\/","title":{"rendered":"Ajax GlassProtect Glassbrudddetektor 9m tr\u00e5dl\u00f8s Hvit"},"content":{"rendered":"<h3><strong>Ajax GlassProtect \u2013 Tr\u00e5dl\u00f8s glassbrudddetektor for \u00f8kt beskyttelse<\/strong><\/h3>\n<p>Ajax GlassProtect er en h\u00f8yteknologisk, tr\u00e5dl\u00f8s glassbrudddetektor som tilbyr p\u00e5litelig beskyttelse for hjemmet eller bedriften din.<\/p>\n<p>Denne detektoren er designet for raskt \u00e5 oppdage knust glass p\u00e5 opptil 9 meters avstand, og bruker en f\u00f8lsom elektretmikrofon som registrerer lyden av knust glass, inkludert b\u00e5de lav- og h\u00f8yfrekvente lyder.<\/p>\n<p>GlassProtect reagerer umiddelbart ved glassbrudd og sender et alarmsignal til ditt Ajax-system, og sikrer at b\u00e5de brukere og sikkerhetsselskaper raskt blir informert om mulige brudd.<\/p>\n<p><strong>Forhindrer falske alarmer med avansert teknologi<\/strong><\/p>\n<p>En av hovedfordelene med Ajax GlassProtect er dens evne til \u00e5 minimere falske alarmer.<\/p>\n<p>Ved \u00e5 bruke tofaktors deteksjon av glassbrudd, som kombinerer lyden av glass som knuser og det fallende glasset, kan den n\u00f8yaktig skille ekte inntrenging fra andre forstyrrelser som torden, hundebjeffing eller lyden av forbipasserende biler.<\/p>\n<p>Det betyr at detektoren kun reagerer p\u00e5 reelle trusler, noe som reduserer risikoen for falske alarmer og gir deg en tryggere og mer p\u00e5litelig sikkerhetsl\u00f8sning.<\/p>\n<p><strong>Sikker kommunikasjon og sabotasjealarm<\/strong><\/p>\n<p>Ajax GlassProtect bruker Ajax sin Jeweler-radio for \u00e5 kommunisere med sikkerhetssystemet ditt.<\/p>\n<p>Dette gj\u00f8r at detektoren kan operere p\u00e5 avstander p\u00e5 opptil 1000 meter uten hindringer, noe som sikrer at alle alarmer og data overf\u00f8res effektivt.<\/p>\n<p>For ytterligere \u00e5 forbedre sikkerheten har GlassProtect en sabotasjebeskyttelsesfunksjon som umiddelbart aktiverer en alarm hvis noen pr\u00f8ver \u00e5 tukle med enheten eller fjerne den fra monteringspanelet.<\/p>\n<p><strong>Lang batterilevetid og enkel installasjon<\/strong><\/p>\n<p>Med det medf\u00f8lgende CR123A-batteriet, som har en lang levetid p\u00e5 opptil 7 \u00e5r, tilbyr Ajax GlassProtect langsiktig og vedlikeholdsfri drift.<\/p>\n<p>Dette gj\u00f8r den ideell for b\u00e5de bolig- og n\u00e6ringseiendommer, hvor p\u00e5litelighet og langvarig ytelse er viktig.<\/p>\n<p>Installasjonen er ogs\u00e5 veldig enkel: N\u00e5r batteriet er forh\u00e5ndsinstallert og enheten er klar til bruk, kobler du raskt GlassProtect til din Ajax-hub via appen og monterer den p\u00e5 det medf\u00f8lgende SmartBracket-panelet.<\/p>\n<p><strong>Intelligent og effektiv for alle typer vinduer<\/strong><\/p>\n<p>GlassProtect fungerer utmerket i milj\u00f8er hvor det er viktig \u00e5 beskytte vinduer og glass.<\/p>\n<p>Den er ikke f\u00f8lsom for andre lyder som torden eller hundebjeffing, noe som betyr at den gir n\u00f8yaktig deteksjon uten \u00e5 bli p\u00e5virket av ytre forstyrrelser.<\/p>\n<p>Detektoren er designet for \u00e5 oppdage glassbrudd innenfor et 180\u00b0 deteksjonsomr\u00e5de og kan enkelt installeres p\u00e5 en vegg eller vindusramme.<\/p>\n<p>For best resultat b\u00f8r enheten plasseres mellom gardiner eller andre hindringer for \u00e5 sikre at den reagerer p\u00e5 glass som knuses uten \u00e5 bli filtrert av andre lyder eller gjenstander.<\/p>\n<p><strong>Tekniske spesifikasjoner:<\/strong><\/p>\n<ul>\n<li><strong>Type detektor:<\/strong> Tr\u00e5dl\u00f8s glassknuserdetektor<\/li>\n<li><strong>Deteksjonsavstand:<\/strong> Opp til 9 meter<\/li>\n<li><strong>Deteksjonsvinkel:<\/strong> 180\u00b0<\/li>\n<li><strong>Batteritid:<\/strong> Inntil 7 \u00e5r<\/li>\n<li><strong>Kommunikasjonsprotokoll:<\/strong> Gullsmed<\/li>\n<li><strong>Str\u00f8mforsyning:<\/strong> CR123A batteri (3 V, forh\u00e5ndsinstallert)<\/li>\n<li><strong>Installasjonsmetode:<\/strong> Innend\u00f8rs<\/li>\n<li><strong>Temperaturomr\u00e5de:<\/strong> -10\u00b0C til +40\u00b0C<\/li>\n<li><strong>Luftfuktighet:<\/strong> Opptil 75%<\/li>\n<li><strong>Dimensjoner:<\/strong> Diameter: 20 mm, H\u00f8yde: 90 mm<\/li>\n<li><strong>Vekt:<\/strong> 30 g<\/li>\n<li><strong>Sabotasjealarm:<\/strong> Ja<\/li>\n<li><strong>Kompatibilitet:<\/strong> Fungerer med alle Ajax-huber, rekkeviddeforlengere, ocBridge Plus, uartBridge<\/li>\n<\/ul>\n<p><strong>Konklusjon:<\/strong><\/p>\n<p>Ajax GlassProtect tilbyr en p\u00e5litelig og sikker l\u00f8sning for \u00e5 beskytte hjemmet eller bedriften din mot inntrenging gjennom knust glass.<\/p>\n<p>Med lang batterilevetid, avansert teknologi for \u00e5 forhindre falske alarmer og en enkel installasjon, er GlassProtect det perfekte valget for de som \u00f8nsker et p\u00e5litelig og effektivt sikkerhetssystem for glassbrudd.<\/p>","protected":false},"excerpt":{"rendered":"<p>Ajax GlassProtect er en tr\u00e5dl\u00f8s glassbrudddetektor som oppdager knust glass i en avstand p\u00e5 opptil 9 meter.<\/p>\n<p>Med avansert teknologi for \u00e5 forhindre falske alarmer og en batterilevetid p\u00e5 opptil 7 \u00e5r, gir den p\u00e5litelig beskyttelse for hjemmet eller bedriften.<\/p>","protected":false},"featured_media":155461,"template":"","meta":{"_acf_changed":false},"product_brand":[],"product_cat":[3160,1319,3162],"product_tag":[3152,3127,2137,4863],"class_list":{"0":"post-69561","1":"product","2":"type-product","3":"status-publish","4":"has-post-thumbnail","6":"product_cat-skalskydd","7":"product_cat-ajax-larm","8":"product_cat-glaskrossdetektor","9":"product_tag-cr123-tillbehor","10":"product_tag-kontrollprodukt","11":"product_tag-lager-ajax","12":"product_tag-pf","13":"product_shipping_class-postnord-varubrev","14":"pa_ajax-tradlosa-larm-glaskrossdetektorer","15":"pa_brands-ajax-systems","16":"pa_color-vit","17":"pa_farg-vit","18":"tm-no-options","20":"first","21":"instock","22":"sale","23":"featured","24":"taxable","25":"shipping-taxable","26":"purchasable","27":"product-type-simple"},"acf":[],"_links":{"self":[{"href":"https:\/\/secureus.se\/no\/wp-json\/wp\/v2\/product\/69561","targetHints":{"allow":["GET"]}}],"collection":[{"href":"https:\/\/secureus.se\/no\/wp-json\/wp\/v2\/product"}],"about":[{"href":"https:\/\/secureus.se\/no\/wp-json\/wp\/v2\/types\/product"}],"wp:featuredmedia":[{"embeddable":true,"href":"https:\/\/secureus.se\/no\/wp-json\/wp\/v2\/media\/155461"}],"wp:attachment":[{"href":"https:\/\/secureus.se\/no\/wp-json\/wp\/v2\/media?parent=69561"}],"wp:term":[{"taxonomy":"product_brand","embeddable":true,"href":"https:\/\/secureus.se\/no\/wp-json\/wp\/v2\/product_brand?post=69561"},{"taxonomy":"product_cat","embeddable":true,"href":"https:\/\/secureus.se\/no\/wp-json\/wp\/v2\/product_cat?post=69561"},{"taxonomy":"product_tag","embeddable":true,"href":"https:\/\/secureus.se\/no\/wp-json\/wp\/v2\/product_tag?post=69561"}],"curies":[{"name":"wp","href":"https:\/\/api.w.org\/{rel}","templated":true}]}}