{"id":69582,"date":"2022-11-28T11:05:23","date_gmt":"2022-11-28T10:05:23","guid":{"rendered":"https:\/\/secureus.se\/produkt\/siren-inomhus-tradlos-vit\/"},"modified":"2026-04-02T10:43:49","modified_gmt":"2026-04-02T08:43:49","slug":"ajax-homesiren-siren-inomhus-vit","status":"publish","type":"product","link":"https:\/\/secureus.se\/no\/ajax-homesiren-siren-inomhus-vit\/","title":{"rendered":"Ajax HomeSiren - Innend\u00f8rs sirene - Tr\u00e5dl\u00f8s - Hvit"},"content":{"rendered":"<h3>Ajax HomeSiren er den perfekte l\u00f8sningen for \u00e5 styrke din innend\u00f8rs beskyttelse med en p\u00e5litelig og h\u00f8yt volum sirene som reagerer p\u00e5 aktivering av detektorer i sikkerhetssystemet ditt.<\/h3>\n<p>Den er utstyrt med b\u00e5de lyd- og lysindikatorer for raskt \u00e5 varsle om innbrudd eller andre sikkerhetstrusler.<\/p>\n<p>Sirenen kan enkelt installeres med det medf\u00f8lgende SmartBracket-panelet og er kompatibel med alle Ajax-huber og rekkeviddeforlengere, og gir deg et komplett sikkerhetssystem uten forstyrrelser.<\/p>\n<p>En av hovedtrekkene til Ajax HomeSiren er dens kraftige lydniv\u00e5, som kan justeres mellom 80 dB og 98 dB i en avstand p\u00e5 1 meter.<\/p>\n<p>Denne lyden hjelper til med \u00e5 avskrekke inntrengere og varsle alle innenfor rekkevidde. I tillegg har sirenen en justerbar alarmvarighet mellom 3 sekunder og 3 minutter, slik at du kan tilpasse den til dine behov.<\/p>\n<p>Sirenens innebygde LED-lys indikerer statusen til systemet ditt og gir brukeren en visuell indikasjon om systemet er i aktivert eller deaktivert status.<\/p>\n<p>For ytterligere visuell tilbakemelding kan en ekstern LED kobles til sirenen.<\/p>\n<p>En annen viktig funksjon er den innebygde sabotasjefunksjonen. Hvis noen pr\u00f8ver \u00e5 tukle med sirenen, aktiveres en sabotasjealarm som varsler brukeren om mulige sabotasjefors\u00f8k.<\/p>\n<p>Den bruker ogs\u00e5 Ajax sin kryptering og inntrengningsdeteksjon for \u00e5 beskytte mot hacking og uautorisert tilgang, og sikrer at sirenen fungerer som den skal n\u00e5r den virkelig trengs.<\/p>\n<p>Ajax HomeSiren har en batterilevetid p\u00e5 opptil 5 \u00e5r, noe som betyr at du ikke trenger \u00e5 bekymre deg for \u00e5 bytte batterier ofte.<\/p>\n<p>Den er ogs\u00e5 designet for enkel installasjon og bruk via Ajax-applikasjonen.<\/p>\n<p>Sirenen kan integreres med andre sikkerhetsenheter i Ajax-systemet, og installasjonen kan fullf\u00f8res p\u00e5 bare noen f\u00e5 minutter.<\/p>\n<p><strong>Tekniske spesifikasjoner:<\/strong><\/p>\n<ul>\n<li><strong>Lydniv\u00e5:<\/strong> Justerbar mellom 80 dB og 98 dB (p\u00e5 1 m avstand)<\/li>\n<li><strong>Varighet av alarmen:<\/strong> Justerbar mellom 3 sekunder og 3 minutter<\/li>\n<li><strong>Batteritid:<\/strong> Inntil 5 \u00e5r<\/li>\n<li><strong>Str\u00f8mforsyning:<\/strong> 2 x CR123A-batterier (forh\u00e5ndsinstallert)<\/li>\n<li><strong>Kommunikasjon:<\/strong> Juvelerradioteknologi, opp til 2000 m kommunikasjonsrekkevidde i \u00e5pent terreng<\/li>\n<li><strong>Temperaturomr\u00e5de:<\/strong> Fra -10\u00b0C til +40\u00b0C<\/li>\n<li><strong>Luftfuktighet:<\/strong> Opptil 75%<\/li>\n<li><strong>Sabotasjebeskyttelse:<\/strong> Ja, med sabotasjealarm<\/li>\n<li><strong>M\u00e5le:<\/strong> 75 x 76 x 27 mm<\/li>\n<li><strong>Vekt:<\/strong> 97 g<\/li>\n<li><strong>IP-beskyttelse:<\/strong> IP50<\/li>\n<li><strong>Kompatibilitet:<\/strong> Fungerer med alle Ajax-huber og rekkeviddeforlengere<\/li>\n<\/ul>","protected":false},"excerpt":{"rendered":"<p>Ajax HomeSiren er en tr\u00e5dl\u00f8s innend\u00f8rssirene som med kraftig lyd og LED-indikasjoner varsler om aktiverte alarmer i ditt sikkerhetssystem.<\/p>\n<p>Den er designet for \u00e5 avskrekke inntrengere og gi brukeren umiddelbar tilbakemelding om sikkerhetsstatusen.<\/p>","protected":false},"featured_media":155465,"template":"","meta":{"_acf_changed":false},"product_brand":[],"product_cat":[3163,1319,1562],"product_tag":[3152,3127,2137,4863],"class_list":{"0":"post-69582","1":"product","2":"type-product","3":"status-publish","4":"has-post-thumbnail","6":"product_cat-sirener","7":"product_cat-ajax-larm","8":"product_cat-larmdon-blixtljus","9":"product_tag-cr123-tillbehor","10":"product_tag-kontrollprodukt","11":"product_tag-lager-ajax","12":"product_tag-pf","13":"product_shipping_class-postnord-varubrev","14":"pa_ajax-tradlosa-larm-sirener","15":"pa_brands-ajax-systems","16":"pa_color-vit","17":"pa_farg-vit","18":"tm-no-options","20":"first","21":"instock","22":"sale","23":"featured","24":"taxable","25":"shipping-taxable","26":"purchasable","27":"product-type-simple"},"acf":[],"_links":{"self":[{"href":"https:\/\/secureus.se\/no\/wp-json\/wp\/v2\/product\/69582","targetHints":{"allow":["GET"]}}],"collection":[{"href":"https:\/\/secureus.se\/no\/wp-json\/wp\/v2\/product"}],"about":[{"href":"https:\/\/secureus.se\/no\/wp-json\/wp\/v2\/types\/product"}],"wp:featuredmedia":[{"embeddable":true,"href":"https:\/\/secureus.se\/no\/wp-json\/wp\/v2\/media\/155465"}],"wp:attachment":[{"href":"https:\/\/secureus.se\/no\/wp-json\/wp\/v2\/media?parent=69582"}],"wp:term":[{"taxonomy":"product_brand","embeddable":true,"href":"https:\/\/secureus.se\/no\/wp-json\/wp\/v2\/product_brand?post=69582"},{"taxonomy":"product_cat","embeddable":true,"href":"https:\/\/secureus.se\/no\/wp-json\/wp\/v2\/product_cat?post=69582"},{"taxonomy":"product_tag","embeddable":true,"href":"https:\/\/secureus.se\/no\/wp-json\/wp\/v2\/product_tag?post=69582"}],"curies":[{"name":"wp","href":"https:\/\/api.w.org\/{rel}","templated":true}]}}