{"id":69622,"date":"2022-11-28T11:05:23","date_gmt":"2022-11-28T10:05:23","guid":{"rendered":"https:\/\/secureus.se\/produkt\/repeater-rex-2-vit\/"},"modified":"2026-04-01T18:26:39","modified_gmt":"2026-04-01T16:26:39","slug":"ajax-rex-2-repeater-vit","status":"publish","type":"product","link":"https:\/\/secureus.se\/no\/ajax-rex-2-repeater-vit\/","title":{"rendered":"Ajax ReX 2 Repeater Hvit \u2013 Rekkeviddeforlenger"},"content":{"rendered":"<h3>Ajax ReX 2 er en kraftig radiosignalforsterker som gj\u00f8r at Ajax sikkerhetsenheter kan installeres p\u00e5 avsidesliggende steder, noe som gj\u00f8r det mulig \u00e5 beskytte st\u00f8rre omr\u00e5der som varehus, forretningssentre eller hele eiendommer.<\/h3>\n<p>Med ReX 2 kan du utvide kommunikasjonsrekkevidden til Ajax sikkerhetssystem og st\u00f8tte bildeverifisering, og gir rask og n\u00f8yaktig informasjon om alarmhendelser.<\/p>\n<p><strong>Egenskaper:<\/strong><\/p>\n<ul>\n<li><strong>Utvidet rekkevidde:<\/strong> ReX 2 lar deg installere sikkerhetsenheter opptil 1700 meter fra navet, og dekker et omr\u00e5de p\u00e5 opptil 35 km\u00b2. Dette gj\u00f8r det til et perfekt valg for store eiendommer og kommersielle anlegg.<\/li>\n<li><strong>Bildebekreftelse:<\/strong> Med st\u00f8tte for bildeverifisering via MotionCam og MotionCam Outdoor-detektorer kan du raskt f\u00e5 visuelle bevis p\u00e5 inntrengningshendelser, minimere risikoen for falske alarmer og bedre forberede sikkerhetspersonell.<\/li>\n<li><strong>Reservebatteri:<\/strong> ReX 2 har et reservebatteri som gir opptil 38 timers driftstid ved str\u00f8mbrudd, noe som sikrer at sikkerhetssystemet forblir aktivt selv ved str\u00f8mbrudd.<\/li>\n<li><strong>Ethernet-tilkobling:<\/strong> For \u00e5 sikre en stabil og p\u00e5litelig kommunikasjon tilbyr ReX 2 muligheten til \u00e5 koble til huben via Ethernet, noe som forbedrer systemets p\u00e5litelighet i milj\u00f8er med lavt radiosignal.<\/li>\n<li><strong>Beskyttelse mot sabotasje:<\/strong> ReX 2 er utstyrt med funksjoner for \u00e5 oppdage manipulasjon og sabotasje. Hvis noen pr\u00f8ver \u00e5 tukle med enheten eller koble den fra systemet, aktiveres en sabotasjealarm.<\/li>\n<li><strong>Rask konfigurasjon:<\/strong> ReX 2 er enkel \u00e5 installere og konfigurere via Ajax-appen, og krever kun at du skanner QR-koden og f\u00f8lger instruksjonene for \u00e5 legge den til systemet.<\/li>\n<\/ul>\n<p><strong>Tekniske spesifikasjoner:<\/strong><\/p>\n<ul>\n<li><strong>Kompatibilitet:<\/strong> Hub 2, Hub 2 Plus, Hub Hybrid<\/li>\n<li><strong>Kommunikasjonsprotokoll:<\/strong> Juveler (for overf\u00f8ring av alarmer og hendelser), Wings (for fotooverf\u00f8ring)<\/li>\n<li><strong>Maks rekkevidde:<\/strong> Opptil 1700 m (avhengig av signalstyrke)<\/li>\n<li><strong>Reservebatteri:<\/strong> Opptil 38 timer<\/li>\n<li><strong>Ethernet-tilkobling:<\/strong> Ja, for sikker og stabil kommunikasjon<\/li>\n<li><strong>Temperaturomr\u00e5de:<\/strong> -10\u00b0C til +40\u00b0C<\/li>\n<li><strong>Installasjon:<\/strong> Innend\u00f8rs<\/li>\n<li><strong>M\u00e5le:<\/strong> 163 x 163 x 36 mm<\/li>\n<li><strong>Vekt:<\/strong> 410 g<\/li>\n<\/ul>\n<p>ReX 2 tilbyr ogs\u00e5 toveiskommunikasjon mellom huben og enhetene som er koblet til via forsterkeren, noe som sikrer rask og sikker dataoverf\u00f8ring.<\/p>\n<p>Hvis systemet opplever problemer med kommunikasjon via radio, kan det automatisk bytte til Ethernet-tilkobling for \u00e5 sikre at alarmer og hendelser alltid leveres raskt og n\u00f8yaktig.<\/p>","protected":false},"excerpt":{"rendered":"<p>Ajax ReX 2 er en avansert radiosignalforsterker som utvider rekkevidden til sikkerhetssystemet ditt og st\u00f8tter fotoverifisering.<\/p>\n<p>Kompatibel med Hub 2, Hub 2 Plus og Hub Hybrid, ReX 2 sikrer p\u00e5litelig kommunikasjon mellom sikkerhetsenhetene dine og hovedkontrollpanelet.<\/p>\n<p>Med reservebatteri, Ethernet-tilkobling og beskyttelse mot tukling, gir det \u00f8kt fleksibilitet og sikkerhet for systemet ditt.<\/p>","protected":false},"featured_media":152095,"template":"","meta":{"_acf_changed":false},"product_brand":[],"product_cat":[1319,3168],"product_tag":[3127,2137,4863],"class_list":{"0":"post-69622","1":"product","2":"type-product","3":"status-publish","4":"has-post-thumbnail","6":"product_cat-ajax-larm","7":"product_cat-range-extender-repeater","8":"product_tag-kontrollprodukt","9":"product_tag-lager-ajax","10":"product_tag-pf","11":"product_shipping_class-postnord-varubrev","12":"pa_ajax-tradlosa-larm-reapeater","13":"pa_brands-ajax-systems","14":"pa_color-vit","15":"pa_farg-vit","16":"tm-no-options","18":"first","19":"instock","20":"sale","21":"featured","22":"taxable","23":"shipping-taxable","24":"purchasable","25":"product-type-simple"},"acf":[],"_links":{"self":[{"href":"https:\/\/secureus.se\/no\/wp-json\/wp\/v2\/product\/69622","targetHints":{"allow":["GET"]}}],"collection":[{"href":"https:\/\/secureus.se\/no\/wp-json\/wp\/v2\/product"}],"about":[{"href":"https:\/\/secureus.se\/no\/wp-json\/wp\/v2\/types\/product"}],"wp:featuredmedia":[{"embeddable":true,"href":"https:\/\/secureus.se\/no\/wp-json\/wp\/v2\/media\/152095"}],"wp:attachment":[{"href":"https:\/\/secureus.se\/no\/wp-json\/wp\/v2\/media?parent=69622"}],"wp:term":[{"taxonomy":"product_brand","embeddable":true,"href":"https:\/\/secureus.se\/no\/wp-json\/wp\/v2\/product_brand?post=69622"},{"taxonomy":"product_cat","embeddable":true,"href":"https:\/\/secureus.se\/no\/wp-json\/wp\/v2\/product_cat?post=69622"},{"taxonomy":"product_tag","embeddable":true,"href":"https:\/\/secureus.se\/no\/wp-json\/wp\/v2\/product_tag?post=69622"}],"curies":[{"name":"wp","href":"https:\/\/api.w.org\/{rel}","templated":true}]}}