{"id":69743,"date":"2022-11-28T12:05:51","date_gmt":"2022-11-28T11:05:51","guid":{"rendered":"https:\/\/secureus.se\/produkt\/kameradetektor-husdjur-phod-12m-tradlos-svart\/"},"modified":"2026-03-09T17:45:04","modified_gmt":"2026-03-09T16:45:04","slug":"ajax-motioncam-phod-kameradetektor-svart","status":"publish","type":"product","link":"https:\/\/secureus.se\/no\/ajax-motioncam-phod-kameradetektor-svart\/","title":{"rendered":"Ajax MotionCam PhOD Kameradetektor Kj\u00e6ledyr Svart"},"content":{"rendered":"<h3><strong>Ajax MotionCam PhOD \u2013 Tr\u00e5dl\u00f8s bevegelsesdetektor med kamera- og kj\u00e6ledyrimmunitet<\/strong><\/h3>\n<p>Ajax MotionCam PhOD er den perfekte l\u00f8sningen for raskt og effektivt \u00e5 verifisere bevegelse i hjemmet eller bedriften din.<\/p>\n<p>Den tr\u00e5dl\u00f8se bevegelsesdetektoren er utstyrt med et h\u00f8yoppl\u00f8selig kamera som automatisk tar bilder ved alarm, noe som gj\u00f8r det mulig \u00e5 f\u00e5 umiddelbar visuell bekreftelse p\u00e5 hendelsen.<\/p>\n<p>Med avanserte funksjoner som kj\u00e6ledyrimmunitet, rask bildeverifisering og h\u00f8y sikkerhet via kryptering, tilbyr MotionCam PhOD en unik kombinasjon av sikkerhet og bekvemmelighet.<\/p>\n<p><strong>H\u00f8y ytelse funksjoner:<\/strong><\/p>\n<ol>\n<li><strong>Rask bildebekreftelse:<\/strong> N\u00e5r bevegelsesdetektoren er aktivert, tar MotionCam PhOD raskt bilder innen 9 sekunder for \u00e5 bekrefte hendelsen.<\/li>\n<li>Dette lar deg f\u00e5 rask og p\u00e5litelig informasjon om hva som har skjedd uten \u00e5 m\u00e5tte vente p\u00e5 ytterligere data.<\/li>\n<li><strong>Kj\u00e6ledyrs immunitet:<\/strong> MotionCam PhOD er designet med kj\u00e6ledyrimmunitet p\u00e5 opptil 20 kg og 50 cm, noe som reduserer risikoen for falske alarmer for\u00e5rsaket av kj\u00e6ledyr og gj\u00f8r den ideell for bruk i husholdninger med dyr.<\/li>\n<li><strong>Personvern og databeskyttelsesfunksjoner:<\/strong> Ajax MotionCam PhOD er n\u00f8ye utformet for \u00e5 beskytte personvernet ditt.<\/li>\n<li>Alle visuelle data som sendes og lagres er kryptert i henhold til strenge GDPR-regler, og tilgang til bilder kan kun gj\u00f8res av autoriserte brukere.<\/li>\n<li>Ved \u00e5 bruke spesialmenyer i Ajax-appen kan du kontrollere n\u00f8yaktig hvem som har tilgang til bilder og arrangementer.<\/li>\n<li><strong>Innebygd IR-belysning for m\u00f8rke forhold:<\/strong> For \u00e5 sikre at du f\u00e5r klare bilder selv i m\u00f8rke rom, er MotionCam PhOD utstyrt med en innebygd IR-illuminator som lar den ta bilder selv i d\u00e5rlige lysforhold eller helt m\u00f8rke forhold.<\/li>\n<li><strong>Bred deteksjonsvinkel og justerbar bildekvalitet:<\/strong> Den horisontale og vertikale deteksjonsvinkelen er bred, noe som betyr at den dekker et stort omr\u00e5de og fanger opp bevegelser fra alle retninger.<\/li>\n<li>I tillegg kan du justere bildeoppl\u00f8sningen for \u00e5 passe dine spesifikke behov, og spare b\u00e5ndbredde og lagringsplass n\u00e5r h\u00f8yere oppl\u00f8sning ikke er n\u00f8dvendig.<\/li>\n<\/ol>\n<p><strong>Intuitiv installasjon og integrasjon:<\/strong><\/p>\n<p>MotionCam PhOD er enkel \u00e5 installere og koble til ditt Ajax-system. Ved \u00e5 skanne QR-koden via Ajax-appen kan du raskt legge detektoren til systemet.<\/p>\n<p>Den krever ingen komplisert installasjon og kan monteres p\u00e5 en SmartBracket brakett uten \u00e5 m\u00e5tte demonteres.<\/p>\n<p><strong>Avanserte sikkerhetsfunksjoner:<\/strong><\/p>\n<ol>\n<li><strong>Rask deteksjon og anti-sabotasje:<\/strong> Med Ajax MotionCam PhOD f\u00e5r du rask bevegelsesdeteksjon og umiddelbar varsling i tilfelle mulige manipulasjoner eller tap av kommunikasjon.<\/li>\n<li>Hvis noen pr\u00f8ver \u00e5 sabotere enheten eller avinstallere den, sender systemet en alarm til smarttelefonen din og sikkerhetsselskapet.<\/li>\n<li><strong>Bruk av to tr\u00e5dl\u00f8se protokoller (juveler og vinger):<\/strong> MotionCam PhOD bruker to tr\u00e5dl\u00f8se protokoller for \u00e5 sikre p\u00e5litelig og rask kommunikasjon mellom enheten og huben, og gir h\u00f8yere sikkerhet og bedre rekkevidde.<\/li>\n<\/ol>\n<p><strong>Fordeler:<\/strong><\/p>\n<ul>\n<li><strong>Rask og sikker verifisering av alarmer<\/strong> via bilder.<\/li>\n<li><strong>Kj\u00e6ledyrs immunitet<\/strong> for \u00e5 unng\u00e5 falske alarmer for\u00e5rsaket av dyr.<\/li>\n<li><strong>Innebygd IR-belysning<\/strong> \u00e5 ta bilder under m\u00f8rke forhold.<\/li>\n<li><strong>Justerbar bildeoppl\u00f8sning<\/strong> for \u00e5 justere bildekvaliteten etter behov.<\/li>\n<li><strong>Kryptering og databeskyttelse<\/strong> i henhold til GDPR for maksimal sikkerhet.<\/li>\n<li><strong>Enkel installasjon og integrasjon<\/strong> med Ajax-appen.<\/li>\n<\/ul>\n<p><strong>Tekniske spesifikasjoner:<\/strong><\/p>\n<ul>\n<li><strong>Deteksjonsavstand:<\/strong> Opp til 12 meter.<\/li>\n<li><strong>Kj\u00e6ledyrs immunitet:<\/strong> Opp til 20 kg og 50 cm h\u00f8yde.<\/li>\n<li><strong>Batteritid:<\/strong> Inntil 4 \u00e5r avhengig av bruk.<\/li>\n<li><strong>Bildeoverf\u00f8ringstid:<\/strong> 9 sekunder for verifisering.<\/li>\n<li><strong>Kommunikasjonsomr\u00e5de med hub:<\/strong> Opptil 1300 meter (i \u00e5pent terreng).<\/li>\n<li><strong>Str\u00f8mforsyning:<\/strong> 1 x CR123A batteri.<\/li>\n<li><strong>IP beskyttelsesklasse:<\/strong> IP50.<\/li>\n<li><strong>M\u00e5le:<\/strong> 130 x 70 x 60 mm.<\/li>\n<li><strong>Vekt:<\/strong> 200 g.<\/li>\n<\/ul>\n<p>Med Ajax MotionCam PhOD f\u00e5r du ikke bare en p\u00e5litelig bevegelsesdetektor, men ogs\u00e5 en smart l\u00f8sning for raskt \u00e5 bekrefte alarmer og beskytte hjemmet eller bedriften med h\u00f8yeste sikkerhet og personvern.<\/p>\n<p>&nbsp;<\/p>\n<div id=\"gtx-trans\" style=\"position: absolute;left: 118px;top: 1920px\">\n<div class=\"gtx-trans-icon\"><\/div>\n<\/div>","protected":false},"excerpt":{"rendered":"<p>Ajax MotionCam PhOD er en tr\u00e5dl\u00f8s bevegelsesdetektor med kamera som tilbyr rask bildeverifisering ved alarm og p\u00e5 foresp\u00f8rsel.<\/p>\n<p>Med innebygd kj\u00e6ledyrimmunitet, justerbar bildeoppl\u00f8sning og avansert filtrering av falske alarmer, sikrer den effektiv og p\u00e5litelig deteksjon, selv under m\u00f8rke forhold.<\/p>","protected":false},"featured_media":155509,"template":"","meta":{"_acf_changed":false},"product_brand":[],"product_cat":[3156,1319,3155],"product_tag":[3127,4863],"class_list":{"0":"post-69743","1":"product","2":"type-product","3":"status-publish","4":"has-post-thumbnail","6":"product_cat-rorelse-och-kamera","7":"product_cat-ajax-larm","8":"product_cat-larmenheter","9":"product_tag-kontrollprodukt","10":"product_tag-pf","11":"product_shipping_class-postnord-varubrev","12":"pa_ajax-tradlosa-larm-kameradetektor","13":"pa_brands-ajax-systems","14":"pa_color-svart","15":"pa_farg-svart","16":"tm-no-options","18":"first","19":"instock","20":"sale","21":"featured","22":"taxable","23":"shipping-taxable","24":"purchasable","25":"product-type-simple"},"acf":[],"_links":{"self":[{"href":"https:\/\/secureus.se\/no\/wp-json\/wp\/v2\/product\/69743","targetHints":{"allow":["GET"]}}],"collection":[{"href":"https:\/\/secureus.se\/no\/wp-json\/wp\/v2\/product"}],"about":[{"href":"https:\/\/secureus.se\/no\/wp-json\/wp\/v2\/types\/product"}],"wp:featuredmedia":[{"embeddable":true,"href":"https:\/\/secureus.se\/no\/wp-json\/wp\/v2\/media\/155509"}],"wp:attachment":[{"href":"https:\/\/secureus.se\/no\/wp-json\/wp\/v2\/media?parent=69743"}],"wp:term":[{"taxonomy":"product_brand","embeddable":true,"href":"https:\/\/secureus.se\/no\/wp-json\/wp\/v2\/product_brand?post=69743"},{"taxonomy":"product_cat","embeddable":true,"href":"https:\/\/secureus.se\/no\/wp-json\/wp\/v2\/product_cat?post=69743"},{"taxonomy":"product_tag","embeddable":true,"href":"https:\/\/secureus.se\/no\/wp-json\/wp\/v2\/product_tag?post=69743"}],"curies":[{"name":"wp","href":"https:\/\/api.w.org\/{rel}","templated":true}]}}