{"id":69765,"date":"2022-11-28T12:05:45","date_gmt":"2022-11-28T11:05:45","guid":{"rendered":"https:\/\/secureus.se\/produkt\/kameradetektor-utomhus-phod-tradlos-vit-2\/"},"modified":"2026-04-17T09:19:53","modified_gmt":"2026-04-17T07:19:53","slug":"ajax-motioncam-outdoor-phod-vit","status":"publish","type":"product","link":"https:\/\/secureus.se\/no\/ajax-motioncam-outdoor-phod-vit\/","title":{"rendered":"Ajax MotionCam Outdoor (PhOD) kameradetektor hvit"},"content":{"rendered":"<h3>Ajax MotionCam Outdoor (PhOD) Jeweler er den ultimate utend\u00f8rs tr\u00e5dl\u00f8se bevegelsesdetektoren, designet for \u00e5 gi overlegen sikkerhet og umiddelbar fotoverifisering n\u00e5r bevegelse oppdages.<\/h3>\n<p>Denne enheten kombinerer h\u00f8yteknologisk deteksjon med rask bildeoverf\u00f8ring, og gir brukerne muligheten til \u00e5 f\u00e5 visuell bekreftelse av hendelser i l\u00f8pet av sekunder, direkte gjennom Ajax-appen.<\/p>\n<p>Perfekt for bruk hjemme, p\u00e5 kontoret eller i forretningslokaler der utend\u00f8rs beskyttelse er avgj\u00f8rende.<\/p>\n<p><strong>Funksjoner og fordeler:<\/strong><\/p>\n<ul>\n<li><strong>Justerbar deteksjonssone:<\/strong> Ajax MotionCam Outdoor har en fleksibel deteksjonssone p\u00e5 3-15 meter og er ideell for alle typer utend\u00f8rsmilj\u00f8er. Den kan tilpasses for \u00e5 dekke store omr\u00e5der, noe som gj\u00f8r den til en allsidig l\u00f8sning for b\u00e5de private og n\u00e6ringseiendommer.<\/li>\n<li><strong>Bildebekreftelse i sanntid:<\/strong> N\u00e5r bevegelse oppdages, kan kameraet ta opptil fem bilder p\u00e5 bare 9 sekunder. Dette gir umiddelbar visuell verifisering som kan sendes til brukere og sikkerhetsselskaper. Det gj\u00f8r det mulig \u00e5 raskt forst\u00e5 situasjonen og iverksette tiltak om n\u00f8dvendig.<\/li>\n<li><strong>Innebygd IR-belysning:<\/strong> For \u00e5 sikre bilder av h\u00f8y kvalitet selv under d\u00e5rlige lysforhold, er MotionCam Outdoor utstyrt med infrar\u00f8d (IR) belysning, som gj\u00f8r det mulig \u00e5 f\u00e5 klare bilder selv i m\u00f8rke omgivelser.<\/li>\n<li><strong>Kj\u00e6ledyrs immunitet:<\/strong> En smart funksjon som f\u00e5r enheten til \u00e5 ignorere bevegelser fra sm\u00e5 kj\u00e6ledyr p\u00e5 opptil 20 kg og 50 cm i h\u00f8yden, og minimerer risikoen for falske alarmer for\u00e5rsaket av kj\u00e6ledyr.<\/li>\n<li><strong>Temperaturkompensasjon:<\/strong> For \u00e5 sikre effektiv deteksjon i b\u00e5de kalde og varme forhold er MotionCam Outdoor utstyrt med temperaturkompensasjon. Det betyr at den beholder sin funksjon uavhengig av v\u00e6rforholdene.<\/li>\n<li><strong>Kompakt og robust design:<\/strong> Med IP55-klassifisering er enheten beskyttet mot b\u00e5de st\u00f8v og v\u00e6rforhold som regn og fuktighet. Dette gj\u00f8r den perfekt til \u00e5 t\u00e5le utend\u00f8rsforhold uten \u00e5 p\u00e5virke ytelsen.<\/li>\n<li><strong>Sikker databehandling og personvern:<\/strong> Alle bilder som tas er kryptert og beskyttet i henhold til GDPR-standarder. Brukere kan administrere tilgangen til bilder og visuelle data gjennom en streng statlig distribusjon i Ajax-appen.<\/li>\n<li><strong>Kommunikasjon og fleksibilitet:<\/strong> MotionCam Outdoor bruker b\u00e5de Jeweler og Wing tr\u00e5dl\u00f8se protokoller for \u00e5 sikre rask og p\u00e5litelig overf\u00f8ring av b\u00e5de alarmer og bilder. Med en kommunikasjonsrekkevidde p\u00e5 opptil 1700 meter er den ideell for store eiendommer og arealer.<\/li>\n<li><strong>Anti-sabotasje og maskeringsbeskyttelse:<\/strong> Enheten har innebygde anti-sabotasjefunksjoner som beskytter mot manipulasjon og sabotasjefors\u00f8k. Hvis kommunikasjonstap oppdages eller enheten fors\u00f8kes fjernet, sendes umiddelbare varsler til brukeren og sikkerhetsselskapet.<\/li>\n<\/ul>\n<p><strong>Kompatibilitet og enkel installasjon:<\/strong> MotionCam Outdoor (PhOD) er kompatibel med alle Ajax Hub 2, Hub 2 Plus og Hub Hybrid. Installasjonen er enkel via QR-kode, og detektoren kan raskt kobles til systemet via Ajax-appen. Den kan installeres flere steder ved hjelp av SmartBracket og er klar til bruk p\u00e5 bare noen f\u00e5 minutter.<\/p>\n<p><strong>Tekniske spesifikasjoner:<\/strong><\/p>\n<ul>\n<li><strong>Operasjonstid:<\/strong> Opptil 4 \u00e5r fra forh\u00e5ndsinstallerte batterier.<\/li>\n<li><strong>Temperaturomr\u00e5de:<\/strong> Fra -25\u00b0C til +60\u00b0C, noe som gj\u00f8r den ideell for bruk i t\u00f8ffe v\u00e6rforhold.<\/li>\n<li><strong>IR belysning:<\/strong> Ja, for \u00e5 ta bilder under m\u00f8rke forhold.<\/li>\n<li><strong>Kj\u00e6ledyrs immunitet:<\/strong> Opp til 20 kg og 50 cm.<\/li>\n<li><strong>Batteri:<\/strong> 4 x CR123A.<\/li>\n<li><strong>Bildebekreftelse:<\/strong> Tar opptil 5 bilder ved alarm, p\u00e5 foresp\u00f8rsel eller n\u00e5r r\u00f8yk oppdages.<\/li>\n<li><strong>Beskyttelses klasse:<\/strong> IP55 (regn- og st\u00f8vbeskyttelse).<\/li>\n<\/ul>\n<p><strong>Pakken inneholder:<\/strong><\/p>\n<ul>\n<li>MotionCam Outdoor (PhOD) detektor<\/li>\n<li>SmartBracket monteringspanel<\/li>\n<li>Forh\u00e5ndsinstallerte CR123A-batterier<\/li>\n<li>Installasjonsh\u00e5ndbok<\/li>\n<\/ul>\n<p>Ajax MotionCam Outdoor (PhOD) er det optimale valget for \u00e5 sikre din utend\u00f8rs overv\u00e5king med rask, p\u00e5litelig og sikker bildeverifisering.<\/p>\n<p>Ved \u00e5 kombinere h\u00f8yteknologisk bevegelsesdeteksjon og bildeverifisering, gir denne enheten omfattende beskyttelse og \u00f8ker sikkerheten for b\u00e5de hjem og bedrift.<\/p>","protected":false},"excerpt":{"rendered":"<p>Ajax MotionCam Outdoor (PhOD) er en tr\u00e5dl\u00f8s utend\u00f8rs bevegelsesdetektor med innebygd kamera for fotoverifisering.<\/p>\n<p>Den tilbyr rask bevegelsesdeteksjon, klar bildeoverf\u00f8ring med IR-belysning og st\u00f8tte for b\u00e5de Jeweler og Wing tr\u00e5dl\u00f8se protokoller.<\/p>\n<p>Med lang batterilevetid og integrert anti-sabotasjefunksjon er den perfekt for \u00e5 \u00f8ke sikkerheten utend\u00f8rs.<\/p>","protected":false},"featured_media":155510,"template":"","meta":{"_acf_changed":false},"product_brand":[],"product_cat":[3157,1319,3155,3156],"product_tag":[3152,3127,2137,4863],"class_list":{"0":"post-69765","1":"product","2":"type-product","3":"status-publish","4":"has-post-thumbnail","6":"product_cat-utomhussakerhet","7":"product_cat-ajax-larm","8":"product_cat-larmenheter","9":"product_cat-rorelse-och-kamera","10":"product_tag-cr123-tillbehor","11":"product_tag-kontrollprodukt","12":"product_tag-lager-ajax","13":"product_tag-pf","14":"product_shipping_class-postnord-varubrev","15":"pa_ajax-tradlosa-larm-kameradetektor","16":"pa_brands-ajax-systems","17":"pa_color-vit","18":"pa_farg-vit","19":"tm-no-options","21":"first","22":"instock","23":"sale","24":"featured","25":"taxable","26":"shipping-taxable","27":"purchasable","28":"product-type-simple"},"acf":[],"_links":{"self":[{"href":"https:\/\/secureus.se\/no\/wp-json\/wp\/v2\/product\/69765","targetHints":{"allow":["GET"]}}],"collection":[{"href":"https:\/\/secureus.se\/no\/wp-json\/wp\/v2\/product"}],"about":[{"href":"https:\/\/secureus.se\/no\/wp-json\/wp\/v2\/types\/product"}],"wp:featuredmedia":[{"embeddable":true,"href":"https:\/\/secureus.se\/no\/wp-json\/wp\/v2\/media\/155510"}],"wp:attachment":[{"href":"https:\/\/secureus.se\/no\/wp-json\/wp\/v2\/media?parent=69765"}],"wp:term":[{"taxonomy":"product_brand","embeddable":true,"href":"https:\/\/secureus.se\/no\/wp-json\/wp\/v2\/product_brand?post=69765"},{"taxonomy":"product_cat","embeddable":true,"href":"https:\/\/secureus.se\/no\/wp-json\/wp\/v2\/product_cat?post=69765"},{"taxonomy":"product_tag","embeddable":true,"href":"https:\/\/secureus.se\/no\/wp-json\/wp\/v2\/product_tag?post=69765"}],"curies":[{"name":"wp","href":"https:\/\/api.w.org\/{rel}","templated":true}]}}