{"id":69832,"date":"2022-11-28T11:19:59","date_gmt":"2022-11-28T10:19:59","guid":{"rendered":"https:\/\/secureus.se\/produkt\/din-faste-for-relamodul\/"},"modified":"2026-03-11T23:00:10","modified_gmt":"2026-03-11T22:00:10","slug":"ajax-din-holder-din-relamodul","status":"publish","type":"product","link":"https:\/\/secureus.se\/no\/ajax-din-holder-din-relamodul\/","title":{"rendered":"Ajax DIN Holder DIN-brakett for rel\u00e9modul"},"content":{"rendered":"<h3>Ajax DIN-holder er en robust og p\u00e5litelig l\u00f8sning for montering av Ajax rel\u00e9moduler p\u00e5 en DIN-skinne, noe som gj\u00f8r installasjonen enkel og sikker.<\/h3>\n<p>Denne holderen er designet for \u00e5 passe perfekt med Ajax rel\u00e9moduler, som WallSwitch, og brukes til \u00e5 kontrollere og automatisere enheter som pumper, belysning og andre elektriske apparater.<\/p>\n<p>Med denne holderen f\u00e5r du en ryddig og sikker installasjon av rel\u00e9modulen din i koblingsboks, serverskap eller el-tavle.<\/p>\n<p>DIN-holderen er en viktig komponent for \u00e5 skape en p\u00e5litelig og sikker elektrisk installasjon, og den hjelper til med \u00e5 holde Ajax-enhetene dine riktig montert og beskyttet i forskjellige typer installasjoner.<\/p>\n<p>En av de store fordelene med dette produktet er at det gir enkel tilgang og brukervennlighet n\u00e5r du skal installere eller oppgradere alarmutstyret ditt.<\/p>\n<p>Holderen er kompatibel med de vanligste Ajax rel\u00e9modulene (delnr. 50459019 og 50459020), og den gj\u00f8r installasjon p\u00e5 DIN-skinnen til en rask og praktisk prosess.<\/p>\n<p>For enkel installasjon er det inkludert et dekalsett for \u00e5 tillate merking av enhetene eller kretsene hvert rel\u00e9 kontrollerer, og minimerer risikoen for feil installasjon eller drift.<\/p>\n<p>Denne funksjonen sikrer ogs\u00e5 at brukere og installat\u00f8rer har en klar oversikt over systemstrukturen og hvilket rel\u00e9 som styrer hvilken enhet eller funksjon.<\/p>\n<p>Ajax er ledende innen sikkerhetssystemer og har utviklet avanserte teknologier som integreres s\u00f8ml\u00f8st med daglig bruk for \u00e5 forbedre b\u00e5de sikkerhet og komfort.<\/p>\n<p>Selskapet er en global akt\u00f8r og beskytter i dag over 1,8 millioner brukere i 169 land.<\/p>\n<p>Ajax-systemet gj\u00f8r det mulig for brukere \u00e5 overv\u00e5ke og kontrollere hjemmet eller virksomheten deres fra hvor som helst via en mobilapp, og systemet tilbyr b\u00e5de kablede og tr\u00e5dl\u00f8se l\u00f8sninger for \u00e5 beskytte mot innbrudd, brann, vannlekkasjer og andre potensielle trusler.<\/p>\n<p>Denne DIN-holderen gir deg fleksibiliteten og sikkerheten som kreves for \u00e5 kunne installere og administrere Ajax sikkerhetsl\u00f8sninger effektivt og b\u00e6rekraftig.<\/p>\n<p>&nbsp;<\/p>","protected":false},"excerpt":{"rendered":"<p>Ajax DIN-Holder er en holder designet for \u00e5 sikkert montere Ajax rel\u00e9moduler som WallSwitch p\u00e5 en DIN-skinne.<\/p>\n<p>Perfekt for montering i koblingsbokser, serverskap eller elektriske paneler.<\/p>\n<p>Inkluderer etikett for merking.<\/p>","protected":false},"featured_media":151871,"template":"","meta":{"_acf_changed":false},"product_brand":[],"product_cat":[3169,3128],"product_tag":[4863],"class_list":{"0":"post-69832","1":"product","2":"type-product","3":"status-publish","4":"has-post-thumbnail","6":"product_cat-automation","7":"product_cat-ajax-reservdelar-fasten","8":"product_tag-pf","9":"product_shipping_class-postnord-varubrev","10":"pa_ajax-tradlosa-larm-rela-multisandare","11":"pa_brands-ajax-systems","12":"pa_color-svart","13":"pa_farg-svart","14":"tm-no-options","16":"first","17":"instock","18":"sale","19":"featured","20":"taxable","21":"shipping-taxable","22":"purchasable","23":"product-type-simple"},"acf":[],"_links":{"self":[{"href":"https:\/\/secureus.se\/no\/wp-json\/wp\/v2\/product\/69832","targetHints":{"allow":["GET"]}}],"collection":[{"href":"https:\/\/secureus.se\/no\/wp-json\/wp\/v2\/product"}],"about":[{"href":"https:\/\/secureus.se\/no\/wp-json\/wp\/v2\/types\/product"}],"wp:featuredmedia":[{"embeddable":true,"href":"https:\/\/secureus.se\/no\/wp-json\/wp\/v2\/media\/151871"}],"wp:attachment":[{"href":"https:\/\/secureus.se\/no\/wp-json\/wp\/v2\/media?parent=69832"}],"wp:term":[{"taxonomy":"product_brand","embeddable":true,"href":"https:\/\/secureus.se\/no\/wp-json\/wp\/v2\/product_brand?post=69832"},{"taxonomy":"product_cat","embeddable":true,"href":"https:\/\/secureus.se\/no\/wp-json\/wp\/v2\/product_cat?post=69832"},{"taxonomy":"product_tag","embeddable":true,"href":"https:\/\/secureus.se\/no\/wp-json\/wp\/v2\/product_tag?post=69832"}],"curies":[{"name":"wp","href":"https:\/\/api.w.org\/{rel}","templated":true}]}}