{"id":69876,"date":"2022-11-28T11:05:22","date_gmt":"2022-11-28T10:05:22","guid":{"rendered":"https:\/\/secureus.se\/produkt\/kameradetektor-husdjur-12m-tradlos-vit\/"},"modified":"2026-03-16T21:46:38","modified_gmt":"2026-03-16T20:46:38","slug":"ajax-motioncam-kameradetektor-husdjur-vit","status":"publish","type":"product","link":"https:\/\/secureus.se\/no\/ajax-motioncam-kameradetektor-husdjur-vit\/","title":{"rendered":"Ajax MotionCam Kameradetektor Kj\u00e6ledyrsfunksjon Hvit"},"content":{"rendered":"<h3><strong>Ajax MotionCam \u2013 Tr\u00e5dl\u00f8s bevegelsesdetektor med kamera- og kj\u00e6ledyrimmunitet<\/strong><\/h3>\n<p>Ajax MotionCam er en tr\u00e5dl\u00f8s bevegelsesdetektor som tar bilder ved alarm, noe som muliggj\u00f8r umiddelbar verifisering av hendelser.<\/p>\n<p>Med innebygd kj\u00e6ledyrimmunitet og avansert teknologi for \u00e5 minimere falske alarmer, er dette den ultimate sikkerhetssysteml\u00f8sningen.<\/p>\n<p>MotionCam er ikke bare en detektor, men et kraftig verkt\u00f8y for rask og p\u00e5litelig alarmverifisering.<\/p>\n<p><strong>Hovedtrekkene:<\/strong><\/p>\n<ol>\n<li><strong>Rask bildeverifisering (9 sekunder):<\/strong> N\u00e5r bevegelsesdetektoren er aktivert, tar MotionCam bilder umiddelbart og sender dem til smarttelefonen eller sikkerhetssenteret.<\/li>\n<li>Dette lar deg f\u00e5 en umiddelbar visuell bekreftelse p\u00e5 hva som har skjedd uten \u00e5 m\u00e5tte vente p\u00e5 ytterligere data.<\/li>\n<li><strong>Kj\u00e6ledyrs immunitet:<\/strong> MotionCam har kj\u00e6ledyrimmunitet for dyr opptil 20 kg og 50 cm.<\/li>\n<li>Dette betyr at du kan ha sikkerhetssystemet p\u00e5 uten \u00e5 bekymre deg for falske alarmer for\u00e5rsaket av kj\u00e6ledyrene dine.<\/li>\n<li><strong>Justerbar bildeoppl\u00f8sning:<\/strong> For \u00e5 dekke ulike behov kan bildeoppl\u00f8sningen justeres for \u00e5 spare b\u00e5ndbredde og lagringsplass.<\/li>\n<li>H\u00f8yere oppl\u00f8sning kan brukes for mer detaljerte bilder ved behov.<\/li>\n<li><strong>IR-belysning for m\u00f8rke forhold:<\/strong> Med innebygd IR-belysning kan MotionCam ta bilder selv i m\u00f8rke rom, slik at du kan v\u00e6re sikker p\u00e5 at ingenting g\u00e5r ubemerket hen selv om natten.<\/li>\n<li><strong>Funksjon for temperaturkompensasjon:<\/strong> MotionCam justerer deteksjonsinnstillingene basert p\u00e5 omgivelsestemperaturen, noe som gj\u00f8r den effektiv i b\u00e5de varme og kalde omgivelser.<\/li>\n<\/ol>\n<p><strong>Tekniske spesifikasjoner:<\/strong><\/p>\n<ul>\n<li><strong>Deteksjonsavstand:<\/strong> Opp til 12 meter<\/li>\n<li><strong>Kj\u00e6ledyrs immunitet:<\/strong> Opp til 20 kg og 50 cm<\/li>\n<li><strong>Bildebekreftelsestid:<\/strong> 9 sekunder<\/li>\n<li><strong>Batteritid:<\/strong> Inntil 4 \u00e5r avhengig av bruk<\/li>\n<li><strong>Kommunikasjonsomr\u00e5de med hub:<\/strong> Opptil 1300 meter (i \u00e5pent terreng)<\/li>\n<li><strong>Str\u00f8mforsyning:<\/strong> 1 x CR123A batteri<\/li>\n<li><strong>M\u00e5le:<\/strong> 130 x 70 x 60 mm<\/li>\n<li><strong>Vekt:<\/strong> 200 g<\/li>\n<li><strong>Beskyttelses klasse:<\/strong> IP50<\/li>\n<li><strong>Temperaturkompensasjon:<\/strong> Ja<\/li>\n<li><strong>IR belysning:<\/strong> Ja<\/li>\n<\/ul>\n<p><strong>Personvern og databeskyttelse:<\/strong><\/p>\n<ul>\n<li><strong>Kryptering og GDPR-overholdelse:<\/strong> Alle bilder og data er kryptert for \u00e5 sikre at ingen uvedkommende kan f\u00e5 tilgang til sensitiv informasjon.<\/li>\n<li>Kun autoriserte brukere kan se bildene via Ajax-appen, og dataoverf\u00f8ring er sikker ved bruk av blokkkryptering og frekvenshopping.<\/li>\n<\/ul>\n<p><strong>Tr\u00e5dl\u00f8s teknologi:<\/strong><\/p>\n<ul>\n<li><strong>Jeweler and Wings Protocol:<\/strong> MotionCam bruker b\u00e5de Jeweler og Wing tr\u00e5dl\u00f8se protokoller for rask og p\u00e5litelig kommunikasjon.<\/li>\n<li>Jeweler s\u00f8rger for sikker alarmoverf\u00f8ring, mens Wings s\u00f8rger for rask fotooverf\u00f8ring.<\/li>\n<\/ul>\n<p><strong>Anti-sabotasje funksjoner:<\/strong><\/p>\n<ul>\n<li>MotionCam oppdager om enheten tukler eller om det oppst\u00e5r kommunikasjonstap, og sender umiddelbart et varsel.<\/li>\n<li>Dette sikrer at enheten forblir sikker og funksjonell, selv i tilfelle tuklingsfors\u00f8k.<\/li>\n<\/ul>\n<p><strong>Installasjon og integrasjon:<\/strong> MotionCam er enkelt \u00e5 installere via Ajax-appen.<\/p>\n<p>Ved \u00e5 skanne QR-koden kan du raskt legge enheten til systemet uten \u00e5 m\u00e5tte demontere noe.<\/p>\n<p>Detektoren er installert p\u00e5 en SmartBracket-brakett og er klar til bruk p\u00e5 f\u00e5 minutter.<\/p>\n<p><strong>Fordeler:<\/strong><\/p>\n<ul>\n<li><strong>Rask alarmbekreftelse:<\/strong> F\u00e5 umiddelbar innsikt i sikkerhetshendelser.<\/li>\n<li><strong>Reduserer falske alarmer:<\/strong> Kj\u00e6ledyrsimmunitet og avansert programvarefiltrering lar deg v\u00e6re sikker p\u00e5 at systemet reagerer riktig.<\/li>\n<li><strong>\u00d8kt sikkerhet:<\/strong> H\u00f8yere sikkerhet gjennom visuell verifisering av hendelser.<\/li>\n<li><strong>Enkel bruk og installasjon:<\/strong> Enkel \u00e5 installere og konfigurere via appen.<\/li>\n<li><strong>H\u00f8yere personvern og databeskyttelse:<\/strong> Kryptering og streng tilgangskontroll beskytter informasjonen din.<\/li>\n<\/ul>\n<p><strong>Bruksomr\u00e5der:<\/strong><\/p>\n<ul>\n<li><strong>Hjem:<\/strong> Bekreft inntrengninger og f\u00e5 umiddelbar visuell bekreftelse p\u00e5 smarttelefonsystemet ditt.<\/li>\n<li><strong>Virksomhet:<\/strong> Overv\u00e5k bedriftens lokaler og f\u00e5 rask informasjon om sikkerhetstrusler.<\/li>\n<li><strong>Forsikringsform\u00e5l:<\/strong> Skaff dokumentasjon av sikkerhetshendelser for \u00e5 bevise brudd og skader.<\/li>\n<\/ul>","protected":false},"excerpt":{"rendered":"<p>Ajax MotionCam er en tr\u00e5dl\u00f8s bevegelsesdetektor med innebygd kamera som gir rask bildeverifisering p\u00e5 9 sekunder.<\/p>\n<p>Den er utstyrt med kj\u00e6ledyrimmunitet, justerbar bildeoppl\u00f8sning og IR-belysning for \u00e5 ta bilder selv under m\u00f8rke forhold.<\/p>\n<p>En p\u00e5litelig l\u00f8sning for \u00e5 redusere falske alarmer og gi rask innsikt i innbrudd.<\/p>","protected":false},"featured_media":155437,"template":"","meta":{"_acf_changed":false},"product_brand":[],"product_cat":[3156,1319,3155],"product_tag":[3127,2137,4863],"class_list":{"0":"post-69876","1":"product","2":"type-product","3":"status-publish","4":"has-post-thumbnail","6":"product_cat-rorelse-och-kamera","7":"product_cat-ajax-larm","8":"product_cat-larmenheter","9":"product_tag-kontrollprodukt","10":"product_tag-lager-ajax","11":"product_tag-pf","12":"product_shipping_class-postnord-varubrev","13":"pa_ajax-tradlosa-larm-kameradetektor","14":"pa_brands-ajax-systems","15":"pa_color-vit","16":"pa_farg-vit","17":"tm-no-options","19":"first","20":"instock","21":"sale","22":"featured","23":"taxable","24":"shipping-taxable","25":"purchasable","26":"product-type-simple"},"acf":[],"_links":{"self":[{"href":"https:\/\/secureus.se\/no\/wp-json\/wp\/v2\/product\/69876","targetHints":{"allow":["GET"]}}],"collection":[{"href":"https:\/\/secureus.se\/no\/wp-json\/wp\/v2\/product"}],"about":[{"href":"https:\/\/secureus.se\/no\/wp-json\/wp\/v2\/types\/product"}],"wp:featuredmedia":[{"embeddable":true,"href":"https:\/\/secureus.se\/no\/wp-json\/wp\/v2\/media\/155437"}],"wp:attachment":[{"href":"https:\/\/secureus.se\/no\/wp-json\/wp\/v2\/media?parent=69876"}],"wp:term":[{"taxonomy":"product_brand","embeddable":true,"href":"https:\/\/secureus.se\/no\/wp-json\/wp\/v2\/product_brand?post=69876"},{"taxonomy":"product_cat","embeddable":true,"href":"https:\/\/secureus.se\/no\/wp-json\/wp\/v2\/product_cat?post=69876"},{"taxonomy":"product_tag","embeddable":true,"href":"https:\/\/secureus.se\/no\/wp-json\/wp\/v2\/product_tag?post=69876"}],"curies":[{"name":"wp","href":"https:\/\/api.w.org\/{rel}","templated":true}]}}