{"id":70923,"date":"2023-01-04T15:30:01","date_gmt":"2023-01-04T14:30:01","guid":{"rendered":"https:\/\/secureus.se\/produkt\/kameradetektor-pir-x95-inomhus-med-ir-ljus-for-morker\/"},"modified":"2025-12-31T20:41:50","modified_gmt":"2025-12-31T19:41:50","slug":"risco-2-vags-rorelsedetektor-med-kamera","status":"publish","type":"product","link":"https:\/\/secureus.se\/no\/risco-2-vags-rorelsedetektor-med-kamera\/","title":{"rendered":"Risco 2-veis bevegelsesdetektor med kamera"},"content":{"rendered":"<h1>Risco 2-veis bevegelsesdetektor med kamera<\/h1>\n<div class=\"lobby-row even\">\n<div class=\"lobby-cols lobby-cols-1\">\n<div class=\"lobby-col\">\n<p data-start=\"492\" data-end=\"911\">RISCO 2-veis bevegelsesdetektor med kameraagilitet WiComm Pro (mod. RWX95CM8000 C) er en avansert sikkerhetsl\u00f8sning som kombinerer bevegelsesdeteksjon med kamerateknologi for \u00e5 tilby forbedret alarmverifisering.<\/p>\n<p data-start=\"492\" data-end=\"911\">Denne tr\u00e5dl\u00f8se passive infrar\u00f8de (PIR) detektoren har et innebygd kamera, slik at brukeren kan motta bilder p\u00e5 smarttelefonen eller nettet via RISCO Cloud-serveren n\u00e5r et innbrudd oppdages.<\/p>\n<p data-start=\"913\" data-end=\"1359\">Den innovative kameradetektoren lar brukere motta sanntidsbilder i tilfelle innbrudd eller p\u00e5 foresp\u00f8rsel fra brukeren.<\/p>\n<p data-start=\"913\" data-end=\"1359\">Bildene sendes via IP-kommunikasjon til RISCO Cloud-serveren og kan n\u00e5s via RISCOs iRISCO-app eller nettet.<\/p>\n<p data-start=\"913\" data-end=\"1359\">Denne funksjonen lar brukeren overv\u00e5ke alarmen sin og sjekke hva som skjer i tilfelle et mulig innbrudd.<\/p>\n<p data-start=\"913\" data-end=\"1359\">Alle bilder lagres ogs\u00e5 i RISCO Cloud for fremtidig analyse og sikkerhetsgjennomgang.<\/p>\n<p data-start=\"1361\" data-end=\"1732\">En av de mest fremtredende funksjonene er bevegelsesdeteksjon, som suppleres av intelligent signalbehandling for \u00e5 minimere falske alarmer.<\/p>\n<p data-start=\"1361\" data-end=\"1732\">Kameradetektoren er utstyrt med en spesiell beskyttelse for sensoren for \u00e5 forhindre falske alarmer fra insekter og en linse med pigment for \u00e5 beskytte mot hvitt lys.<\/p>\n<p data-start=\"1361\" data-end=\"1732\">Dette gj\u00f8r den p\u00e5litelig og n\u00f8yaktig selv under vanskelige forhold.<\/p>\n<p data-start=\"1734\" data-end=\"2015\">Den er ogs\u00e5 utstyrt med en manipuleringsbeskyttelse som forhindrer at den fjernes fra monteringsflaten.<\/p>\n<p data-start=\"1734\" data-end=\"2015\">For \u00e5 muliggj\u00f8re overv\u00e5king i totalt m\u00f8rke har kameraet usynlig IR-lys som tillater overv\u00e5king opptil 10 meter unna, noe som gj\u00f8r det ideelt for bruk om natten.<\/p>\n<p data-start=\"2017\" data-end=\"2346\">RISCO 2-veis bevegelsesdetektor med kameraagility WiComm Pro er kompatibel med flere RISCO-systemer som Agility3 og tilbyr fleksibel installasjon i et hj\u00f8rne eller flatt p\u00e5 veggen.<\/p>\n<p data-start=\"2017\" data-end=\"2346\">Den bruker to separate radiokanaler for \u00e5 sikre sikker overf\u00f8ring av b\u00e5de bilder og alarmer, noe som gj\u00f8r systemet sv\u00e6rt robust og p\u00e5litelig.<\/p>\n<p data-start=\"2348\" data-end=\"2378\"><strong data-start=\"2348\" data-end=\"2376\">Hovedfunksjoner:<\/strong><\/p>\n<ul data-start=\"2379\" data-end=\"2985\">\n<li data-start=\"2379\" data-end=\"2420\">\n<p data-start=\"2381\" data-end=\"2420\"><strong data-start=\"2381\" data-end=\"2396\">Vedtak:<\/strong> VGA- eller QVGA-bilder<\/p>\n<\/li>\n<li data-start=\"2421\" data-end=\"2470\">\n<p data-start=\"2423\" data-end=\"2470\"><strong data-start=\"2423\" data-end=\"2446\">Synsvinkel:<\/strong> 12m x 12m (40\u2032 x 40\u2032)<\/p>\n<\/li>\n<li data-start=\"2471\" data-end=\"2536\">\n<p data-start=\"2473\" data-end=\"2536\"><strong data-start=\"2473\" data-end=\"2482\">H\u00f8yde:<\/strong> Monteringsh\u00f8yde p\u00e5 2,2 m til 2,5 m (7 ft til 8 ft)<\/p>\n<\/li>\n<li data-start=\"2537\" data-end=\"2583\">\n<p data-start=\"2539\" data-end=\"2583\"><strong data-start=\"2539\" data-end=\"2551\">Batteri:<\/strong> 2 x CR123, 3V litiumbatterier<\/p>\n<\/li>\n<li data-start=\"2584\" data-end=\"2623\">\n<p data-start=\"2586\" data-end=\"2623\"><strong data-start=\"2586\" data-end=\"2607\">Str\u00f8mforbruk:<\/strong> 16 \u00b5A standby<\/p>\n<\/li>\n<li data-start=\"2624\" data-end=\"2676\">\n<p data-start=\"2626\" data-end=\"2676\"><strong data-start=\"2626\" data-end=\"2639\">Omfang:<\/strong> Usynlig IR-lys opptil 10 meter<\/p>\n<\/li>\n<li data-start=\"2677\" data-end=\"2751\">\n<p data-start=\"2679\" data-end=\"2751\"><strong data-start=\"2679\" data-end=\"2694\">Egenskaper:<\/strong> Innebygd mikrofon, dag\/natt, PIR-beskyttelse, SD-kortlagring<\/p>\n<\/li>\n<li data-start=\"2752\" data-end=\"2832\">\n<p data-start=\"2754\" data-end=\"2832\"><strong data-start=\"2754\" data-end=\"2773\">Kompatibilitet:<\/strong> Agility3-system, Wicomm Pro, ProSYS Plus V1.4, LightSYS+<\/p>\n<\/li>\n<li data-start=\"2833\" data-end=\"2881\">\n<p data-start=\"2835\" data-end=\"2881\"><strong data-start=\"2835\" data-end=\"2854\">Sikkerhetsklasse:<\/strong> Klasse 3 for h\u00f8y sikkerhet<\/p>\n<\/li>\n<li data-start=\"2882\" data-end=\"2944\">\n<p data-start=\"2884\" data-end=\"2944\"><strong data-start=\"2884\" data-end=\"2908\">Temperaturomr\u00e5de:<\/strong> -10 \u00b0C til 40 \u00b0C (14 \u00b0F til 104 \u00b0F)<\/p>\n<\/li>\n<li data-start=\"2945\" data-end=\"2985\">\n<p data-start=\"2947\" data-end=\"2985\"><strong data-start=\"2947\" data-end=\"2964\">IP-vurdering:<\/strong> IP65 for utend\u00f8rs bruk<\/p>\n<\/li>\n<\/ul>\n<p data-start=\"2987\" data-end=\"3018\"><strong data-start=\"2987\" data-end=\"3016\">Tekniske spesifikasjoner:<\/strong><\/p>\n<ul data-start=\"3019\" data-end=\"3343\">\n<li data-start=\"3019\" data-end=\"3047\">\n<p data-start=\"3021\" data-end=\"3047\"><strong data-start=\"3021\" data-end=\"3036\">Vedtak:<\/strong> VGA\/QVGA<\/p>\n<\/li>\n<li data-start=\"3048\" data-end=\"3089\">\n<p data-start=\"3050\" data-end=\"3089\"><strong data-start=\"3050\" data-end=\"3063\">Hyppighet:<\/strong> 868,65 MHz \/ 433,92 MHz<\/p>\n<\/li>\n<li data-start=\"3090\" data-end=\"3134\">\n<p data-start=\"3092\" data-end=\"3134\"><strong data-start=\"3092\" data-end=\"3102\">N\u00e5v\u00e6rende:<\/strong> 3V litiumbatterier (2x CR123)<\/p>\n<\/li>\n<li data-start=\"3135\" data-end=\"3192\">\n<p data-start=\"3137\" data-end=\"3192\"><strong data-start=\"3137\" data-end=\"3152\">Egenskaper:<\/strong> PET-immunitet opptil 36 kg (80 lbs)<\/p>\n<\/li>\n<li data-start=\"3193\" data-end=\"3277\">\n<p data-start=\"3195\" data-end=\"3277\"><strong data-start=\"3195\" data-end=\"3210\">Radiokanal:<\/strong> Dobbel radiokanal for sikker bildeoverf\u00f8ring og alarmkommunikasjon<\/p>\n<\/li>\n<li data-start=\"3278\" data-end=\"3343\">\n<p data-start=\"3280\" data-end=\"3343\"><strong data-start=\"3280\" data-end=\"3295\">Batteritid:<\/strong> Opptil 3 \u00e5rs levetid, avhengig av bruk<\/p>\n<\/li>\n<\/ul>\n<\/div>\n<\/div>\n<\/div>","protected":false},"excerpt":{"rendered":"<p>RISCO 2-veis bevegelsesdetektor med kameraagilitet WiComm Pro er en tr\u00e5dl\u00f8s PIR-kameradetektor som sender bilder ved inntrenging eller p\u00e5 foresp\u00f8rsel.<\/p>\n<p>Den tilbyr sikker bildeoverf\u00f8ring via RISCO Cloud, slik at brukeren kan overv\u00e5ke alarmen sin i sanntid via smarttelefon eller internett.<\/p>","protected":false},"featured_media":141848,"template":"","meta":{"_acf_changed":false},"product_brand":[],"product_cat":[3188,2731],"product_tag":[2426],"class_list":{"0":"post-70923","1":"product","2":"type-product","3":"status-publish","4":"has-post-thumbnail","6":"product_cat-larmenheter-risco-larm","7":"product_cat-risco-larm","8":"product_tag-rel-risco","9":"product_shipping_class-postnord-varubrev","10":"pa_brands-4risco","11":"tm-no-options","13":"first","14":"instock","15":"sale","16":"featured","17":"taxable","18":"shipping-taxable","19":"purchasable","20":"product-type-simple"},"acf":[],"_links":{"self":[{"href":"https:\/\/secureus.se\/no\/wp-json\/wp\/v2\/product\/70923","targetHints":{"allow":["GET"]}}],"collection":[{"href":"https:\/\/secureus.se\/no\/wp-json\/wp\/v2\/product"}],"about":[{"href":"https:\/\/secureus.se\/no\/wp-json\/wp\/v2\/types\/product"}],"wp:featuredmedia":[{"embeddable":true,"href":"https:\/\/secureus.se\/no\/wp-json\/wp\/v2\/media\/141848"}],"wp:attachment":[{"href":"https:\/\/secureus.se\/no\/wp-json\/wp\/v2\/media?parent=70923"}],"wp:term":[{"taxonomy":"product_brand","embeddable":true,"href":"https:\/\/secureus.se\/no\/wp-json\/wp\/v2\/product_brand?post=70923"},{"taxonomy":"product_cat","embeddable":true,"href":"https:\/\/secureus.se\/no\/wp-json\/wp\/v2\/product_cat?post=70923"},{"taxonomy":"product_tag","embeddable":true,"href":"https:\/\/secureus.se\/no\/wp-json\/wp\/v2\/product_tag?post=70923"}],"curies":[{"name":"wp","href":"https:\/\/api.w.org\/{rel}","templated":true}]}}