{"id":70933,"date":"2023-01-04T16:26:06","date_gmt":"2023-01-04T15:26:06","guid":{"rendered":"https:\/\/secureus.se\/produkt\/oppnaknapp-touch-exklusive-svart-abs-plast\/"},"modified":"2026-02-13T11:54:31","modified_gmt":"2026-02-13T10:54:31","slug":"oppnaknapp-touch-exklusive-svart-abs-plast","status":"publish","type":"product","link":"https:\/\/secureus.se\/no\/oppnaknapp-touch-exklusive-svart-abs-plast\/","title":{"rendered":"\u00c5pne-knapp Ber\u00f8ring Svart \u2013 Ber\u00f8ringsf\u00f8lsom 12\u201324V, IP65"},"content":{"rendered":"<p data-start=\"796\" data-end=\"1100\"><strong data-start=\"796\" data-end=\"834\">\u00c5pne-knapp Ber\u00f8r svart \u2013<\/strong>\u00a0er en ber\u00f8ringsf\u00f8lsom, elektronisk \u00e5pningsknapp designet for profesjonell adgangskontroll og d\u00f8rmilj\u00f8er.<br data-start=\"943\" data-end=\"946\" \/>Knappen aktiveres med et lett fingertrykk og fungerer begge deler <strong data-start=\"1007\" data-end=\"1021\">selvstendig<\/strong> og <strong data-start=\"1026\" data-end=\"1057\">koblet til en kontroller<\/strong> for \u00e5 \u00e5pne fra sikrede omr\u00e5der.<\/p>\n<p data-start=\"1102\" data-end=\"1362\">Takket v\u00e6re dens <strong data-start=\"1116\" data-end=\"1154\">kompakt design og IP65-klassifisering<\/strong> Den er ideell for b\u00e5de innend\u00f8rs og utend\u00f8rs bruk.<br data-start=\"1205\" data-end=\"1208\" \/>Modellen er laget i <strong data-start=\"1233\" data-end=\"1256\">slagfast ABS-plast<\/strong>, med <strong data-start=\"1262\" data-end=\"1285\">st\u00f8pt elektronikk<\/strong> og <strong data-start=\"1290\" data-end=\"1308\">harpiksfylling<\/strong> for ekstra beskyttelse mot fuktighet, st\u00f8v og spenningstopper.<\/p>\n<p data-start=\"1364\" data-end=\"1594\"><strong data-start=\"1364\" data-end=\"1384\">LED-indikasjonen<\/strong> veksler mellom r\u00f8d (standby) og gr\u00f8nn (aktivert), og en <strong data-start=\"1443\" data-end=\"1465\">innebygd summerlyd<\/strong> gir tydelig tilbakemelding ved aktivering.<br data-start=\"1501\" data-end=\"1504\" \/>MTTBK kan brukes i <strong data-start=\"1525\" data-end=\"1550\">puls- eller l\u00e5semodus<\/strong>, som stilles inn via dip-brytere p\u00e5 baksiden.<\/p>\n<hr data-start=\"1596\" data-end=\"1599\" \/>\n<h3 data-start=\"1601\" data-end=\"1636\"><strong data-start=\"1608\" data-end=\"1636\">Tekniske spesifikasjoner<\/strong><\/h3>\n<div class=\"_tableContainer_1rjym_1\">\n<div class=\"group _tableWrapper_1rjym_13 flex w-fit flex-col-reverse\">\n<table class=\"w-fit min-w-(--thread-content-width)\" data-start=\"1637\" data-end=\"2236\">\n<thead data-start=\"1637\" data-end=\"1657\">\n<tr data-start=\"1637\" data-end=\"1657\">\n<th data-start=\"1637\" data-end=\"1648\" data-col-size=\"sm\">Eiendom<\/th>\n<th data-start=\"1648\" data-end=\"1657\" data-col-size=\"md\">Verdi<\/th>\n<\/tr>\n<\/thead>\n<tbody data-start=\"1681\" data-end=\"2236\">\n<tr data-start=\"1681\" data-end=\"1703\">\n<td data-start=\"1681\" data-end=\"1690\" data-col-size=\"sm\">Modell<\/td>\n<td data-start=\"1690\" data-end=\"1703\" data-col-size=\"md\">XPR MTTBK<\/td>\n<\/tr>\n<tr data-start=\"1704\" data-end=\"1728\">\n<td data-start=\"1704\" data-end=\"1715\" data-col-size=\"sm\">Materiale<\/td>\n<td data-col-size=\"md\" data-start=\"1715\" data-end=\"1728\">ABS plast<\/td>\n<\/tr>\n<tr data-start=\"1729\" data-end=\"1745\">\n<td data-start=\"1729\" data-end=\"1736\" data-col-size=\"sm\">Farge<\/td>\n<td data-col-size=\"md\" data-start=\"1736\" data-end=\"1745\">Svart<\/td>\n<\/tr>\n<tr data-start=\"1746\" data-end=\"1784\">\n<td data-start=\"1746\" data-end=\"1757\" data-col-size=\"sm\">Spenning<\/td>\n<td data-start=\"1757\" data-end=\"1784\" data-col-size=\"md\">12\u201324 V likestr\u00f8m \/ 15\u201324 V vekselstr\u00f8m<\/td>\n<\/tr>\n<tr data-start=\"1785\" data-end=\"1818\">\n<td data-start=\"1785\" data-end=\"1804\" data-col-size=\"sm\">Str\u00f8mforbruk<\/td>\n<td data-col-size=\"md\" data-start=\"1804\" data-end=\"1818\">maks. 65 mA<\/td>\n<\/tr>\n<tr data-start=\"1819\" data-end=\"1877\">\n<td data-start=\"1819\" data-end=\"1832\" data-col-size=\"sm\">Rel\u00e9utgang<\/td>\n<td data-col-size=\"md\" data-start=\"1832\" data-end=\"1877\">NO \/ NC \/ C (2A ved 24V DC eller 120V AC)<\/td>\n<\/tr>\n<tr data-start=\"1878\" data-end=\"1934\">\n<td data-start=\"1878\" data-end=\"1891\" data-col-size=\"sm\">Indikasjon<\/td>\n<td data-col-size=\"md\" data-start=\"1891\" data-end=\"1934\">LED \u2013 R\u00f8d (hvilemodus) \/ Gr\u00f8nn (aktivert)<\/td>\n<\/tr>\n<tr data-start=\"1935\" data-end=\"1975\">\n<td data-start=\"1935\" data-end=\"1948\" data-col-size=\"sm\">Lydsignal<\/td>\n<td data-col-size=\"md\" data-start=\"1948\" data-end=\"1975\">Ja, summer ved ber\u00f8ring<\/td>\n<\/tr>\n<tr data-start=\"1976\" data-end=\"2038\">\n<td data-start=\"1976\" data-end=\"1987\" data-col-size=\"sm\">Trekk<\/td>\n<td data-col-size=\"md\" data-start=\"1987\" data-end=\"2038\">Puls- eller l\u00e5semodus (3, 5, 10 s) via DIP-bryter<\/td>\n<\/tr>\n<tr data-start=\"2039\" data-end=\"2061\">\n<td data-start=\"2039\" data-end=\"2053\" data-col-size=\"sm\">beskyttelses klasse<\/td>\n<td data-col-size=\"md\" data-start=\"2053\" data-end=\"2061\">IP65<\/td>\n<\/tr>\n<tr data-start=\"2062\" data-end=\"2088\">\n<td data-start=\"2062\" data-end=\"2069\" data-col-size=\"sm\">M\u00e5le<\/td>\n<td data-col-size=\"md\" data-start=\"2069\" data-end=\"2088\">92 \u00d7 51 \u00d7 27 mm<\/td>\n<\/tr>\n<tr data-start=\"2089\" data-end=\"2105\">\n<td data-start=\"2089\" data-end=\"2096\" data-col-size=\"sm\">Vekt<\/td>\n<td data-col-size=\"md\" data-start=\"2096\" data-end=\"2105\">130 g<\/td>\n<\/tr>\n<tr data-start=\"2106\" data-end=\"2147\">\n<td data-start=\"2106\" data-end=\"2125\" data-col-size=\"sm\">Driftstemperatur<\/td>\n<td data-col-size=\"md\" data-start=\"2125\" data-end=\"2147\">\u201320 \u00b0C til +50 \u00b0C<\/td>\n<\/tr>\n<tr data-start=\"2148\" data-end=\"2202\">\n<td data-start=\"2148\" data-end=\"2164\" data-col-size=\"sm\">Fuktighet<\/td>\n<td data-col-size=\"md\" data-start=\"2164\" data-end=\"2202\">Opptil 95 % (ikke-kondenserende)<\/td>\n<\/tr>\n<tr data-start=\"2203\" data-end=\"2236\">\n<td data-start=\"2203\" data-end=\"2216\" data-col-size=\"sm\">Sertifikat<\/td>\n<td data-col-size=\"md\" data-start=\"2216\" data-end=\"2236\">CE, RoHS2, RoHS3<\/td>\n<\/tr>\n<\/tbody>\n<\/table>\n<\/div>\n<\/div>\n<hr data-start=\"2238\" data-end=\"2241\" \/>\n<h3 data-start=\"2243\" data-end=\"2262\"><strong data-start=\"2250\" data-end=\"2262\">Fordeler<\/strong><\/h3>\n<ul data-start=\"2263\" data-end=\"2601\">\n<li data-start=\"2263\" data-end=\"2331\">\n<p data-start=\"2265\" data-end=\"2331\">Helt elektronisk, <strong data-start=\"2283\" data-end=\"2305\">ingen bevegelige deler<\/strong> \u2192 sv\u00e6rt lang levetid<\/p>\n<\/li>\n<li data-start=\"2332\" data-end=\"2382\">\n<p data-start=\"2334\" data-end=\"2382\"><strong data-start=\"2334\" data-end=\"2350\">IP65-klassifisert<\/strong> og beskyttet mot fuktighet og st\u00f8v<\/p>\n<\/li>\n<li data-start=\"2383\" data-end=\"2425\">\n<p data-start=\"2385\" data-end=\"2425\">Kan monteres p\u00e5 veggen (uten innfelling)<\/p>\n<\/li>\n<li data-start=\"2426\" data-end=\"2480\">\n<p data-start=\"2428\" data-end=\"2480\">Visuell LED-tilbakemelding (r\u00f8d\/gr\u00f8nn) og lydindikasjon<\/p>\n<\/li>\n<li data-start=\"2481\" data-end=\"2537\">\n<p data-start=\"2483\" data-end=\"2537\">Passer for <strong data-start=\"2495\" data-end=\"2535\">b\u00e5de nye og eksisterende adgangskontrollsystemer<\/strong><\/p>\n<\/li>\n<li data-start=\"2538\" data-end=\"2601\">\n<p data-start=\"2540\" data-end=\"2601\">Elegant svart design med pilsymbol for moderne installasjon<\/p>\n<\/li>\n<\/ul>\n<hr data-start=\"2603\" data-end=\"2606\" \/>\n<h3 data-start=\"2608\" data-end=\"2637\"><strong data-start=\"2615\" data-end=\"2637\">Bruksomr\u00e5der<\/strong><\/h3>\n<ul data-start=\"2638\" data-end=\"2796\">\n<li data-start=\"2638\" data-end=\"2677\">\n<p data-start=\"2640\" data-end=\"2677\">D\u00f8rkontroll i adgangskontrollsystemer<\/p>\n<\/li>\n<li data-start=\"2678\" data-end=\"2709\">\n<p data-start=\"2680\" data-end=\"2709\">Innganger, porter og d\u00f8r\u00e5pninger<\/p>\n<\/li>\n<li data-start=\"2710\" data-end=\"2752\">\n<p data-start=\"2712\" data-end=\"2752\">Sykehus, kontorer, skoler og industrier<\/p>\n<\/li>\n<li data-start=\"2753\" data-end=\"2796\">\n<p data-start=\"2755\" data-end=\"2796\">Heispaneler og industrielle kontrollsystemer<\/p>\n<\/li>\n<\/ul>","protected":false},"excerpt":{"rendered":"<p>Ber\u00f8ringsf\u00f8lsom \u00e5pningsknapp i svart ABS-plast for adgangskontroll og d\u00f8rkontroll.<br data-start=\"564\" data-end=\"567\" \/>IP65-klassifisert og vandalsikker design.<br data-start=\"607\" data-end=\"610\" \/>Aktiveres med et lett trykk og gir visuell indikasjon (r\u00f8d\/gr\u00f8nn LED).<br data-start=\"680\" data-end=\"683\" \/>Drevet av 12\u201324 V DC\/AC, passer til alle standardkontrollere (NO\/NC-rel\u00e9).<\/p>","protected":false},"featured_media":159134,"template":"","meta":{"_acf_changed":false},"product_brand":[],"product_cat":[4867],"product_tag":[3068,2958],"class_list":{"0":"post-70933","1":"product","2":"type-product","3":"status-publish","4":"has-post-thumbnail","6":"product_cat-oppnaknappar-kategorier","7":"product_tag-oppnaknapp-beroringsfria","8":"product_tag-stonehouse-produkt","9":"product_shipping_class-postnord-varubrev","10":"pa_brands-stonehouse-security","11":"tm-no-options","13":"first","14":"instock","15":"sale","16":"featured","17":"taxable","18":"shipping-taxable","19":"purchasable","20":"product-type-simple"},"acf":[],"_links":{"self":[{"href":"https:\/\/secureus.se\/no\/wp-json\/wp\/v2\/product\/70933","targetHints":{"allow":["GET"]}}],"collection":[{"href":"https:\/\/secureus.se\/no\/wp-json\/wp\/v2\/product"}],"about":[{"href":"https:\/\/secureus.se\/no\/wp-json\/wp\/v2\/types\/product"}],"wp:featuredmedia":[{"embeddable":true,"href":"https:\/\/secureus.se\/no\/wp-json\/wp\/v2\/media\/159134"}],"wp:attachment":[{"href":"https:\/\/secureus.se\/no\/wp-json\/wp\/v2\/media?parent=70933"}],"wp:term":[{"taxonomy":"product_brand","embeddable":true,"href":"https:\/\/secureus.se\/no\/wp-json\/wp\/v2\/product_brand?post=70933"},{"taxonomy":"product_cat","embeddable":true,"href":"https:\/\/secureus.se\/no\/wp-json\/wp\/v2\/product_cat?post=70933"},{"taxonomy":"product_tag","embeddable":true,"href":"https:\/\/secureus.se\/no\/wp-json\/wp\/v2\/product_tag?post=70933"}],"curies":[{"name":"wp","href":"https:\/\/api.w.org\/{rel}","templated":true}]}}