{"id":71893,"date":"2023-01-20T13:15:23","date_gmt":"2023-01-20T12:15:23","guid":{"rendered":"https:\/\/secureus.se\/produkt\/sandare-for-tredjepartsdetektorer\/"},"modified":"2026-04-07T13:01:18","modified_gmt":"2026-04-07T11:01:18","slug":"ajax-transmitter-sandare-for-tredjepart","status":"publish","type":"product","link":"https:\/\/secureus.se\/no\/ajax-transmitter-sandare-for-tredjepart\/","title":{"rendered":"Ajax Sender Sender for tredjeparts detektorer \/ Sender Juveler"},"content":{"rendered":"<h3><strong>Ajax-sender \u2013 sender for tredjepartsdetektorer<\/strong><\/h3>\n<p>Ajax-senderen er en tr\u00e5dl\u00f8s senderenhet som gj\u00f8r det mulig \u00e5 koble tredjepartsdetektorer og andre enheter til Ajax sikkerhetssystem.<\/p>\n<p>Dette innovative produktet gir brukeren fleksibilitet og presisjon, og sikrer at alle deler av sikkerhetssystemet ditt fungerer sammen for \u00e5 beskytte eiendommen din mot inntrengere, brann, gasslekkasjer eller andre farer.<\/p>\n<p><strong>Enkel integrasjon med Ajax-systemet<\/strong><\/p>\n<p>Senderen er designet for \u00e5 enkelt integreres med alle Ajax-huber og repeatere, og gir brukerne muligheten til \u00e5 koble til b\u00e5de kablede og tr\u00e5dl\u00f8se detektorer.<\/p>\n<p>Med en tr\u00e5dl\u00f8s rekkevidde p\u00e5 opptil 1600 meter i \u00e5pent terreng, kan Ajax-senderen plasseres p\u00e5 ulike strategiske steder for \u00e5 maksimere dekningen og sikre at hele omr\u00e5det er beskyttet.<\/p>\n<p><strong>Alarmfunksjoner og fleksibilitet<\/strong><\/p>\n<p>Ajax-senderen har flere justerbare alarmtyper p\u00e5 inngangene, noe som gj\u00f8r den til en fleksibel l\u00f8sning for alle typer sikkerhetsbehov. Du kan velge mellom:<\/p>\n<ul>\n<li><strong>Innbruddsalarm<\/strong> - For \u00e5 oppdage u\u00f8nsket inntrenging.<\/li>\n<li><strong>Brannalarm<\/strong> \u2013 For \u00e5 oppdage brann- eller r\u00f8ykutvikling.<\/li>\n<li><strong>N\u00f8dalarm<\/strong> \u2013 For \u00e5 sende en alarm i n\u00f8dstilfeller.<\/li>\n<li><strong>Overfallsalarm<\/strong> \u2013 For raskt \u00e5 varsle dersom et overfall finner sted.<\/li>\n<li><strong>Gassalarm<\/strong> - \u00c5 oppdage farlige gasslekkasjer i omgivelsene.<\/li>\n<\/ul>\n<p>Den justerbare karakteren til alarmtypene gj\u00f8r det mulig for brukeren \u00e5 konfigurere systemet til sine egne behov, noe som gj\u00f8r Ajax-senderen ideell for bruk i b\u00e5de private og kommersielle milj\u00f8er.<\/p>\n<p><strong>Temperaturoverv\u00e5king og lang batterilevetid<\/strong><\/p>\n<p>En innebygd temperatursensor i Ajax-senderen m\u00e5ler omgivelsestemperaturen, og gir et ekstra lag med sikkerhet.<\/p>\n<p>Temperaturen overv\u00e5kes kontinuerlig og kan bidra til \u00e5 oppdage eventuelle risikoer som kan oppst\u00e5 p\u00e5 grunn av ekstreme temperaturer. Denne funksjonen er spesielt nyttig i milj\u00f8er der temperaturkontroll er kritisk, for eksempel i serverrom eller varehus.<\/p>\n<p>N\u00e5r det gjelder str\u00f8mforsyning, bruker Ajax-senderen tre CR123A-batterier, som er inkludert i pakken.<\/p>\n<p>Batteriene har en lang levetid p\u00e5 opptil fem \u00e5r, s\u00e5 du trenger ikke \u00e5 bekymre deg for \u00e5 bytte batterier ofte. Dette gj\u00f8r Ajax-senderen til et kostnadseffektivt alternativ for langsiktig sikkerhet.<\/p>\n<p><strong>Slitesterk og robust design<\/strong><\/p>\n<p>Ajax-senderen er bygget for \u00e5 vare og operere i et bredt temperaturomr\u00e5de fra -25\u00b0C til +50\u00b0C, noe som gj\u00f8r den nyttig i b\u00e5de kaldt og varmt klima.<\/p>\n<p>Den robuste konstruksjonen gj\u00f8r at den t\u00e5ler t\u00f8ffe milj\u00f8forhold og fortsetter \u00e5 levere p\u00e5litelig sikkerhet over tid. Den er ogs\u00e5 designet for \u00e5 h\u00e5ndtere h\u00f8y luftfuktighet, noe som gj\u00f8r den ideell for bruk i fuktige omr\u00e5der.<\/p>\n<p><strong>Enkel installasjon og bruk<\/strong><\/p>\n<p>Installasjonen av Ajax-senderen er enkel og krever ingen teknisk kunnskap. Systemet kan raskt konfigureres via Ajax mobilapp, og detektorer kobles enkelt til med ett klikk.<\/p>\n<p>Den brukervennlige appen muliggj\u00f8r ogs\u00e5 fjernoverv\u00e5king og kontroll av sikkerhetssystemet, og gir brukeren full kontroll over sikkerheten til hjemmet eller bedriften.<\/p>\n<p><strong>Kompatibilitet med Ajax-systemet<\/strong><\/p>\n<p>Ajax-senderen er kompatibel med alle Ajax-huber og repeatere, noe som gj\u00f8r den til en perfekt l\u00f8sning for brukere som allerede har et Ajax-system p\u00e5 plass.<\/p>\n<p>Enten du bruker den til \u00e5 koble til flere detektorer eller for \u00e5 lage et helt tilpasset sikkerhetssystem, vil Ajax-senderen passe perfekt inn i ditt eksisterende system.<\/p>\n<p><strong>Spesifikasjoner:<\/strong><\/p>\n<ul>\n<li><strong>Tr\u00e5dl\u00f8s rekkevidde:<\/strong> Opp til 1600 meter i \u00e5pent terreng<\/li>\n<li><strong>Temperaturomr\u00e5de:<\/strong> -25\u00b0C til +50\u00b0C<\/li>\n<li><strong>Batteritype:<\/strong> 3 \u00d7 CR123A (3V)<\/li>\n<li><strong>Batteritid:<\/strong> Inntil 5 \u00e5r<\/li>\n<li><strong>Alarmtyper:<\/strong> Innbrudd, brann, n\u00f8dalarm, overfall, gass<\/li>\n<li><strong>Luftfuktighet:<\/strong> Opptil 75%<\/li>\n<li><strong>Kompatibilitet:<\/strong> Alle Ajax-huber og repeatere<\/li>\n<li><strong>St\u00f8rrelse:<\/strong> 80 \u00d7 50 \u00d7 28 mm<\/li>\n<li><strong>Vekt:<\/strong> 60 g<\/li>\n<\/ul>\n<p><strong>Innhold i pakken:<\/strong><\/p>\n<ul>\n<li>Ajax sender<\/li>\n<li>3 x CR123A batterier<\/li>\n<li>Brukermanual<\/li>\n<\/ul>\n<p><strong>Konklusjon:<\/strong><\/p>\n<p>Ajax-senderen er en allsidig og p\u00e5litelig l\u00f8sning for \u00e5 koble tredjepartsdetektorer til ditt Ajax-sikkerhetssystem.<\/p>\n<p>Med lang rekkevidde, justerbare alarmtyper, innebygd temperaturoverv\u00e5king og lang batterilevetid, gir denne senderen en fleksibel og kostnadseffektiv l\u00f8sning for \u00e5 styrke sikkerhetssystemet ditt.<\/p>","protected":false},"excerpt":{"rendered":"<p>Ajax-senderen er en tr\u00e5dl\u00f8s sender som gj\u00f8r det mulig \u00e5 koble tredjepartsdetektorer til ditt Ajax-system.<\/p>\n<p>Med en innebygd temperatursensor og justerbare alarmtyper kan du lage et tilpasset sikkerhetssystem.<\/p>\n<p>Rekkevidde opptil 1600 mi fritt terreng.<\/p>","protected":false},"featured_media":151888,"template":"","meta":{"_acf_changed":false},"product_brand":[],"product_cat":[3170,1319],"product_tag":[3152,4863],"class_list":{"0":"post-71893","1":"product","2":"type-product","3":"status-publish","4":"has-post-thumbnail","6":"product_cat-integration","7":"product_cat-ajax-larm","8":"product_tag-cr123-tillbehor","9":"product_tag-pf","10":"product_shipping_class-tunga-paket","11":"pa_brands-ajax-systems","12":"pa_color-svart","13":"pa_farg-svart","14":"tm-no-options","16":"first","17":"instock","18":"sale","19":"featured","20":"taxable","21":"shipping-taxable","22":"purchasable","23":"product-type-simple"},"acf":[],"_links":{"self":[{"href":"https:\/\/secureus.se\/no\/wp-json\/wp\/v2\/product\/71893","targetHints":{"allow":["GET"]}}],"collection":[{"href":"https:\/\/secureus.se\/no\/wp-json\/wp\/v2\/product"}],"about":[{"href":"https:\/\/secureus.se\/no\/wp-json\/wp\/v2\/types\/product"}],"wp:featuredmedia":[{"embeddable":true,"href":"https:\/\/secureus.se\/no\/wp-json\/wp\/v2\/media\/151888"}],"wp:attachment":[{"href":"https:\/\/secureus.se\/no\/wp-json\/wp\/v2\/media?parent=71893"}],"wp:term":[{"taxonomy":"product_brand","embeddable":true,"href":"https:\/\/secureus.se\/no\/wp-json\/wp\/v2\/product_brand?post=71893"},{"taxonomy":"product_cat","embeddable":true,"href":"https:\/\/secureus.se\/no\/wp-json\/wp\/v2\/product_cat?post=71893"},{"taxonomy":"product_tag","embeddable":true,"href":"https:\/\/secureus.se\/no\/wp-json\/wp\/v2\/product_tag?post=71893"}],"curies":[{"name":"wp","href":"https:\/\/api.w.org\/{rel}","templated":true}]}}