{"id":72297,"date":"2023-01-23T09:55:41","date_gmt":"2023-01-23T08:55:41","guid":{"rendered":"https:\/\/secureus.se\/?post_type=product&#038;p=72297"},"modified":"2025-12-31T20:43:13","modified_gmt":"2025-12-31T19:43:13","slug":"dsc-tamper-switch-pc5003c","status":"publish","type":"product","link":"https:\/\/secureus.se\/no\/dsc-tamper-switch-pc5003c\/","title":{"rendered":"DSC sabotasjebryter \/ sabotasjebryter for skap PC5003C"},"content":{"rendered":"<p><b>DSC sabotasjebryter PC5003C <\/b>\u00a0er en sabotasjebryter av h\u00f8y kvalitet som tilbyr en effektiv m\u00e5te \u00e5 beskytte sikkerhetssystemene dine mot u\u00f8nsket manipulasjon.<\/p>\n<p>Denne universelle bryteren er designet for bruk med DSC NEO-systemer, og kan installeres p\u00e5 kabinetter for \u00e5 sikre at de forblir intakte og beskyttet.<\/p>\n<p>N\u00e5r et kabinett \u00e5pnes eller tukles med, aktiverer bryteren en alarm, som sikrer rask respons p\u00e5 potensielle inntrengninger.<\/p>\n<p>Denne sabotasjebryteren er enkel \u00e5 installere og fungerer effektivt i en rekke milj\u00f8er, noe som gj\u00f8r den til et utmerket valg for b\u00e5de boliger og kommersielle applikasjoner.<\/p>\n<p>Den integreres s\u00f8ml\u00f8st med PowerSeries Neo-systemet, og muliggj\u00f8r overv\u00e5king av opptil 128 soner og tilpasning av sikkerhetsl\u00f8sninger for ulike deler av eiendommen.<\/p>\n<p>Med en robust konstruksjon og enkel installasjon tilbyr DSC Tamper Switch PC5003C p\u00e5litelig beskyttelse for sikkerhetssystemene dine, og gir ekstra sikkerhet og trygghet.<\/p>\n<p>&nbsp;<\/p>\n<p>&nbsp;<\/p>\n<p>&nbsp;<\/p>","protected":false},"excerpt":{"rendered":"<p>DSC sabotasjebryter PC5003C er en universell sabotasjebryter designet for \u00e5 alarmbeskytte kabinetter for DSC NEO-systemer.<\/p>\n<p>Den er ideell for \u00e5 forhindre uautorisert tilgang og for \u00e5 sikre at sikkerhetsenhetene dine alltid er beskyttet.<\/p>\n<p>Den er enkel \u00e5 installere og fungerer p\u00e5litelig i forskjellige milj\u00f8er.<\/p>","protected":false},"featured_media":140847,"template":"","meta":{"_acf_changed":false},"product_brand":[],"product_cat":[3332,1322,3323],"product_tag":[3311,3022,3031],"class_list":{"0":"post-72297","1":"product","2":"type-product","3":"status-publish","4":"has-post-thumbnail","6":"product_cat-tillbehor","7":"product_cat-dsc-larm-neo-power-hybridlarm","8":"product_cat-kapsling","9":"product_tag-dsc-neo-svensk-manual","10":"product_tag-neo-central-kapslingar","11":"product_tag-neo-ovriga-tillbehor","12":"product_shipping_class-tunga-paket","13":"pa_brands-4dsc","14":"tm-has-options","16":"first","17":"onbackorder","18":"sale","19":"featured","20":"taxable","21":"shipping-taxable","22":"purchasable","23":"product-type-simple"},"acf":[],"_links":{"self":[{"href":"https:\/\/secureus.se\/no\/wp-json\/wp\/v2\/product\/72297","targetHints":{"allow":["GET"]}}],"collection":[{"href":"https:\/\/secureus.se\/no\/wp-json\/wp\/v2\/product"}],"about":[{"href":"https:\/\/secureus.se\/no\/wp-json\/wp\/v2\/types\/product"}],"wp:featuredmedia":[{"embeddable":true,"href":"https:\/\/secureus.se\/no\/wp-json\/wp\/v2\/media\/140847"}],"wp:attachment":[{"href":"https:\/\/secureus.se\/no\/wp-json\/wp\/v2\/media?parent=72297"}],"wp:term":[{"taxonomy":"product_brand","embeddable":true,"href":"https:\/\/secureus.se\/no\/wp-json\/wp\/v2\/product_brand?post=72297"},{"taxonomy":"product_cat","embeddable":true,"href":"https:\/\/secureus.se\/no\/wp-json\/wp\/v2\/product_cat?post=72297"},{"taxonomy":"product_tag","embeddable":true,"href":"https:\/\/secureus.se\/no\/wp-json\/wp\/v2\/product_tag?post=72297"}],"curies":[{"name":"wp","href":"https:\/\/api.w.org\/{rel}","templated":true}]}}