{"id":72311,"date":"2023-01-26T17:57:48","date_gmt":"2023-01-26T16:57:48","guid":{"rendered":"https:\/\/secureus.se\/?post_type=product&#038;p=72311"},"modified":"2026-01-06T20:51:09","modified_gmt":"2026-01-06T19:51:09","slug":"dsc-power-supply-pgm-module-pc5204","status":"publish","type":"product","link":"https:\/\/secureus.se\/no\/dsc-power-supply-pgm-module-pc5204\/","title":{"rendered":"DSC Power Supply PGM-modul PC5204 (dette produktet er utg\u00e5tt av sortimentet)"},"content":{"rendered":"<p><strong>DSC str\u00f8mforsyning PGM-modul PC5204<\/strong> er en avansert str\u00f8mforsynings- og utgangsmodul designet for \u00e5 gi fleksibel og p\u00e5litelig str\u00f8mstyring innenfor DSC PowerSeries NEO-systemer.<\/p>\n<p>Med en hovedutgang p\u00e5 12 V DC og en kapasitet p\u00e5 1 Amp, kan modulen enkelt drive sirener eller andre enheter som krever h\u00f8y str\u00f8m.<\/p>\n<p>I tillegg tilbyr den fire programmerbare transistorutganger, som gir mulighet for ulike funksjoner og tilpasning i henhold til spesifikke sikkerhetsbehov.<\/p>\n<p>En separat kapslingsinngang sikrer at modulen kan beskyttes mot uautorisert tilgang, og den kan kobles til med fire ledninger for enkel installasjon.<\/p>\n<p>Merk at modulen leveres uten kapsling, noe som gj\u00f8r den fleksibel for ulike installasjonsmilj\u00f8er.<\/p>\n<p>For \u00e5 drive modulen kreves et separat reservebatteri (7Ah) og transformator (17VAC).<\/p>\n<p>Med sin brukervennlige design og omfattende funksjoner er DSC Power Supply PGM Module PC5204 en utmerket l\u00f8sning for \u00e5 optimere sikkerhetssystemets ytelse og p\u00e5litelighet.<\/p>","protected":false},"excerpt":{"rendered":"<p>DSC Power Supply PGM Module PC5204 er et kraftig tilbeh\u00f8r for PowerSeries NEO, med en utgang p\u00e5 12 V og 1 Amp.<\/p>\n<p>Den inneholder fire programmerbare transistorutganger for LED- eller rel\u00e9styring.<\/p>\n<p>Modulen krever et separat reservebatteri og er ideell for \u00e5 kontrollere sirener og andre funksjoner i sikkerhetssystemet.<\/p>","protected":false},"featured_media":141111,"template":"","meta":{"_acf_changed":false},"product_brand":[],"product_cat":[1322,3330],"product_tag":[3311,3027],"class_list":{"0":"post-72311","1":"product","2":"type-product","3":"status-publish","4":"has-post-thumbnail","6":"product_cat-dsc-larm-neo-power-hybridlarm","7":"product_cat-powerseries-1616-1864","8":"product_tag-dsc-neo-svensk-manual","9":"product_tag-power-pc1616-1864-aldre-versionen-av-neo","10":"product_shipping_class-postnord-varubrev","11":"pa_brands-4dsc","12":"tm-has-options","14":"first","15":"outofstock","16":"sale","17":"featured","18":"taxable","19":"shipping-taxable","20":"purchasable","21":"product-type-simple"},"acf":[],"_links":{"self":[{"href":"https:\/\/secureus.se\/no\/wp-json\/wp\/v2\/product\/72311","targetHints":{"allow":["GET"]}}],"collection":[{"href":"https:\/\/secureus.se\/no\/wp-json\/wp\/v2\/product"}],"about":[{"href":"https:\/\/secureus.se\/no\/wp-json\/wp\/v2\/types\/product"}],"wp:featuredmedia":[{"embeddable":true,"href":"https:\/\/secureus.se\/no\/wp-json\/wp\/v2\/media\/141111"}],"wp:attachment":[{"href":"https:\/\/secureus.se\/no\/wp-json\/wp\/v2\/media?parent=72311"}],"wp:term":[{"taxonomy":"product_brand","embeddable":true,"href":"https:\/\/secureus.se\/no\/wp-json\/wp\/v2\/product_brand?post=72311"},{"taxonomy":"product_cat","embeddable":true,"href":"https:\/\/secureus.se\/no\/wp-json\/wp\/v2\/product_cat?post=72311"},{"taxonomy":"product_tag","embeddable":true,"href":"https:\/\/secureus.se\/no\/wp-json\/wp\/v2\/product_tag?post=72311"}],"curies":[{"name":"wp","href":"https:\/\/api.w.org\/{rel}","templated":true}]}}