{"id":72373,"date":"2023-01-23T09:55:52","date_gmt":"2023-01-23T08:55:52","guid":{"rendered":"https:\/\/secureus.se\/produkt\/dsc-neo-power-g-wireless-vattendetektor-pg8985-2\/"},"modified":"2025-12-31T20:38:09","modified_gmt":"2025-12-31T19:38:09","slug":"flood-detector-pg8985","status":"publish","type":"product","link":"https:\/\/secureus.se\/no\/flood-detector-pg8985\/","title":{"rendered":"DSC flomdetektor tr\u00e5dl\u00f8s PG8985"},"content":{"rendered":"<p><strong>DSC flomdetektor PG8985<\/strong> er en avansert tr\u00e5dl\u00f8s vanndetektor designet for \u00e5 beskytte hjem og n\u00e6ringseiendommer mot vannlekkasjer.<\/p>\n<p>Den bruker PowerG-teknologi for \u00e5 muliggj\u00f8re kommunikasjon over avstander p\u00e5 opptil 2 km i friluft, og sikrer p\u00e5litelig overv\u00e5king selv over store omr\u00e5der.<\/p>\n<p>Detektoren har en 1,8 meter lang sonde som kan plasseres p\u00e5 bakkeniv\u00e5 for \u00e5 oppdage vann tidlig.<\/p>\n<p>Hvis sonden kobles fra, gis en advarsel, og den synlige signalindikatoren gj\u00f8r det enkelt \u00e5 velge optimal installasjonssted uten \u00e5 m\u00e5tte g\u00e5 tilbake til tastaturet.<\/p>\n<p>PG8985 er ogs\u00e5 utstyrt med lav batteriindikator og har en batterilevetid p\u00e5 opptil 8 \u00e5r ved normal bruk, noe som gir langsiktig p\u00e5litelighet.<\/p>\n<p>Detektoren er kompatibel med PowerSeries Neo, PowerSeries Pro og Qolsys paneler, noe som gj\u00f8r den til en fleksibel l\u00f8sning for b\u00e5de boliger og kommersielle applikasjoner.<\/p>\n<p>Med sin raske installasjon og h\u00f8ye immunitet mot falske alarmer, gir PG8985 trygghet og sikkerhet mot vannskader.<\/p>","protected":false},"excerpt":{"rendered":"<p>DSC Flood Detector PG8985 er en tr\u00e5dl\u00f8s vanndetektor som effektivt oppdager vannlekkasjer.<\/p>\n<p>Den er ideell for installasjon i kjellere, b\u00e5ter og fritidsboliger.<\/p>\n<p>Med en 1,8 meter lang sonde gir den et tidlig varsel ved lekkasje og har en batterilevetid p\u00e5 opptil 8 \u00e5r.<\/p>\n<p>PG8985 er kompatibel med PowerSeries Neo, PowerSeries Pro og Qolsys paneler.<\/p>","protected":false},"featured_media":141120,"template":"","meta":{"_acf_changed":false},"product_brand":[],"product_cat":[1322,3324],"product_tag":[3152,3311],"class_list":{"0":"post-72373","1":"product","2":"type-product","3":"status-publish","4":"has-post-thumbnail","6":"product_cat-dsc-larm-neo-power-hybridlarm","7":"product_cat-vatten-och-temperaturlarm","8":"product_tag-cr123-tillbehor","9":"product_tag-dsc-neo-svensk-manual","10":"product_shipping_class-postnord-varubrev","11":"pa_brands-4dsc","12":"pa_farg-vit","13":"tm-has-options","15":"first","16":"instock","17":"sale","18":"featured","19":"taxable","20":"shipping-taxable","21":"purchasable","22":"product-type-simple"},"acf":[],"_links":{"self":[{"href":"https:\/\/secureus.se\/no\/wp-json\/wp\/v2\/product\/72373","targetHints":{"allow":["GET"]}}],"collection":[{"href":"https:\/\/secureus.se\/no\/wp-json\/wp\/v2\/product"}],"about":[{"href":"https:\/\/secureus.se\/no\/wp-json\/wp\/v2\/types\/product"}],"wp:featuredmedia":[{"embeddable":true,"href":"https:\/\/secureus.se\/no\/wp-json\/wp\/v2\/media\/141120"}],"wp:attachment":[{"href":"https:\/\/secureus.se\/no\/wp-json\/wp\/v2\/media?parent=72373"}],"wp:term":[{"taxonomy":"product_brand","embeddable":true,"href":"https:\/\/secureus.se\/no\/wp-json\/wp\/v2\/product_brand?post=72373"},{"taxonomy":"product_cat","embeddable":true,"href":"https:\/\/secureus.se\/no\/wp-json\/wp\/v2\/product_cat?post=72373"},{"taxonomy":"product_tag","embeddable":true,"href":"https:\/\/secureus.se\/no\/wp-json\/wp\/v2\/product_tag?post=72373"}],"curies":[{"name":"wp","href":"https:\/\/api.w.org\/{rel}","templated":true}]}}