{"id":72381,"date":"2023-01-23T09:55:50","date_gmt":"2023-01-23T08:55:50","guid":{"rendered":"https:\/\/secureus.se\/produkt\/dsc-neo-power-g-wireless-ir-detektor-kamera-detektor-pg8934-2\/"},"modified":"2025-12-31T20:52:05","modified_gmt":"2025-12-31T19:52:05","slug":"dsc-motion-detector-camera-pg8934","status":"publish","type":"product","link":"https:\/\/secureus.se\/no\/dsc-motion-detector-camera-pg8934\/","title":{"rendered":"DSC bevegelsesdetektor med kamera PG8934"},"content":{"rendered":"<p><strong>DSC bevegelsesdetektor med kamera PG8934<\/strong> kombinerer deteksjon og bildeverifisering for en effektiv sikkerhetsl\u00f8sning. Denne IR-detektoren er designet for bruk med DSC PowerSeries NEO- og PRO-systemer, og bruker den avanserte PowerG-teknologien, som gir en kommunikasjonsrekkevidde p\u00e5 opptil 2 km i friluft.<\/p>\n<p>Ved \u00e5 oppdage bevegelse, fanger PG8934 umiddelbart h\u00f8yoppl\u00f8selige bilder som sendes til alarmsentralen, slik at sikkerhetspersonell kan se hva som skjer i sanntid.<\/p>\n<p>Den har en dekningsradius p\u00e5 12 meter og er utstyrt med True Motion Recognition\u2122-teknologi for \u00e5 skille mellom menneskelig bevegelse og andre forstyrrelser, og minimerer risikoen for falske alarmer.<\/p>\n<p>Kameraet er ogs\u00e5 utstyrt med IR-belysning for \u00e5 sikre bildekvalitet hele d\u00f8gnet.<\/p>\n<p>PG8934 er enkel \u00e5 installere med en batterilevetid p\u00e5 tre \u00e5r og leveres med to CR-123A litiumbatterier.<\/p>\n<p>Den er kompatibel med flere systemer og har en maksimal kapasitet p\u00e5 10 enheter per system.<\/p>","protected":false},"excerpt":{"rendered":"<p>DSC bevegelsesdetektor med kamera PG8934 er en avansert IR-detektor for Iotega, PowerSeries NEO og PRO.<\/p>\n<p>Ved alarm tar kameraet umiddelbart bilder som sendes til alarmsentralen, noe som muliggj\u00f8r sanntidsoverv\u00e5king. Med en deteksjonsradius p\u00e5 12 meter og True Motion Recognition\u2122-teknologi er p\u00e5litelig sikkerhet sikret uten falske alarmer.<\/p>\n<p>Den drives av to CR-123A litiumbatterier med en levetid p\u00e5 opptil tre \u00e5r.<\/p>","protected":false},"featured_media":140555,"template":"","meta":{"_acf_changed":false},"product_brand":[],"product_cat":[3326,1322,3325],"product_tag":[3311,3016,2472],"class_list":{"0":"post-72381","1":"product","2":"type-product","3":"status-publish","4":"has-post-thumbnail","6":"product_cat-rorelsedetektor","7":"product_cat-dsc-larm-neo-power-hybridlarm","8":"product_cat-kameradetektor","9":"product_tag-dsc-neo-svensk-manual","10":"product_tag-neo-detektorer","11":"product_tag-sbsc-larmklassr","12":"product_shipping_class-postnord-varubrev","13":"pa_brands-4dsc","14":"tm-has-options","16":"first","17":"instock","18":"sale","19":"featured","20":"taxable","21":"shipping-taxable","22":"purchasable","23":"product-type-simple"},"acf":[],"_links":{"self":[{"href":"https:\/\/secureus.se\/no\/wp-json\/wp\/v2\/product\/72381","targetHints":{"allow":["GET"]}}],"collection":[{"href":"https:\/\/secureus.se\/no\/wp-json\/wp\/v2\/product"}],"about":[{"href":"https:\/\/secureus.se\/no\/wp-json\/wp\/v2\/types\/product"}],"wp:featuredmedia":[{"embeddable":true,"href":"https:\/\/secureus.se\/no\/wp-json\/wp\/v2\/media\/140555"}],"wp:attachment":[{"href":"https:\/\/secureus.se\/no\/wp-json\/wp\/v2\/media?parent=72381"}],"wp:term":[{"taxonomy":"product_brand","embeddable":true,"href":"https:\/\/secureus.se\/no\/wp-json\/wp\/v2\/product_brand?post=72381"},{"taxonomy":"product_cat","embeddable":true,"href":"https:\/\/secureus.se\/no\/wp-json\/wp\/v2\/product_cat?post=72381"},{"taxonomy":"product_tag","embeddable":true,"href":"https:\/\/secureus.se\/no\/wp-json\/wp\/v2\/product_tag?post=72381"}],"curies":[{"name":"wp","href":"https:\/\/api.w.org\/{rel}","templated":true}]}}