{"id":72382,"date":"2023-01-23T09:55:50","date_gmt":"2023-01-23T08:55:50","guid":{"rendered":"https:\/\/secureus.se\/produkt\/dsc-neo-power-g-wireless-overfallsknapp-dubbel-tryck-pg8949-2\/"},"modified":"2026-03-02T11:38:31","modified_gmt":"2026-03-02T10:38:31","slug":"dsc-2-button-hand-transmitter-pg8949","status":"publish","type":"product","link":"https:\/\/secureus.se\/no\/dsc-2-button-hand-transmitter-pg8949\/","title":{"rendered":"DSC 2-knapps h\u00e5ndsender PowerG PG8949"},"content":{"rendered":"<p><strong>DSC 2-knapps h\u00e5ndsender PG8949<\/strong> er en tr\u00e5dl\u00f8s kontrollenhet for sikkerhetssystemer som tilbyr en fleksibel og effektiv l\u00f8sning for h\u00e5ndtering av alarmer.<\/p>\n<p>Med to store knapper er den enkel \u00e5 bruke og lar brukeren aktivere alarmen, samt sl\u00e5 den av, med et enkelt trykk p\u00e5 en knapp.<\/p>\n<p>Statusbekreftelsesindikatorer lar brukeren motta visuell og h\u00f8rbar tilbakemelding etter hver kommando, noe som sikrer at handlingene utf\u00f8res riktig.<\/p>\n<p>Senderen er designet med 2 sekunders innbruddsalarmforsinkelse, noe som minimerer risikoen for utilsiktede aktiveringer.<\/p>\n<p>Den har en imponerende batterilevetid p\u00e5 opptil 5 \u00e5r og bruker et CR2032 litiumbatteri, noe som gj\u00f8r den til en p\u00e5litelig f\u00f8lgesvenn i ethvert sikkerhetssystem.<\/p>\n<p>Med mulighet for tilkobling av opptil 16 knapper til HS2016-sentralenheten og 32 knapper til andre modeller, tar den ikke opp seksjonsplass, noe som gir en fleksibel installasjon.<\/p>\n<p>Belteklips og kjede f\u00f8lger med, som gj\u00f8r det enkelt \u00e5 b\u00e6re senderen.<\/p>\n<p>Denne enheten er perfekt for b\u00e5de kommersielle og private milj\u00f8er, og tilbyr en sikker l\u00f8sning for rask alarmh\u00e5ndtering.<\/p>","protected":false},"excerpt":{"rendered":"<p>DSC 2-knappers h\u00e5ndsender PG8949 er en tr\u00e5dl\u00f8s angrepsknapp designet for bruk med DSC NEO alarmsystem.<\/p>\n<p>Den har to knapper for enkel alarmaktivering og for \u00e5 kontrollere systemet.<\/p>\n<p>Med en batterilevetid p\u00e5 opptil 5 \u00e5r og en robust design er den perfekt for sikkerhetsl\u00f8sninger b\u00e5de hjemme og p\u00e5 arbeidsplassen.<\/p>","protected":false},"featured_media":141591,"template":"","meta":{"_acf_changed":false},"product_brand":[],"product_cat":[3327,1322],"product_tag":[3311],"class_list":{"0":"post-72382","1":"product","2":"type-product","3":"status-publish","4":"has-post-thumbnail","6":"product_cat-overfall-fjarrkontrol","7":"product_cat-dsc-larm-neo-power-hybridlarm","8":"product_tag-dsc-neo-svensk-manual","9":"product_shipping_class-postnord-varubrev","10":"pa_brands-4dsc","11":"tm-has-options","13":"first","14":"instock","15":"sale","16":"featured","17":"taxable","18":"shipping-taxable","19":"purchasable","20":"product-type-simple"},"acf":[],"_links":{"self":[{"href":"https:\/\/secureus.se\/no\/wp-json\/wp\/v2\/product\/72382","targetHints":{"allow":["GET"]}}],"collection":[{"href":"https:\/\/secureus.se\/no\/wp-json\/wp\/v2\/product"}],"about":[{"href":"https:\/\/secureus.se\/no\/wp-json\/wp\/v2\/types\/product"}],"wp:featuredmedia":[{"embeddable":true,"href":"https:\/\/secureus.se\/no\/wp-json\/wp\/v2\/media\/141591"}],"wp:attachment":[{"href":"https:\/\/secureus.se\/no\/wp-json\/wp\/v2\/media?parent=72382"}],"wp:term":[{"taxonomy":"product_brand","embeddable":true,"href":"https:\/\/secureus.se\/no\/wp-json\/wp\/v2\/product_brand?post=72382"},{"taxonomy":"product_cat","embeddable":true,"href":"https:\/\/secureus.se\/no\/wp-json\/wp\/v2\/product_cat?post=72382"},{"taxonomy":"product_tag","embeddable":true,"href":"https:\/\/secureus.se\/no\/wp-json\/wp\/v2\/product_tag?post=72382"}],"curies":[{"name":"wp","href":"https:\/\/api.w.org\/{rel}","templated":true}]}}