{"id":72383,"date":"2023-01-23T09:55:50","date_gmt":"2023-01-23T08:55:50","guid":{"rendered":"https:\/\/secureus.se\/produkt\/power-g-wireless-pir-utomhus-kamera-pg8944-2\/"},"modified":"2025-12-31T20:37:55","modified_gmt":"2025-12-31T19:37:55","slug":"dsc-detector-camera-utomhus-pg8944","status":"publish","type":"product","link":"https:\/\/secureus.se\/no\/dsc-detector-camera-utomhus-pg8944\/","title":{"rendered":"DSC-detektor med kamera tr\u00e5dl\u00f8st utend\u00f8rs PIR PG8944"},"content":{"rendered":"<p><strong>DSC-detektor med kamera utend\u00f8rs PG8944<\/strong> er en h\u00f8yteknologisk tr\u00e5dl\u00f8s detektor som kombinerer bevegelsesdeteksjon med visuell bekreftelse.<\/p>\n<p>Utstyrt med et kraftig kamera som umiddelbart tar bilder ved alarm, lar PG8944 sikkerhetsansvarlige se hva som skjer i sanntid.<\/p>\n<p>Ved \u00e5 bruke PowerG-teknologi sikres en kommunikasjonsrekkevidde p\u00e5 opptil 2 km i friluft.<\/p>\n<p>Detektoren har et dekningsomr\u00e5de p\u00e5 12 meter med en synsvinkel p\u00e5 90\u00b0 og er designet for \u00e5 h\u00e5ndtere utend\u00f8rsforhold med et temperaturomr\u00e5de fra -35\u00b0C til +60\u00b0C.<\/p>\n<p>Med sin innovative Octa-Quad-teknologi og \u00e5tte IR-sensorer kan den p\u00e5litelig skille mellom mennesker, bevegelige tr\u00e6r og mindre dyr, og minimerer falske alarmer.<\/p>\n<p>Den er enkel \u00e5 installere og kan konfigureres via kontrollpanelet uten behov for justeringer p\u00e5 stedet.<\/p>\n<p>Med lang batterilevetid, opptil 3 \u00e5r, er PG8944 en kostnadseffektiv l\u00f8sning for sikkerhetsoverv\u00e5king i hjemmet og p\u00e5 bedriften.<\/p>","protected":false},"excerpt":{"rendered":"<p>DSC-detektor med kamera PG8944 er en tr\u00e5dl\u00f8s utend\u00f8rsdetektor med kamera som tilbyr sanntidsoverv\u00e5king og alarmverifisering.<\/p>\n<p>Med en overv\u00e5kingsrekkevidde p\u00e5 12 meter og avansert Octa-Quad-teknologi, minimerer den falske alarmer og muliggj\u00f8r p\u00e5litelig deteksjon av uautoriserte inntrengninger.<\/p>\n<p>Utstyrt med IR-kamera og lang batterilevetid, er den ideell for b\u00e5de boliger og kommersielle applikasjoner.<\/p>","protected":false},"featured_media":140896,"template":"","meta":{"_acf_changed":false},"product_brand":[],"product_cat":[3325,1322],"product_tag":[3311,3016,2472],"class_list":{"0":"post-72383","1":"product","2":"type-product","3":"status-publish","4":"has-post-thumbnail","6":"product_cat-kameradetektor","7":"product_cat-dsc-larm-neo-power-hybridlarm","8":"product_tag-dsc-neo-svensk-manual","9":"product_tag-neo-detektorer","10":"product_tag-sbsc-larmklassr","11":"product_shipping_class-postnord-varubrev","12":"pa_brands-4dsc","13":"tm-has-options","15":"first","16":"onbackorder","17":"sale","18":"featured","19":"taxable","20":"shipping-taxable","21":"purchasable","22":"product-type-simple"},"acf":[],"_links":{"self":[{"href":"https:\/\/secureus.se\/no\/wp-json\/wp\/v2\/product\/72383","targetHints":{"allow":["GET"]}}],"collection":[{"href":"https:\/\/secureus.se\/no\/wp-json\/wp\/v2\/product"}],"about":[{"href":"https:\/\/secureus.se\/no\/wp-json\/wp\/v2\/types\/product"}],"wp:featuredmedia":[{"embeddable":true,"href":"https:\/\/secureus.se\/no\/wp-json\/wp\/v2\/media\/140896"}],"wp:attachment":[{"href":"https:\/\/secureus.se\/no\/wp-json\/wp\/v2\/media?parent=72383"}],"wp:term":[{"taxonomy":"product_brand","embeddable":true,"href":"https:\/\/secureus.se\/no\/wp-json\/wp\/v2\/product_brand?post=72383"},{"taxonomy":"product_cat","embeddable":true,"href":"https:\/\/secureus.se\/no\/wp-json\/wp\/v2\/product_cat?post=72383"},{"taxonomy":"product_tag","embeddable":true,"href":"https:\/\/secureus.se\/no\/wp-json\/wp\/v2\/product_tag?post=72383"}],"curies":[{"name":"wp","href":"https:\/\/api.w.org\/{rel}","templated":true}]}}