{"id":72385,"date":"2023-01-23T09:55:50","date_gmt":"2023-01-23T08:55:50","guid":{"rendered":"https:\/\/secureus.se\/produkt\/dsc-neo-power-g-wireless-detektor-mirror-pg8974-antimask-2\/"},"modified":"2025-12-31T20:44:45","modified_gmt":"2025-12-31T19:44:45","slug":"pir-motion-detector-pg8974","status":"publish","type":"product","link":"https:\/\/secureus.se\/no\/pir-motion-detector-pg8974\/","title":{"rendered":"DSC PIR Bevegelsesdetektor Speil Optic PowerG PG8974"},"content":{"rendered":"<p><strong>DSC PIR bevegelsesdetektor PG8974<\/strong> er en avansert tr\u00e5dl\u00f8s IR-detektor som bruker speiloptikkteknologi for \u00e5 tilby eksepsjonell deteksjonsf\u00f8lsomhet og h\u00f8y immunitet mot falske alarmer.<\/p>\n<p>Denne detektoren er en del av PowerSeries NEO- og PRO-systemet og har et deteksjonsomr\u00e5de p\u00e5 opptil 15 meter med en overv\u00e5kingsvinkel p\u00e5 90 grader.<\/p>\n<p>Den er designet med digital temperaturkompensasjon som justerer f\u00f8lsomheten avhengig av omgivelsestemperaturen, og sikrer p\u00e5litelig deteksjon selv i ekstreme temperaturer.<\/p>\n<p>Med en batterilevetid p\u00e5 opptil 7 \u00e5r og kj\u00e6ledyrimmunitet for dyr opptil 18 kg, er PG8974 ideell for b\u00e5de bolig- og kommersielle installasjoner.<\/p>\n<p>Detektoren har en elegant og robust design som gj\u00f8r den ideell for alle typer milj\u00f8er.<\/p>\n<p>Installasjonen er enkel uten behov for vertikal justering, og den er ogs\u00e5 vandalsikker takket v\u00e6re patentert teknologi.<\/p>","protected":false},"excerpt":{"rendered":"<p>DSC PIR Motion Detector PG8974 er en tr\u00e5dl\u00f8s IR-detektor med speiloptikk som gir h\u00f8y f\u00f8lsomhet og immunitet mot falske alarmer.<\/p>\n<p>Den er designet for PowerSeries NEO og PRO, og kan h\u00e5ndtere avstander p\u00e5 opptil 2 km.<\/p>\n<p>Med en deteksjonsrekkevidde p\u00e5 15 meter og en kj\u00e6ledyrfunksjon for dyr opptil 18 kg, er den ideell for b\u00e5de hjemme- og kommersielle milj\u00f8er.<\/p>","protected":false},"featured_media":141612,"template":"","meta":{"_acf_changed":false},"product_brand":[],"product_cat":[3326,1322],"product_tag":[3152,3311,3016,2472],"class_list":{"0":"post-72385","1":"product","2":"type-product","3":"status-publish","4":"has-post-thumbnail","6":"product_cat-rorelsedetektor","7":"product_cat-dsc-larm-neo-power-hybridlarm","8":"product_tag-cr123-tillbehor","9":"product_tag-dsc-neo-svensk-manual","10":"product_tag-neo-detektorer","11":"product_tag-sbsc-larmklassr","12":"product_shipping_class-postnord-varubrev","13":"pa_brands-4dsc","14":"tm-has-options","16":"first","17":"instock","18":"sale","19":"featured","20":"taxable","21":"shipping-taxable","22":"purchasable","23":"product-type-simple"},"acf":[],"_links":{"self":[{"href":"https:\/\/secureus.se\/no\/wp-json\/wp\/v2\/product\/72385","targetHints":{"allow":["GET"]}}],"collection":[{"href":"https:\/\/secureus.se\/no\/wp-json\/wp\/v2\/product"}],"about":[{"href":"https:\/\/secureus.se\/no\/wp-json\/wp\/v2\/types\/product"}],"wp:featuredmedia":[{"embeddable":true,"href":"https:\/\/secureus.se\/no\/wp-json\/wp\/v2\/media\/141612"}],"wp:attachment":[{"href":"https:\/\/secureus.se\/no\/wp-json\/wp\/v2\/media?parent=72385"}],"wp:term":[{"taxonomy":"product_brand","embeddable":true,"href":"https:\/\/secureus.se\/no\/wp-json\/wp\/v2\/product_brand?post=72385"},{"taxonomy":"product_cat","embeddable":true,"href":"https:\/\/secureus.se\/no\/wp-json\/wp\/v2\/product_cat?post=72385"},{"taxonomy":"product_tag","embeddable":true,"href":"https:\/\/secureus.se\/no\/wp-json\/wp\/v2\/product_tag?post=72385"}],"curies":[{"name":"wp","href":"https:\/\/api.w.org\/{rel}","templated":true}]}}