{"id":72391,"date":"2023-01-23T09:55:50","date_gmt":"2023-01-23T08:55:50","guid":{"rendered":"https:\/\/secureus.se\/produkt\/dsc-neo-power-g-wireless-magnet-kontakt-pg8945-2\/"},"modified":"2026-05-02T23:45:02","modified_gmt":"2026-05-02T21:45:02","slug":"dsc-powerg-door-window-pg8945","status":"publish","type":"product","link":"https:\/\/secureus.se\/no\/dsc-powerg-door-window-pg8945\/","title":{"rendered":"DSC PowerG D\u00f8rvindussikkerhetskontakt med hjelpeinngang PG8945"},"content":{"rendered":"<p><strong>DSC PowerG d\u00f8rvindu PG8945<\/strong> er en avansert tr\u00e5dl\u00f8s d\u00f8r- og vinduskontakt som sikrer p\u00e5litelig innbruddsoverv\u00e5king.<\/p>\n<p>Utstyrt med PowerG-teknologi, tilbyr den en imponerende rekkevidde p\u00e5 opptil 2 km i friluft, noe som gj\u00f8r den ideell for b\u00e5de boliger og lette kommersielle bruksomr\u00e5der.<\/p>\n<p>Denne kontakten kan konfigureres til \u00e5 h\u00e5ndtere ulike alarmfunksjoner gjennom en hjelpeinngang, som kan kobles til eksterne kablede sensorer, noe som \u00f8ker dens fleksibilitet og tilpasningsevne.<\/p>\n<p>Installasjonen er rask og enkel, uten behov for \u00e5 \u00e5pne enheten p\u00e5 nytt, noe som sparer tid og arbeid for installat\u00f8ren.<\/p>\n<p>Kontakten er ogs\u00e5 utstyrt med en LED-signalstyrkeindikator som hjelper installat\u00f8ren med \u00e5 finne det optimale installasjonsstedet.<\/p>\n<p>Med en batterilevetid p\u00e5 opptil 8 \u00e5r (normal bruk) er PG8945 b\u00e5de kostnadseffektiv og p\u00e5litelig.<\/p>\n<p>Kompatibel med PowerSeries Neo og andre sikkerhetssystemer, noe som gj\u00f8r den til en perfekt l\u00f8sning for b\u00e5de hjem og bedrifter p\u00e5 jakt etter robust og fleksibel sikkerhet.<\/p>\n<p>&nbsp;<\/p>\n<p>&nbsp;<\/p>","protected":false},"excerpt":{"rendered":"<p>DSC PowerG d\u00f8rvindu PG8945 er en tr\u00e5dl\u00f8s d\u00f8r- og vinduskontakt som tilbyr fleksibel sikkerhet for boliger og lette kommersielle milj\u00f8er.<\/p>\n<p>Med en rekkevidde p\u00e5 opptil 2 km bruker den PowerG-teknologi for p\u00e5litelig kommunikasjon.<\/p>\n<p>Kontakten har en ekstra inngang for tilkobling av kablede enheter, noe som gj\u00f8r den allsidig og enkel \u00e5 installere.<\/p>","protected":false},"featured_media":140744,"template":"","meta":{"_acf_changed":false},"product_brand":[],"product_cat":[1322,3337,3333],"product_tag":[3152,3311,2472],"class_list":{"0":"post-72391","1":"product","2":"type-product","3":"status-publish","4":"has-post-thumbnail","6":"product_cat-dsc-larm-neo-power-hybridlarm","7":"product_cat-magnetkontakt-pg","8":"product_cat-powerg-tradlosa-givare","9":"product_tag-cr123-tillbehor","10":"product_tag-dsc-neo-svensk-manual","11":"product_tag-sbsc-larmklassr","12":"product_shipping_class-postnord-varubrev","13":"pa_brands-4dsc","14":"tm-has-options","16":"first","17":"instock","18":"sale","19":"featured","20":"taxable","21":"shipping-taxable","22":"purchasable","23":"product-type-simple"},"acf":[],"_links":{"self":[{"href":"https:\/\/secureus.se\/no\/wp-json\/wp\/v2\/product\/72391","targetHints":{"allow":["GET"]}}],"collection":[{"href":"https:\/\/secureus.se\/no\/wp-json\/wp\/v2\/product"}],"about":[{"href":"https:\/\/secureus.se\/no\/wp-json\/wp\/v2\/types\/product"}],"wp:featuredmedia":[{"embeddable":true,"href":"https:\/\/secureus.se\/no\/wp-json\/wp\/v2\/media\/140744"}],"wp:attachment":[{"href":"https:\/\/secureus.se\/no\/wp-json\/wp\/v2\/media?parent=72391"}],"wp:term":[{"taxonomy":"product_brand","embeddable":true,"href":"https:\/\/secureus.se\/no\/wp-json\/wp\/v2\/product_brand?post=72391"},{"taxonomy":"product_cat","embeddable":true,"href":"https:\/\/secureus.se\/no\/wp-json\/wp\/v2\/product_cat?post=72391"},{"taxonomy":"product_tag","embeddable":true,"href":"https:\/\/secureus.se\/no\/wp-json\/wp\/v2\/product_tag?post=72391"}],"curies":[{"name":"wp","href":"https:\/\/api.w.org\/{rel}","templated":true}]}}