{"id":72394,"date":"2023-01-23T09:55:49","date_gmt":"2023-01-23T08:55:49","guid":{"rendered":"https:\/\/secureus.se\/produkt\/dsc-neo-power-g-wireless-overfallsknapp-singel-tryck-pg8938-2\/"},"modified":"2026-04-17T16:39:51","modified_gmt":"2026-04-17T14:39:51","slug":"dsc-1-button-hand-transmitter-pg8938","status":"publish","type":"product","link":"https:\/\/secureus.se\/no\/dsc-1-button-hand-transmitter-pg8938\/","title":{"rendered":"DSC 1-knapps h\u00e5ndsender tr\u00e5dl\u00f8s PG8938"},"content":{"rendered":"<p><strong>DSC 1-knapps h\u00e5ndsender PG8938<\/strong> er en ett-trykks tr\u00e5dl\u00f8s n\u00f8dknapp for Iotega, PowerSeries NEO og PRO. Denne enheten har en stor og brukervennlig knapp for \u00e5 lette aktiveringen av n\u00f8dalarmen, noe som gj\u00f8r den ideell for rask respons i n\u00f8dssituasjoner.<\/p>\n<h4>Egenskaper:<\/h4>\n<ul>\n<li><strong>Aktivering<\/strong>: Knappen m\u00e5 holdes nede i minst to sekunder for \u00e5 unng\u00e5 feiltrykk.<\/li>\n<li><strong>Statusbekreftelse<\/strong>: Visuell bekreftelse via en LED n\u00e5r alarmen er aktivert.<\/li>\n<li><strong>Belteklips og kjede<\/strong>: Inkludert for enkel portabilitet.<\/li>\n<li><strong>Kompatibilitet<\/strong>: Maksimalt 16 knapper kan brukes med sentralenhet HS2016 og opptil 32 med andre enheter, uten \u00e5 ta opp seksjonsspor.<\/li>\n<li><strong>Batteritid<\/strong>: 5 \u00e5r (normal bruk).<\/li>\n<li><strong>Batteritype<\/strong>: 3V CR2032 litiumbatteri.<\/li>\n<\/ul>\n<h4>Hvorfor PowerSeries er eksepsjonell<\/h4>\n<p>\u00c5 kunne overv\u00e5ke opptil 128 soner tr\u00e5dl\u00f8st og maskinvaremessig gj\u00f8r PowerSeries Neo eksepsjonell for store installasjoner. I tillegg muliggj\u00f8r 8 partisjoner skreddersydde sikkerhetsl\u00f8sninger for ulike deler av virksomheten eller hjemmet.<\/p>\n<h4>PowerSeries: Sikkerhet p\u00e5 nye niv\u00e5er<\/h4>\n<p>Introduksjon PowerSeries fra DSC omdefinerer inntrengningssikkerhet ved \u00e5 kombinere modularitet og kablet tilkobling med enkelheten til et bredt spekter av tr\u00e5dl\u00f8se enheter og tilbeh\u00f8r. Resultatet er det mest omfattende hybridsystemet p\u00e5 markedet i dag.<\/p>\n<h4>Hvorfor PowerSeries Neo er en banebrytende l\u00f8sning<\/h4>\n<p>Denne fleksible plattformen drar nytte av de overlegne egenskapene til PowerG \u2013 bransjens ledende tr\u00e5dl\u00f8se inntrengningsteknologi. Innovative alarmverifiseringsl\u00f8sninger, sammen med en omfattende programvarepakke for eksterne tjenester, gj\u00f8r PowerSeries til den optimale premiuml\u00f8sningen for hjem og bedrifter.<\/p>\n<h4>Fleksibilitet i sikkerhet<\/h4>\n<p>PowerSeries kombinerer det beste fra to verdener \u2013 stabiliteten til kablede systemer og fleksibiliteten til tr\u00e5dl\u00f8se enheter. Dette muliggj\u00f8r tilpasning for unike behov og gj\u00f8r det til det mest tilpassbare systemet p\u00e5 markedet.<\/p>\n<h4>Innovativ teknologi for overlegen sikkerhet<\/h4>\n<p>Ved \u00e5 bruke PowerG-teknologi tar PowerSeries sikkerheten til et nytt niv\u00e5. Det gir ikke bare p\u00e5litelig inntrengningsbeskyttelse, men muliggj\u00f8r ogs\u00e5 jevn integrasjon med ulike tr\u00e5dl\u00f8se enheter.<\/p>\n<h3>Alarmverifisering og eksterne tjenester<\/h3>\n<p>PowerSeries kommer med innovative alarmverifiseringsl\u00f8sninger for \u00e5 sikre korrekte svar p\u00e5 hver alarm. Den omfattende programvaren for ekstern service muliggj\u00f8r overv\u00e5king og kontroll uansett hvor du er.<\/p>\n<h3>Vanlige sp\u00f8rsm\u00e5l om PowerSeries<\/h3>\n<ul>\n<li><strong>Sp\u00f8rsm\u00e5l: Hvorfor kalles PowerSeries en hybridl\u00f8sning?<\/strong>\n<ul>\n<li><strong>EN:<\/strong> PowerSeries er en hybrid fordi den kombinerer kablet og tr\u00e5dl\u00f8s teknologi for en komplett og tilpassbar sikkerhetsl\u00f8sning.<\/li>\n<\/ul>\n<\/li>\n<li><strong>Sp\u00f8rsm\u00e5l: Hvordan sikrer PowerG-teknologi overlegen tr\u00e5dl\u00f8s sikkerhet?<\/strong>\n<ul>\n<li><strong>EN:<\/strong> PowerG-teknologi tilbyr ikke bare p\u00e5litelig tilkobling, men ogs\u00e5 kryptering og blokkeringsmotstand for overlegen sikkerhet.<\/li>\n<\/ul>\n<\/li>\n<li><strong>Sp\u00f8rsm\u00e5l: Hvilke typer tr\u00e5dl\u00f8se enheter kan integreres med PowerSeries?<\/strong>\n<ul>\n<li><strong>EN:<\/strong> PowerSeries st\u00f8tter et bredt utvalg av tr\u00e5dl\u00f8se enheter, inkludert detektorer, kameraer og smarthustilbeh\u00f8r.<\/li>\n<\/ul>\n<\/li>\n<li><strong>Sp\u00f8rsm\u00e5l: Hva er alarmverifisering og hvorfor er det viktig?<\/strong>\n<ul>\n<li><strong>EN:<\/strong> Alarmverifisering sikrer at hver alarm er ekte, reduserer falske alarmer og gir raskere og mer n\u00f8yaktige svar fra sikkerhetssystemet.<\/li>\n<\/ul>\n<\/li>\n<li><strong>Sp\u00f8rsm\u00e5l: Kan jeg overv\u00e5ke og kontrollere PowerSeries eksternt?<\/strong>\n<ul>\n<li><strong>EN:<\/strong> Ja, den omfattende programvaren for ekstern service muliggj\u00f8r overv\u00e5king og kontroll via en mobilapp eller datamaskin uansett hvor du er.<\/li>\n<\/ul>\n<\/li>\n<li><strong>Sp\u00f8rsm\u00e5l: Er PowerSeries egnet for b\u00e5de bolig- og kommersiell bruk?<\/strong>\n<ul>\n<li><strong>EN:<\/strong> Ja, dens fleksibilitet og skreddersydde l\u00f8sninger gj\u00f8r den ideell for b\u00e5de boliger og kommersielle applikasjoner.<\/li>\n<\/ul>\n<\/li>\n<\/ul>\n<h3>Konklusjon<\/h3>\n<p>Med PowerSeries Neo DSC 1-knapps h\u00e5ndsender PG8938 f\u00e5r du ikke bare en sikkerhetsl\u00f8sning; du f\u00e5r innovasjon, fleksibilitet og overlegen teknologi. Det er sikkerhet p\u00e5 nye niv\u00e5er, skreddersydd for dine unike behov.<\/p>","protected":false},"excerpt":{"rendered":"<p>DSC 1-knapps h\u00e5ndsender PG8938 er en brukervennlig tr\u00e5dl\u00f8s n\u00f8dknapp designet for DSC NEO alarmsystemer.<\/p>\n<p>Med sin store knapp muliggj\u00f8r den enkel aktivering av n\u00f8dalarmen, noe som \u00f8ker sikkerheten i b\u00e5de hjem og bedrifter.<\/p>\n<p>Utstyrt med en statusbekreftelses-LED og lang batterilevetid p\u00e5 opptil 5 \u00e5r, tilbyr denne senderen en p\u00e5litelig og effektiv beskyttelsesl\u00f8sning.<\/p>","protected":false},"featured_media":141621,"template":"","meta":{"_acf_changed":false},"product_brand":[],"product_cat":[3327,1322],"product_tag":[3311],"class_list":{"0":"post-72394","1":"product","2":"type-product","3":"status-publish","4":"has-post-thumbnail","6":"product_cat-overfall-fjarrkontrol","7":"product_cat-dsc-larm-neo-power-hybridlarm","8":"product_tag-dsc-neo-svensk-manual","9":"product_shipping_class-postnord-varubrev","10":"pa_brands-4dsc","11":"tm-has-options","13":"first","14":"instock","15":"sale","16":"featured","17":"taxable","18":"shipping-taxable","19":"purchasable","20":"product-type-simple"},"acf":[],"_links":{"self":[{"href":"https:\/\/secureus.se\/no\/wp-json\/wp\/v2\/product\/72394","targetHints":{"allow":["GET"]}}],"collection":[{"href":"https:\/\/secureus.se\/no\/wp-json\/wp\/v2\/product"}],"about":[{"href":"https:\/\/secureus.se\/no\/wp-json\/wp\/v2\/types\/product"}],"wp:featuredmedia":[{"embeddable":true,"href":"https:\/\/secureus.se\/no\/wp-json\/wp\/v2\/media\/141621"}],"wp:attachment":[{"href":"https:\/\/secureus.se\/no\/wp-json\/wp\/v2\/media?parent=72394"}],"wp:term":[{"taxonomy":"product_brand","embeddable":true,"href":"https:\/\/secureus.se\/no\/wp-json\/wp\/v2\/product_brand?post=72394"},{"taxonomy":"product_cat","embeddable":true,"href":"https:\/\/secureus.se\/no\/wp-json\/wp\/v2\/product_cat?post=72394"},{"taxonomy":"product_tag","embeddable":true,"href":"https:\/\/secureus.se\/no\/wp-json\/wp\/v2\/product_tag?post=72394"}],"curies":[{"name":"wp","href":"https:\/\/api.w.org\/{rel}","templated":true}]}}