{"id":72395,"date":"2023-01-23T09:55:49","date_gmt":"2023-01-23T08:55:49","guid":{"rendered":"https:\/\/secureus.se\/produkt\/dsc-neo-power-g-wireless-ir-detektor-kamera-detektor-husdjur-pg8934p-2\/"},"modified":"2026-04-01T14:39:27","modified_gmt":"2026-04-01T12:39:27","slug":"dsc-pir-camera-detector-wireless-pg8934p","status":"publish","type":"product","link":"https:\/\/secureus.se\/no\/dsc-pir-camera-detector-wireless-pg8934p\/","title":{"rendered":"DSC PIR kameradetektor tr\u00e5dl\u00f8s PG8934P"},"content":{"rendered":"<p><strong>DSC PIR kameradetektor tr\u00e5dl\u00f8s PG8934P<\/strong> kombinerer h\u00f8ykvalitets bevegelsesdeteksjon med kamerateknologi for \u00e5 sikre en effektiv sikkerhetsl\u00f8sning.<\/p>\n<p>Med et dekningsomr\u00e5de p\u00e5 12 meter og et synsfelt p\u00e5 90\u00b0 er denne detektoren perfekt for b\u00e5de hjem og bedrift.<\/p>\n<p>Den bruker PowerG-teknologi som tilbyr en rekkevidde p\u00e5 opptil 2 km i friluft.<\/p>\n<p>Ved registrering av bevegelse aktiverer PG8934P kameraet, som raskt tar bilder som sendes til alarmsentralen for umiddelbar gjennomgang.<\/p>\n<p>Detektoren er ogs\u00e5 utstyrt med True Motion Recognition\u2122 for \u00e5 minimere falske alarmer og har en kj\u00e6ledyrfunksjon som tillater dyr opptil 38 kg.<\/p>\n<p><strong>Funksjoner og fordeler:<\/strong><\/p>\n<ul>\n<li>CMOS-kamera med IR-belysning for dag- og nattoverv\u00e5king.<\/li>\n<li>Visuell alarmverifisering i sanntid for \u00f8kt sikkerhet.<\/li>\n<li>Lang batterilevetid p\u00e5 opptil 3 \u00e5r.<\/li>\n<li>Kompatibel med PowerSeries Neo-systemer.<\/li>\n<li>Enkel \u00e5 installere design som minimerer installasjonskostnadene.<\/li>\n<\/ul>\n<p><strong>Teknisk spesifikasjon:<\/strong><\/p>\n<ul>\n<li>Overv\u00e5kingsomr\u00e5de: 12 meter, 90\u00b0.<\/li>\n<li>Batterilevetid: 3 \u00e5r (normalt).<\/li>\n<li>Batteritype: 2 x 3V CR-123A litiumbatteri.<\/li>\n<li>Kj\u00e6ledyrsfunksjon: Opptil 38 kg.<\/li>\n<li>M\u00e5l: 125 x 63 x 60 mm.<\/li>\n<li>Driftstemperatur: -10\u00b0 til 50\u00b0C.<\/li>\n<\/ul>","protected":false},"excerpt":{"rendered":"<p>DSC PIR Camera Detector Wireless PG8934P er en tr\u00e5dl\u00f8s IR-detektor med kamera, egnet for kj\u00e6ledyr og designet for Iotega, PowerSeries NEO og PRO.<\/p>\n<p>Ved alarm aktiverer detektoren kameraet, som umiddelbart tar bilder og sender dem til alarmsentralen, noe som muliggj\u00f8r sanntidsoverv\u00e5king.<\/p>\n<p>Den har en overv\u00e5kingsrekkevidde p\u00e5 12 meter og en batterilevetid p\u00e5 opptil 3 \u00e5r.<\/p>","protected":false},"featured_media":141634,"template":"","meta":{"_acf_changed":false},"product_brand":[],"product_cat":[3325,1322],"product_tag":[3311,3016,2472],"class_list":{"0":"post-72395","1":"product","2":"type-product","3":"status-publish","4":"has-post-thumbnail","6":"product_cat-kameradetektor","7":"product_cat-dsc-larm-neo-power-hybridlarm","8":"product_tag-dsc-neo-svensk-manual","9":"product_tag-neo-detektorer","10":"product_tag-sbsc-larmklassr","11":"product_shipping_class-postnord-varubrev","12":"pa_brands-4dsc","13":"tm-has-options","15":"first","16":"instock","17":"sale","18":"featured","19":"taxable","20":"shipping-taxable","21":"purchasable","22":"product-type-simple"},"acf":[],"_links":{"self":[{"href":"https:\/\/secureus.se\/no\/wp-json\/wp\/v2\/product\/72395","targetHints":{"allow":["GET"]}}],"collection":[{"href":"https:\/\/secureus.se\/no\/wp-json\/wp\/v2\/product"}],"about":[{"href":"https:\/\/secureus.se\/no\/wp-json\/wp\/v2\/types\/product"}],"wp:featuredmedia":[{"embeddable":true,"href":"https:\/\/secureus.se\/no\/wp-json\/wp\/v2\/media\/141634"}],"wp:attachment":[{"href":"https:\/\/secureus.se\/no\/wp-json\/wp\/v2\/media?parent=72395"}],"wp:term":[{"taxonomy":"product_brand","embeddable":true,"href":"https:\/\/secureus.se\/no\/wp-json\/wp\/v2\/product_brand?post=72395"},{"taxonomy":"product_cat","embeddable":true,"href":"https:\/\/secureus.se\/no\/wp-json\/wp\/v2\/product_cat?post=72395"},{"taxonomy":"product_tag","embeddable":true,"href":"https:\/\/secureus.se\/no\/wp-json\/wp\/v2\/product_tag?post=72395"}],"curies":[{"name":"wp","href":"https:\/\/api.w.org\/{rel}","templated":true}]}}