{"id":72398,"date":"2023-01-23T09:55:48","date_gmt":"2023-01-23T08:55:48","guid":{"rendered":"https:\/\/secureus.se\/produkt\/dsc-neo-knappsats-tradlos-hs2lcd-wf-p-prox-engelsk-text-2\/"},"modified":"2026-01-06T20:44:29","modified_gmt":"2026-01-06T19:44:29","slug":"dsc-hs2lcdwfp-svensk-text","status":"publish","type":"product","link":"https:\/\/secureus.se\/no\/dsc-hs2lcdwfp-svensk-text\/","title":{"rendered":"DSC HS2LCDWFP WirelessSecurity Keypad med Prox og med svensk tekst"},"content":{"rendered":"<p><strong>DSC HS2LCDWFP<\/strong> er et avansert tr\u00e5dl\u00f8st sikkerhetstastatur designet for bruk med DSC Neo alarmsystem.<\/p>\n<p>Dette tastaturet har en lettlest LCD-skjerm som viser informasjon p\u00e5 svensk, noe som gj\u00f8r det enkelt \u00e5 bruke for svenske brukere.<\/p>\n<p>Den har innebygget radio som muliggj\u00f8r kommunikasjon med opptil 2000 meter i friluft, noe som gir stor fleksibilitet ved installasjon av tr\u00e5dl\u00f8se sensorer og andre Neo-produkter.<\/p>\n<p>En av kjennetegnene er den integrerte PROX\/EM-leseren, som lar bruk av prox-kort raskt og enkelt til- eller frakoble alarmsystemet.<\/p>\n<p>Den tilbyr programmerbare tekster for seksjoner og alarmomr\u00e5der, samt mulighet for \u00e5 lese hendelsesminnet direkte p\u00e5 displayet.<\/p>\n<p>Med fem funksjonsknapper, tre n\u00f8dknapper og en skrukobling for kablet seksjonsinngang eller PGM-utgang, er HS2LCDWFP allsidig og brukervennlig.<\/p>\n<p>Str\u00f8mforbruket er mellom 55-105 mA, noe som gj\u00f8r den effektiv og p\u00e5litelig for langtidsbruk.<\/p>","protected":false},"excerpt":{"rendered":"<p>DSC HS2LCDWFP er et tr\u00e5dl\u00f8st tastatur med LCD-skjerm som st\u00f8tter svensk tekst for Neo alarmsystemer.<\/p>\n<p>Den har en innebygd radio for tr\u00e5dl\u00f8se enheter og en PROX-leser for enkel p\u00e5logging.<\/p>\n<p>Med programmerbare seksjonstekster og et hendelsesminne er dette tastaturet b\u00e5de brukervennlig og funksjonelt.<\/p>\n<p>&nbsp;<\/p>","protected":false},"featured_media":141643,"template":"","meta":{"_acf_changed":false},"product_brand":[],"product_cat":[3329,1322],"product_tag":[3311,3028,3029],"class_list":{"0":"post-72398","1":"product","2":"type-product","3":"status-publish","4":"has-post-thumbnail","6":"product_cat-knappsats-kod","7":"product_cat-dsc-larm-neo-power-hybridlarm","8":"product_tag-dsc-neo-svensk-manual","9":"product_tag-neo-knappsats-manoverpaneler","10":"product_tag-neo-dsc-knappsats-manoverpaneler","11":"product_shipping_class-postnord-varubrev","12":"pa_brands-4dsc","13":"tm-has-options","15":"first","16":"outofstock","17":"sale","18":"featured","19":"taxable","20":"shipping-taxable","21":"purchasable","22":"product-type-simple"},"acf":[],"_links":{"self":[{"href":"https:\/\/secureus.se\/no\/wp-json\/wp\/v2\/product\/72398","targetHints":{"allow":["GET"]}}],"collection":[{"href":"https:\/\/secureus.se\/no\/wp-json\/wp\/v2\/product"}],"about":[{"href":"https:\/\/secureus.se\/no\/wp-json\/wp\/v2\/types\/product"}],"wp:featuredmedia":[{"embeddable":true,"href":"https:\/\/secureus.se\/no\/wp-json\/wp\/v2\/media\/141643"}],"wp:attachment":[{"href":"https:\/\/secureus.se\/no\/wp-json\/wp\/v2\/media?parent=72398"}],"wp:term":[{"taxonomy":"product_brand","embeddable":true,"href":"https:\/\/secureus.se\/no\/wp-json\/wp\/v2\/product_brand?post=72398"},{"taxonomy":"product_cat","embeddable":true,"href":"https:\/\/secureus.se\/no\/wp-json\/wp\/v2\/product_cat?post=72398"},{"taxonomy":"product_tag","embeddable":true,"href":"https:\/\/secureus.se\/no\/wp-json\/wp\/v2\/product_tag?post=72398"}],"curies":[{"name":"wp","href":"https:\/\/api.w.org\/{rel}","templated":true}]}}