{"id":72401,"date":"2023-01-23T09:55:48","date_gmt":"2023-01-23T08:55:48","guid":{"rendered":"https:\/\/secureus.se\/produkt\/dsc-neo-power-g-wireless-fjarrkontroll-pg8939-2\/"},"modified":"2026-01-06T20:44:46","modified_gmt":"2026-01-06T19:44:46","slug":"dsc-pg8939-fjarrkontroll","status":"publish","type":"product","link":"https:\/\/secureus.se\/no\/dsc-pg8939-fjarrkontroll\/","title":{"rendered":"DSC PG8939 4-knappers h\u00e5ndsender Radiosender med 4 knapper PowerG \u2013 NEO System 868 Mhz"},"content":{"rendered":"<p><strong>DSC PG8939<\/strong> er en avansert tr\u00e5dl\u00f8s fjernkontroll designet for \u00e5 gi brukere jevn og sikker kontroll av Iotega, PowerSeries NEO og PRO alarmsystemer.<\/p>\n<p>Med sine fire brukervennlige knapper kan brukere enkelt kontrollere ulike funksjoner, inkludert til- og frakobling av alarmen samt aktivering av n\u00f8d- og forstyrrelsesalarmer.<\/p>\n<p>Fjernkontrollen er utstyrt med en unik forsinkelse p\u00e5 ett sekund for hvert knappetrykk, som forhindrer utilsiktet alarmutl\u00f8sning.<\/p>\n<p>Den har ogs\u00e5 en statusbekreftelse med b\u00e5de LED og lydindikasjon, slik at brukerne alltid vet at kommandoene deres er utf\u00f8rt riktig.<\/p>\n<p>Med en imponerende batterilevetid p\u00e5 opptil 8 \u00e5r ved normal bruk er DSC PG8939 b\u00e5de praktisk og langvarig.<\/p>\n<p>PG8939 har en kompakt design og kommer med en belteklips og kjede, noe som gj\u00f8r den lett \u00e5 ha for h\u00e5nden n\u00e5r det trengs mest.<\/p>\n<p>Ved \u00e5 integrere DSC PG8939 med sikkerhetssystemet ditt f\u00e5r du en p\u00e5litelig og effektiv l\u00f8sning for \u00e5 beskytte hjemmet eller bedriften.<\/p>\n<p>Dette gj\u00f8r DSC PG8939 til en ideell komponent i ethvert sikkerhetssystem, som kombinerer bekvemmelighet, p\u00e5litelighet og brukervennlighet p\u00e5 best mulig m\u00e5te.<\/p>","protected":false},"excerpt":{"rendered":"<p>DSC PG8939 er en fire-knappers tr\u00e5dl\u00f8s fjernkontroll som gj\u00f8r det enkelt \u00e5 kontrollere alarmen i Iotega, PowerSeries NEO og PRO-systemer.<\/p>\n<p>Med et enkelt trykk kan brukere aktivere n\u00f8dalarmer og styre utganger.<\/p>\n<p>Fjernkontrollen har lang batterilevetid p\u00e5 opptil 8 \u00e5r og leveres med LED for statusbekreftelse.<\/p>\n<p>Belteklips og kjede inkludert for ekstra bekvemmelighet.<\/p>","protected":false},"featured_media":141654,"template":"","meta":{"_acf_changed":false},"product_brand":[],"product_cat":[3327,1322],"product_tag":[3311,3031],"class_list":{"0":"post-72401","1":"product","2":"type-product","3":"status-publish","4":"has-post-thumbnail","6":"product_cat-overfall-fjarrkontrol","7":"product_cat-dsc-larm-neo-power-hybridlarm","8":"product_tag-dsc-neo-svensk-manual","9":"product_tag-neo-ovriga-tillbehor","10":"product_shipping_class-postnord-varubrev","11":"pa_brands-4dsc","12":"tm-has-options","14":"first","15":"onbackorder","16":"sale","17":"featured","18":"taxable","19":"shipping-taxable","20":"purchasable","21":"product-type-simple"},"acf":[],"_links":{"self":[{"href":"https:\/\/secureus.se\/no\/wp-json\/wp\/v2\/product\/72401","targetHints":{"allow":["GET"]}}],"collection":[{"href":"https:\/\/secureus.se\/no\/wp-json\/wp\/v2\/product"}],"about":[{"href":"https:\/\/secureus.se\/no\/wp-json\/wp\/v2\/types\/product"}],"wp:featuredmedia":[{"embeddable":true,"href":"https:\/\/secureus.se\/no\/wp-json\/wp\/v2\/media\/141654"}],"wp:attachment":[{"href":"https:\/\/secureus.se\/no\/wp-json\/wp\/v2\/media?parent=72401"}],"wp:term":[{"taxonomy":"product_brand","embeddable":true,"href":"https:\/\/secureus.se\/no\/wp-json\/wp\/v2\/product_brand?post=72401"},{"taxonomy":"product_cat","embeddable":true,"href":"https:\/\/secureus.se\/no\/wp-json\/wp\/v2\/product_cat?post=72401"},{"taxonomy":"product_tag","embeddable":true,"href":"https:\/\/secureus.se\/no\/wp-json\/wp\/v2\/product_tag?post=72401"}],"curies":[{"name":"wp","href":"https:\/\/api.w.org\/{rel}","templated":true}]}}