{"id":72403,"date":"2023-01-23T09:55:48","date_gmt":"2023-01-23T08:55:48","guid":{"rendered":"https:\/\/secureus.se\/produkt\/dsc-neo-matnings-utgangskort-hsm2204-12vdc-1-amp-4-p-2\/"},"modified":"2026-04-13T12:00:51","modified_gmt":"2026-04-13T10:00:51","slug":"dsc-hsm2204-power-module","status":"publish","type":"product","link":"https:\/\/secureus.se\/no\/dsc-hsm2204-power-module\/","title":{"rendered":"DSC HSM2204 Str\u00f8mmodul med 4 h\u00f8ye effektutganger"},"content":{"rendered":"<p><strong>DSC HSM2204 str\u00f8mmodul<\/strong> er en robust og allsidig l\u00f8sning for \u00e5 forbedre str\u00f8mforsyningen i DSC Neo alarmsystemer.<\/p>\n<p>Denne enheten er utstyrt med en hovedutgang som leverer 12VDC med en str\u00f8m p\u00e5 opptil 1 Amp, samt fire programmerbare utganger som ogs\u00e5 kan h\u00e5ndtere 1 Amp hver.<\/p>\n<p>Dette gj\u00f8r HSM2204 ideell for b\u00e5de kommersielle og boliginstallasjoner der ekstra str\u00f8m kan v\u00e6re n\u00f8dvendig for \u00e5 drive ulike sikkerhetskomponenter, for eksempel sirener og andre enheter.<\/p>\n<p>HSM2204 er designet for \u00e5 gi et h\u00f8yt niv\u00e5 av overv\u00e5king og sikkerhet.<\/p>\n<p>Den er fullt overv\u00e5ket for AC-feil, lavt batteri og AUX-feil, noe som gir brukerne trygghet i at sikkerhetssystemet alltid er i optimal stand. Med en kapasitet for opptil fire str\u00f8mforsyningsmoduler i ett system for HS2128, tre for HS2064 og en for andre sentrale enheter, tilbyr HSM2204 fleksibel konfigurasjon og integrasjon i ulike sikkerhetsmilj\u00f8er.<\/p>\n<p>Denne modulen krever tilkobling til en transformator (40VA) og et reservestr\u00f8mbatteri p\u00e5 7Ah for \u00e5 sikre at systemet forblir aktivt selv ved str\u00f8mbrudd.<\/p>\n<p>Med sin kompakte design og brukervennlige installasjon er DSC HSM2204 en utmerket komponent for de som \u00f8nsker \u00e5 \u00f8ke sikkerheten og p\u00e5liteligheten til alarmsystemene sine.<\/p>","protected":false},"excerpt":{"rendered":"<p>DSC HSM2204 er et kraftig str\u00f8mforsyningskort for Neo alarmsystemer, med en 12VDC\/1 Amp utgang og fire programmerbare utganger (1 Amp).<\/p>\n<p>Den tilbyr overv\u00e5king for AC-feil, lavt batteri og AUX-feil.<\/p>\n<p>Ideell for store installasjoner og krever tilkobling til en transformator og reservebatteri.<\/p>\n<p>HSM2204 st\u00f8tter opptil fire kort i ett system for \u00f8kt fleksibilitet og sikkerhet.<\/p>\n<p>&nbsp;<\/p>","protected":false},"featured_media":141171,"template":"","meta":{"_acf_changed":false},"product_brand":[],"product_cat":[3328,1322],"product_tag":[3311,3030],"class_list":{"0":"post-72403","1":"product","2":"type-product","3":"status-publish","4":"has-post-thumbnail","6":"product_cat-kort-utbyggnad","7":"product_cat-dsc-larm-neo-power-hybridlarm","8":"product_tag-dsc-neo-svensk-manual","9":"product_tag-neo-matnings-utgangskort","10":"product_shipping_class-postnord-varubrev","11":"pa_brands-4dsc","12":"tm-has-options","14":"first","15":"instock","16":"sale","17":"featured","18":"taxable","19":"shipping-taxable","20":"purchasable","21":"product-type-simple"},"acf":[],"_links":{"self":[{"href":"https:\/\/secureus.se\/no\/wp-json\/wp\/v2\/product\/72403","targetHints":{"allow":["GET"]}}],"collection":[{"href":"https:\/\/secureus.se\/no\/wp-json\/wp\/v2\/product"}],"about":[{"href":"https:\/\/secureus.se\/no\/wp-json\/wp\/v2\/types\/product"}],"wp:featuredmedia":[{"embeddable":true,"href":"https:\/\/secureus.se\/no\/wp-json\/wp\/v2\/media\/141171"}],"wp:attachment":[{"href":"https:\/\/secureus.se\/no\/wp-json\/wp\/v2\/media?parent=72403"}],"wp:term":[{"taxonomy":"product_brand","embeddable":true,"href":"https:\/\/secureus.se\/no\/wp-json\/wp\/v2\/product_brand?post=72403"},{"taxonomy":"product_cat","embeddable":true,"href":"https:\/\/secureus.se\/no\/wp-json\/wp\/v2\/product_cat?post=72403"},{"taxonomy":"product_tag","embeddable":true,"href":"https:\/\/secureus.se\/no\/wp-json\/wp\/v2\/product_tag?post=72403"}],"curies":[{"name":"wp","href":"https:\/\/api.w.org\/{rel}","templated":true}]}}