{"id":72404,"date":"2023-01-23T09:55:47","date_gmt":"2023-01-23T08:55:47","guid":{"rendered":"https:\/\/secureus.se\/produkt\/neo-output-expander-hsm2208\/"},"modified":"2026-04-01T14:39:10","modified_gmt":"2026-04-01T12:39:10","slug":"dsc-hsm2208-module-8-output","status":"publish","type":"product","link":"https:\/\/secureus.se\/no\/dsc-hsm2208-module-8-output\/","title":{"rendered":"DSC HSM2208-modul for utvidelse med 8 utganger for PowerSeries NEO"},"content":{"rendered":"<p><strong>DSC HSM2208<\/strong> er en kraftig modulutvidelse designet for \u00e5 utvide mulighetene til Neo alarmsystemet med \u00e5tte programmerbare transistorutganger.<\/p>\n<p>Hver utgang kan lastes med opptil 50 mA og tilbyr 41 forskjellige funksjonsalternativer, noe som gj\u00f8r den til en fleksibel l\u00f8sning for tilpassede sikkerhetsbehov.<\/p>\n<p>HSM2208 leveres uten kapsling, som gj\u00f8r det mulig for brukeren \u00e5 montere den i egen kapsling eller i hovedkapslingen til kontrollpanelet.<\/p>\n<p>Med et str\u00f8mforbruk p\u00e5 kun 40 mA kan modulen integreres effektivt i eksisterende systemer uten \u00e5 p\u00e5virke ytelsen.<\/p>\n<p>Maksimalt antall HSM2208-kort som kan installeres varierer avhengig av kontrollpanelets kapasitet, noe som gir brukerne mulighet til enkelt \u00e5 utvide sikkerhetssystemene sine.<\/p>\n<p>Denne modulen er en ideell l\u00f8sning for b\u00e5de bolig- og kommersielle applikasjoner som krever p\u00e5litelig og fleksibel overv\u00e5king.<\/p>","protected":false},"excerpt":{"rendered":"<p>DSC HSM2208 er et utgangskort med 8 programmerbare transistorutganger for Neo alarmsystemer.<\/p>\n<p>Maks 50 mA per utgang og fleksibel installasjon i ulike skap.<\/p>","protected":false},"featured_media":141191,"template":"","meta":{"_acf_changed":false},"product_brand":[],"product_cat":[1322,3328],"product_tag":[3311,3030],"class_list":{"0":"post-72404","1":"product","2":"type-product","3":"status-publish","4":"has-post-thumbnail","6":"product_cat-dsc-larm-neo-power-hybridlarm","7":"product_cat-kort-utbyggnad","8":"product_tag-dsc-neo-svensk-manual","9":"product_tag-neo-matnings-utgangskort","10":"product_shipping_class-postnord-varubrev","11":"pa_brands-4dsc","12":"tm-has-options","14":"first","15":"instock","16":"sale","17":"featured","18":"taxable","19":"shipping-taxable","20":"purchasable","21":"product-type-simple"},"acf":[],"_links":{"self":[{"href":"https:\/\/secureus.se\/no\/wp-json\/wp\/v2\/product\/72404","targetHints":{"allow":["GET"]}}],"collection":[{"href":"https:\/\/secureus.se\/no\/wp-json\/wp\/v2\/product"}],"about":[{"href":"https:\/\/secureus.se\/no\/wp-json\/wp\/v2\/types\/product"}],"wp:featuredmedia":[{"embeddable":true,"href":"https:\/\/secureus.se\/no\/wp-json\/wp\/v2\/media\/141191"}],"wp:attachment":[{"href":"https:\/\/secureus.se\/no\/wp-json\/wp\/v2\/media?parent=72404"}],"wp:term":[{"taxonomy":"product_brand","embeddable":true,"href":"https:\/\/secureus.se\/no\/wp-json\/wp\/v2\/product_brand?post=72404"},{"taxonomy":"product_cat","embeddable":true,"href":"https:\/\/secureus.se\/no\/wp-json\/wp\/v2\/product_cat?post=72404"},{"taxonomy":"product_tag","embeddable":true,"href":"https:\/\/secureus.se\/no\/wp-json\/wp\/v2\/product_tag?post=72404"}],"curies":[{"name":"wp","href":"https:\/\/api.w.org\/{rel}","templated":true}]}}