{"id":72408,"date":"2023-01-23T09:55:47","date_gmt":"2023-01-23T08:55:47","guid":{"rendered":"https:\/\/secureus.se\/produkt\/neo-keypad-lcd-hs2lcd-svensk-text\/"},"modified":"2026-01-06T20:44:06","modified_gmt":"2026-01-06T19:44:06","slug":"dsc-security-keypad-hs2lcd","status":"publish","type":"product","link":"https:\/\/secureus.se\/no\/dsc-security-keypad-hs2lcd\/","title":{"rendered":"DSC sikkerhetstastatur HS2LCD \u2013 svensk tekst"},"content":{"rendered":"<p><strong>DSC sikkerhetstastatur HS2LCD<\/strong> er et avansert og brukervennlig tastatur designet for \u00e5 fungere med Neo alarmsystem.<\/p>\n<p>Denne enheten har en tydelig LCD-skjerm med svenske tekster, som gj\u00f8r det enkelt \u00e5 navigere for brukere i svenske milj\u00f8er. Med st\u00f8tte for opptil 128 kablede eller tr\u00e5dl\u00f8se soner, kan tastaturet tilpasses for \u00e5 passe en rekke sikkerhetsbehov, enten det er bolig- eller kommersielle installasjoner.<\/p>\n<p>HS2LCD tilbyr fullt programmerbare etiketter med opptil 32 tegn, noe som muliggj\u00f8r tilpasning og tydelig identifikasjon av ulike seksjoner og alarmomr\u00e5der.<\/p>\n<p>Tastaturet har fem programmerbare funksjonstaster for rask tilgang og tre n\u00f8dtaster for umiddelbar respons i n\u00f8dssituasjoner.<\/p>\n<p>I tillegg har enheten en innebygd temperaturvisning, som gir ekstra informasjon til brukeren.<\/p>\n<p>Den moderne og slanke designen til HS2LCD, med bakgrunnsbelyste knapper, sikrer at den er enkel \u00e5 bruke selv i lite lys.<\/p>\n<p>Med et str\u00f8mforbruk mellom 55 og 105 mA er dette tastaturet ogs\u00e5 energieffektivt.<\/p>\n<p>Med funksjoner som hendelsesminne, programmerbar bakgrunnsbelysning og dobbel veggmontering, tilbyr HS2LCD en kombinasjon av funksjonalitet og fleksibilitet som er vanskelig \u00e5 sl\u00e5.<\/p>\n<p>Enten du \u00f8nsker \u00e5 styrke sikkerheten til hjemmet eller bedriften, er DSC Security Keypad HS2LCD en p\u00e5litelig og effektiv l\u00f8sning.<\/p>","protected":false},"excerpt":{"rendered":"<p>DSC Security Keypad HS2LCD er et kablet tastatur med LCD-skjerm og svensk tekst, designet for Neo alarmsystem.<\/p>\n<p>Den har programmerbare tekster for seksjoner og hendelsesminner som kan leses p\u00e5 displayet.<\/p>\n<p>Med fem funksjonsknapper, tre n\u00f8dknapper og mulighet til \u00e5 st\u00f8tte opptil 128 soner, tilbyr den en brukervennlig l\u00f8sning for effektiv overv\u00e5king og kontroll.<\/p>","protected":false},"featured_media":140615,"template":"","meta":{"_acf_changed":false},"product_brand":[],"product_cat":[3329,1322],"product_tag":[3311,3028,3029],"class_list":{"0":"post-72408","1":"product","2":"type-product","3":"status-publish","4":"has-post-thumbnail","6":"product_cat-knappsats-kod","7":"product_cat-dsc-larm-neo-power-hybridlarm","8":"product_tag-dsc-neo-svensk-manual","9":"product_tag-neo-knappsats-manoverpaneler","10":"product_tag-neo-dsc-knappsats-manoverpaneler","11":"product_shipping_class-postnord-varubrev","12":"pa_brands-4dsc","13":"tm-has-options","15":"first","16":"outofstock","17":"sale","18":"featured","19":"taxable","20":"shipping-taxable","21":"purchasable","22":"product-type-simple"},"acf":[],"_links":{"self":[{"href":"https:\/\/secureus.se\/no\/wp-json\/wp\/v2\/product\/72408","targetHints":{"allow":["GET"]}}],"collection":[{"href":"https:\/\/secureus.se\/no\/wp-json\/wp\/v2\/product"}],"about":[{"href":"https:\/\/secureus.se\/no\/wp-json\/wp\/v2\/types\/product"}],"wp:featuredmedia":[{"embeddable":true,"href":"https:\/\/secureus.se\/no\/wp-json\/wp\/v2\/media\/140615"}],"wp:attachment":[{"href":"https:\/\/secureus.se\/no\/wp-json\/wp\/v2\/media?parent=72408"}],"wp:term":[{"taxonomy":"product_brand","embeddable":true,"href":"https:\/\/secureus.se\/no\/wp-json\/wp\/v2\/product_brand?post=72408"},{"taxonomy":"product_cat","embeddable":true,"href":"https:\/\/secureus.se\/no\/wp-json\/wp\/v2\/product_cat?post=72408"},{"taxonomy":"product_tag","embeddable":true,"href":"https:\/\/secureus.se\/no\/wp-json\/wp\/v2\/product_tag?post=72408"}],"curies":[{"name":"wp","href":"https:\/\/api.w.org\/{rel}","templated":true}]}}