{"id":72413,"date":"2023-01-23T09:55:47","date_gmt":"2023-01-23T08:55:47","guid":{"rendered":"https:\/\/secureus.se\/produkt\/zone-expander-hsm2108-8-sektioner-neo\/"},"modified":"2026-04-17T09:56:01","modified_gmt":"2026-04-17T07:56:01","slug":"dsc-hsm2108-sektionskort","status":"publish","type":"product","link":"https:\/\/secureus.se\/no\/dsc-hsm2108-sektionskort\/","title":{"rendered":"DSC HSM2108 Kablet sikkerhetsutvidelse - 8 seksjoner"},"content":{"rendered":"<p><strong>DSC HSM2108<\/strong> er en viktig komponent for \u00e5 utvide kapasiteten til DSC Neo alarmsystemet.<\/p>\n<p>Dette seksjonskortet tillater tillegg av opptil 8 kablede seksjoner per kort, noe som gj\u00f8r det mulig \u00e5 tilpasse sikkerhetsl\u00f8sningen til spesifikke behov.<\/p>\n<p>HSM2108 tilbyr fullt programmerbare dobbelbalanserte seksjoner, noe som gir brukeren fleksibilitet og kontroll over sikkerhetssystemkonfigurasjonen.<\/p>\n<p>Ved maksimal kapasitet kan opptil 15 seksjonstavler kobles til HS2128, 7 til HS2064, 3 til HS2032 og 1 til HS2016, noe som gir omfattende muligheter for b\u00e5de bolig- og kommersielle installasjoner.<\/p>\n<p>Tavlen leveres uten kapsling og kan monteres i separat kapsling eller integreres i hovedkapslingen til sentralen, noe som gir enkel installasjon og h\u00e5ndtering.<\/p>\n<p>HSM2108 har et str\u00f8mforbruk p\u00e5 30 mA og gir p\u00e5litelig overv\u00e5king og sikkerhet for systemet.<\/p>\n<p>Ved \u00e5 bruke denne modul\u00e6re tiln\u00e6rmingen kan brukere skalere og tilpasse sikkerhetssystemene sine for \u00e5 m\u00f8te b\u00e5de n\u00e5v\u00e6rende og fremtidige krav.<\/p>\n<p><b>\u00a0<\/b>er en viktig komponent for \u00e5 utvide kapasiteten til DSC Neo alarmsystemet.<\/p>\n<p>Dette seksjonskortet tillater tillegg av opptil 8 kablede seksjoner per kort, noe som gj\u00f8r det mulig \u00e5 tilpasse sikkerhetsl\u00f8sningen til spesifikke behov. HSM2108 tilbyr fullt programmerbare dobbelbalanserte seksjoner, noe som gir brukeren fleksibilitet og kontroll over sikkerhetssystemkonfigurasjonen.<\/p>\n<p>Ved maksimal kapasitet kan opptil 15 seksjonstavler kobles til HS2128, 7 til HS2064, 3 til HS2032 og 1 til HS2016, noe som gir omfattende muligheter for b\u00e5de bolig- og kommersielle installasjoner.<\/p>\n<p>Tavlen leveres uten kapsling og kan monteres i separat kapsling eller integreres i hovedkapslingen til sentralen, noe som gir enkel installasjon og h\u00e5ndtering.<\/p>\n<p>HSM2108 har et str\u00f8mforbruk p\u00e5 30 mA og gir p\u00e5litelig overv\u00e5king og sikkerhet for systemet.<\/p>\n<p>Ved \u00e5 bruke denne modul\u00e6re tiln\u00e6rmingen kan brukere skalere og tilpasse sikkerhetssystemene sine for \u00e5 m\u00f8te b\u00e5de n\u00e5v\u00e6rende og fremtidige krav.<\/p>","protected":false},"excerpt":{"rendered":"<p>DSC HSM2108 er et seksjonskort som utvider Neo alarmsystemet med 8 kablede seksjoner per kort.<\/p>\n<p>Med fullt programmerbare dobbelbalanserte seksjoner tilbyr dette modul\u00e6r sikkerhet og fleksibilitet for tilpassede installasjoner.<\/p>\n<p>HSM2108 krever tilkobling til en kapsling og har et str\u00f8mforbruk p\u00e5 30 mA.<\/p>\n<p>&nbsp;<\/p>","protected":false},"featured_media":140955,"template":"","meta":{"_acf_changed":false},"product_brand":[],"product_cat":[3328,1322],"product_tag":[3311,3030],"class_list":{"0":"post-72413","1":"product","2":"type-product","3":"status-publish","4":"has-post-thumbnail","6":"product_cat-kort-utbyggnad","7":"product_cat-dsc-larm-neo-power-hybridlarm","8":"product_tag-dsc-neo-svensk-manual","9":"product_tag-neo-matnings-utgangskort","10":"product_shipping_class-postnord-varubrev","11":"pa_brands-4dsc","12":"tm-has-options","14":"first","15":"instock","16":"sale","17":"featured","18":"taxable","19":"shipping-taxable","20":"purchasable","21":"product-type-simple"},"acf":[],"_links":{"self":[{"href":"https:\/\/secureus.se\/no\/wp-json\/wp\/v2\/product\/72413","targetHints":{"allow":["GET"]}}],"collection":[{"href":"https:\/\/secureus.se\/no\/wp-json\/wp\/v2\/product"}],"about":[{"href":"https:\/\/secureus.se\/no\/wp-json\/wp\/v2\/types\/product"}],"wp:featuredmedia":[{"embeddable":true,"href":"https:\/\/secureus.se\/no\/wp-json\/wp\/v2\/media\/140955"}],"wp:attachment":[{"href":"https:\/\/secureus.se\/no\/wp-json\/wp\/v2\/media?parent=72413"}],"wp:term":[{"taxonomy":"product_brand","embeddable":true,"href":"https:\/\/secureus.se\/no\/wp-json\/wp\/v2\/product_brand?post=72413"},{"taxonomy":"product_cat","embeddable":true,"href":"https:\/\/secureus.se\/no\/wp-json\/wp\/v2\/product_cat?post=72413"},{"taxonomy":"product_tag","embeddable":true,"href":"https:\/\/secureus.se\/no\/wp-json\/wp\/v2\/product_tag?post=72413"}],"curies":[{"name":"wp","href":"https:\/\/api.w.org\/{rel}","templated":true}]}}