{"id":72417,"date":"2023-01-23T09:55:46","date_gmt":"2023-01-23T08:55:46","guid":{"rendered":"https:\/\/secureus.se\/produkt\/dsc-neo-power-g-wireless-ir-detektor-husdjur-pg8914-2\/"},"modified":"2026-04-01T13:38:14","modified_gmt":"2026-04-01T11:38:14","slug":"dsc-pir-pg8914-wireless-digital-pet","status":"publish","type":"product","link":"https:\/\/secureus.se\/no\/dsc-pir-pg8914-wireless-digital-pet\/","title":{"rendered":"DSC PIR PG8914 Wireless Digital Pet (38Kg) PowerG"},"content":{"rendered":"<p><strong>DSC PIR PG8914<\/strong> er den nyeste tr\u00e5dl\u00f8se IR-detektoren i PowerG-serien, designet for \u00e5 gi overlegen bevegelsesdeteksjon og sikkerhet.<\/p>\n<p>Med en integrert kj\u00e6ledyrfunksjon som kan aktiveres eller deaktiveres, er denne detektoren ideell for hjem med dyr, siden den kan ignorere bevegelsene til kj\u00e6ledyr som veier opptil 38 kg.<\/p>\n<p>Den bruker avansert PowerG-teknologi som sikrer p\u00e5litelig kommunikasjon p\u00e5 avstander opptil 2 km i frimark.<\/p>\n<p>Detektoren har en maksimal deteksjonsrekkevidde p\u00e5 12 meter og er utstyrt med True Motion Recognition\u2122, som lar den skille mellom reelle trusler og andre bevegelser som kan for\u00e5rsake falske alarmer.<\/p>\n<p>Med sin moderne design og kompakte st\u00f8rrelse passer PG8914 inn i alle typer milj\u00f8er og er enkel \u00e5 installere uten behov for vertikale justeringer.<\/p>\n<p>Batterilevetiden er imponerende og strekker seg opp til 6-8 \u00e5r, noe som gir en langvarig og vedlikeholdsfri drift.<\/p>\n<p>DSC PIR PG8914 er en perfekt l\u00f8sning for b\u00e5de bolig- og kommersielle sikkerhetssystemer og kan enkelt integreres med DSC PowerSeries Neo-systemer.<\/p>","protected":false},"excerpt":{"rendered":"<p>DSC PIR PG8914 er en tr\u00e5dl\u00f8s IR-detektor som tilbyr avansert bevegelsesdeteksjon med en kj\u00e6ledyrvennlig funksjon for kj\u00e6ledyr opptil 38 kg.<\/p>\n<p>Utstyrt med PowerG-teknologi, har den en rekkevidde p\u00e5 opptil 12 meter og True Motion Recognition\u2122 for \u00e5 minimere falske alarmer.<\/p>\n<p>Lang batterilevetid p\u00e5 6-8 \u00e5r gj\u00f8r den til en p\u00e5litelig sikkerhetsl\u00f8sning for ditt hjem eller bedrift.<\/p>","protected":false},"featured_media":140970,"template":"","meta":{"_acf_changed":false},"product_brand":[],"product_cat":[3326,1322],"product_tag":[3152,3311,3016,2472],"class_list":{"0":"post-72417","1":"product","2":"type-product","3":"status-publish","4":"has-post-thumbnail","6":"product_cat-rorelsedetektor","7":"product_cat-dsc-larm-neo-power-hybridlarm","8":"product_tag-cr123-tillbehor","9":"product_tag-dsc-neo-svensk-manual","10":"product_tag-neo-detektorer","11":"product_tag-sbsc-larmklassr","12":"product_shipping_class-postnord-varubrev","13":"pa_brands-4dsc","14":"tm-has-options","16":"first","17":"instock","18":"sale","19":"featured","20":"taxable","21":"shipping-taxable","22":"purchasable","23":"product-type-simple"},"acf":[],"_links":{"self":[{"href":"https:\/\/secureus.se\/no\/wp-json\/wp\/v2\/product\/72417","targetHints":{"allow":["GET"]}}],"collection":[{"href":"https:\/\/secureus.se\/no\/wp-json\/wp\/v2\/product"}],"about":[{"href":"https:\/\/secureus.se\/no\/wp-json\/wp\/v2\/types\/product"}],"wp:featuredmedia":[{"embeddable":true,"href":"https:\/\/secureus.se\/no\/wp-json\/wp\/v2\/media\/140970"}],"wp:attachment":[{"href":"https:\/\/secureus.se\/no\/wp-json\/wp\/v2\/media?parent=72417"}],"wp:term":[{"taxonomy":"product_brand","embeddable":true,"href":"https:\/\/secureus.se\/no\/wp-json\/wp\/v2\/product_brand?post=72417"},{"taxonomy":"product_cat","embeddable":true,"href":"https:\/\/secureus.se\/no\/wp-json\/wp\/v2\/product_cat?post=72417"},{"taxonomy":"product_tag","embeddable":true,"href":"https:\/\/secureus.se\/no\/wp-json\/wp\/v2\/product_tag?post=72417"}],"curies":[{"name":"wp","href":"https:\/\/api.w.org\/{rel}","templated":true}]}}