{"id":72425,"date":"2023-01-23T09:55:44","date_gmt":"2023-01-23T08:55:44","guid":{"rendered":"https:\/\/secureus.se\/produkt\/dsc-neo-power-g-transceiver-hsm2host-2\/"},"modified":"2025-12-31T20:36:52","modified_gmt":"2025-12-31T19:36:52","slug":"dsc-hsm2host-transceiver-module","status":"publish","type":"product","link":"https:\/\/secureus.se\/no\/dsc-hsm2host-transceiver-module\/","title":{"rendered":"DSC HSM2HOST sender\/mottakermodul"},"content":{"rendered":"<p><strong>DSC HSM2HOST<\/strong> er en kraftig radiosender\/mottaker designet for \u00e5 optimalisere tr\u00e5dl\u00f8se installasjoner av PowerSeries NEO og PEO alarmsystemer.<\/p>\n<p>Med en imponerende rekkevidde p\u00e5 opptil 2 km, er HSM2HOST et utmerket valg for b\u00e5de bolig- og forretningsmilj\u00f8er som krever p\u00e5litelig sikkerhet og fleksibilitet.<\/p>\n<p>Denne modulen gir 128 bit AES-kryptering, som beskytter kommunikasjonen mellom enhetene og s\u00f8rger for at all dataoverf\u00f8ring er trygg.<\/p>\n<p>Med HSM2HOST kan hver tr\u00e5dl\u00f8s detektor tildeles et sonenummer, som muliggj\u00f8r effektiv og enkel administrasjon av opptil 128 soner.<\/p>\n<p>Enheten kan kobles til systemet uten begrensninger og kan arbeide med linkstasjoner for \u00e5 \u00f8ke rekkevidden om n\u00f8dvendig.<\/p>\n<p>V\u00e6r oppmerksom p\u00e5 at kun \u00e9n radiosender\/mottaker kan kobles til per system og at den ikke kan kombineres med tastaturer med innebygd radiosender\/mottaker.<\/p>\n<p>HSM2HOST er en uunnv\u00e6rlig komponent for de som \u00f8nsker \u00e5 maksimere sikkerheten til sine installasjoner og dra nytte av fordelene med PowerG-teknologi.<\/p>\n<p>Med et str\u00f8mforbruk p\u00e5 kun 60 mA er den ogs\u00e5 energieffektiv, noe som gj\u00f8r den ideell for kontinuerlig bruk.<\/p>","protected":false},"excerpt":{"rendered":"<p>DSC HSM2HOST er en avansert radiosender\/mottaker som muliggj\u00f8r toveis tr\u00e5dl\u00f8s kommunikasjon for PowerSeries NEO alarmsystemer.<\/p>\n<p>Med en rekkevidde p\u00e5 opptil 2 km og 128-bits AES-kryptering, sikrer den p\u00e5litelig og sikker dataoverf\u00f8ring.<\/p>\n<p>Den er ideell for \u00e5 effektivt utvide det tr\u00e5dl\u00f8se nettverket og skape en robust sikkerhetsl\u00f8sning.<\/p>","protected":false},"featured_media":140791,"template":"","meta":{"_acf_changed":false},"product_brand":[],"product_cat":[3338,1322],"product_tag":[3311],"class_list":{"0":"post-72425","1":"product","2":"type-product","3":"status-publish","4":"has-post-thumbnail","6":"product_cat-repeater","7":"product_cat-dsc-larm-neo-power-hybridlarm","8":"product_tag-dsc-neo-svensk-manual","9":"product_shipping_class-postnord-varubrev","10":"pa_brands-4dsc","11":"tm-has-options","13":"first","14":"instock","15":"sale","16":"featured","17":"taxable","18":"shipping-taxable","19":"purchasable","20":"product-type-simple"},"acf":[],"_links":{"self":[{"href":"https:\/\/secureus.se\/no\/wp-json\/wp\/v2\/product\/72425","targetHints":{"allow":["GET"]}}],"collection":[{"href":"https:\/\/secureus.se\/no\/wp-json\/wp\/v2\/product"}],"about":[{"href":"https:\/\/secureus.se\/no\/wp-json\/wp\/v2\/types\/product"}],"wp:featuredmedia":[{"embeddable":true,"href":"https:\/\/secureus.se\/no\/wp-json\/wp\/v2\/media\/140791"}],"wp:attachment":[{"href":"https:\/\/secureus.se\/no\/wp-json\/wp\/v2\/media?parent=72425"}],"wp:term":[{"taxonomy":"product_brand","embeddable":true,"href":"https:\/\/secureus.se\/no\/wp-json\/wp\/v2\/product_brand?post=72425"},{"taxonomy":"product_cat","embeddable":true,"href":"https:\/\/secureus.se\/no\/wp-json\/wp\/v2\/product_cat?post=72425"},{"taxonomy":"product_tag","embeddable":true,"href":"https:\/\/secureus.se\/no\/wp-json\/wp\/v2\/product_tag?post=72425"}],"curies":[{"name":"wp","href":"https:\/\/api.w.org\/{rel}","templated":true}]}}