{"id":72426,"date":"2023-01-23T09:55:44","date_gmt":"2023-01-23T08:55:44","guid":{"rendered":"https:\/\/secureus.se\/produkt\/dsc-neo-power-g-wireless-magnetkontakt-small-pg8303-2\/"},"modified":"2026-04-01T14:39:14","modified_gmt":"2026-04-01T12:39:14","slug":"dsc-door-sensor-slim-pg8303","status":"publish","type":"product","link":"https:\/\/secureus.se\/no\/dsc-door-sensor-slim-pg8303\/","title":{"rendered":"DSC D\u00f8rsensor \/ Vindussensor Slim PG8303"},"content":{"rendered":"<p><strong>DSC D\u00f8rsensor Slim PG8303<\/strong> er en avansert tr\u00e5dl\u00f8s sensor designet for \u00e5 beskytte d\u00f8rer, vinduer og andre innganger med stil og effektivitet. Den kompakte st\u00f8rrelsen betyr at sensoren er diskret og enkel \u00e5 installere, noe som er perfekt for b\u00e5de hjem og bedrift.<\/p>\n<p>Utstyrt med den nyeste PowerG-teknologien, tilbyr PG8303 sikker og p\u00e5litelig overv\u00e5king med en rekkevidde p\u00e5 opptil 2 kilometer i friluft.<\/p>\n<p>Denne sensoren er ideell for installasjon p\u00e5 mellomstore d\u00f8rer og vinduer og gir en batterilevetid p\u00e5 opptil 6 \u00e5r, noe som minimerer behovet for hyppig vedlikehold.<\/p>\n<p>Et innebygd indikatorsignal gir deg muligheten til \u00e5 sjekke kvaliteten p\u00e5 signalet og s\u00f8rge for at sensoren fungerer optimalt.<\/p>\n<p>DSC D\u00f8rsensor Slim PG8303 er kompatibel med PowerSeries NEO- og PRO-systemer, noe som gj\u00f8r den til en utmerket komponent i et omfattende sikkerhetssystem.<\/p>\n<p>Med sin p\u00e5litelige ytelse og elegante design bidrar PG8303 til \u00e5 skape et trygt og sikkert hjem uten \u00e5 g\u00e5 p\u00e5 kompromiss med estetikken.<\/p>","protected":false},"excerpt":{"rendered":"<p>DSC D\u00f8rsensor Slim PG8303 er en tr\u00e5dl\u00f8s sensor som tilbyr diskret og effektiv overv\u00e5king av d\u00f8rer og vinduer.<\/p>\n<p>Med en kompakt design og PowerG-teknologi gir den p\u00e5litelig deteksjon og kan enkelt monteres.<\/p>\n<p>Den har en batterilevetid p\u00e5 opptil 6 \u00e5r og er kompatibel med PowerSeries NEO- og PRO-systemer, noe som gj\u00f8r den ideell for \u00e5 sikre sikkerheten til hjemmet eller bedriften din.<\/p>","protected":false},"featured_media":140631,"template":"","meta":{"_acf_changed":false},"product_brand":[],"product_cat":[1322,3337],"product_tag":[3311,2472],"class_list":{"0":"post-72426","1":"product","2":"type-product","3":"status-publish","4":"has-post-thumbnail","6":"product_cat-dsc-larm-neo-power-hybridlarm","7":"product_cat-magnetkontakt-pg","8":"product_tag-dsc-neo-svensk-manual","9":"product_tag-sbsc-larmklassr","10":"product_shipping_class-postnord-varubrev","11":"pa_brands-4dsc","12":"tm-has-options","14":"first","15":"instock","16":"sale","17":"featured","18":"taxable","19":"shipping-taxable","20":"purchasable","21":"product-type-simple"},"acf":[],"_links":{"self":[{"href":"https:\/\/secureus.se\/no\/wp-json\/wp\/v2\/product\/72426","targetHints":{"allow":["GET"]}}],"collection":[{"href":"https:\/\/secureus.se\/no\/wp-json\/wp\/v2\/product"}],"about":[{"href":"https:\/\/secureus.se\/no\/wp-json\/wp\/v2\/types\/product"}],"wp:featuredmedia":[{"embeddable":true,"href":"https:\/\/secureus.se\/no\/wp-json\/wp\/v2\/media\/140631"}],"wp:attachment":[{"href":"https:\/\/secureus.se\/no\/wp-json\/wp\/v2\/media?parent=72426"}],"wp:term":[{"taxonomy":"product_brand","embeddable":true,"href":"https:\/\/secureus.se\/no\/wp-json\/wp\/v2\/product_brand?post=72426"},{"taxonomy":"product_cat","embeddable":true,"href":"https:\/\/secureus.se\/no\/wp-json\/wp\/v2\/product_cat?post=72426"},{"taxonomy":"product_tag","embeddable":true,"href":"https:\/\/secureus.se\/no\/wp-json\/wp\/v2\/product_tag?post=72426"}],"curies":[{"name":"wp","href":"https:\/\/api.w.org\/{rel}","templated":true}]}}