{"id":72434,"date":"2023-01-23T09:55:42","date_gmt":"2023-01-23T08:55:42","guid":{"rendered":"https:\/\/secureus.se\/produkt\/dsc-neo-power-g-wireless-utomhus-ir-detektor-gardin-pg8902-2\/"},"modified":"2025-12-31T20:50:48","modified_gmt":"2025-12-31T19:50:48","slug":"dsc-pir-pg8902-outdoor-curtain-powerg","status":"publish","type":"product","link":"https:\/\/secureus.se\/no\/dsc-pir-pg8902-outdoor-curtain-powerg\/","title":{"rendered":"DSC PIR PG8902 Utend\u00f8rs Gardin PowerG"},"content":{"rendered":"<p><strong>DSC PIR PG8902<\/strong> er en innovativ tr\u00e5dl\u00f8s PIR-detektor designet for \u00e5 gi omfattende beskyttelse ved \u00e5 fungere som en &quot;gardin&quot; for d\u00f8rer og vinduer.<\/p>\n<p>Denne detektoren har et imponerende deteksjonsomr\u00e5de p\u00e5 opptil 8 meter og bruker den avanserte PowerG-teknologien for \u00e5 sikre p\u00e5litelig ytelse og lang rekkevidde.<\/p>\n<p>Den er spesielt egnet for kommersielle milj\u00f8er, noe som gj\u00f8r den til en robust og effektiv l\u00f8sning for sikkerhet.<\/p>\n<p>Ikke bare er PG8902 kompakt og moderne i design, men den er ogs\u00e5 kj\u00e6ledyrimmun, noe som reduserer risikoen for falske alarmer for\u00e5rsaket av dyr.<\/p>\n<p>I tillegg har den en antimaskeringsfunksjon, som gir ekstra sikkerhet mot inntrenging.<\/p>\n<p>Med en forventet batterilevetid p\u00e5 opptil 5 \u00e5r ved normal bruk og enkel installasjon, er denne detektoren en p\u00e5litelig og praktisk l\u00f8sning for \u00e5 beskytte hjemmet eller bedriften.<\/p>\n<p>Ved \u00e5 integrere med PowerSeries Neo-systemet kan PG8902 bidra til en omfattende sikkerhetsl\u00f8sning som kan overv\u00e5ke opptil 128 soner og tilpasse seg ulike sikkerhetsbehov.<\/p>","protected":false},"excerpt":{"rendered":"<p>DSC PIR PG8902 er en tr\u00e5dl\u00f8s utend\u00f8rsdetektor som fungerer som en gardin og beskytter vinduer og d\u00f8rer uten skodder.<\/p>\n<p>Med en deteksjonsrekkevidde p\u00e5 opptil 8 meter og innebygd PowerG-teknologi gir den tidlig oppdagelse av inntrenging.<\/p>\n<p>Den er dyresikker og har en kompakt design, noe som gj\u00f8r installasjon og vedlikehold enkelt.<\/p>","protected":false},"featured_media":141684,"template":"","meta":{"_acf_changed":false},"product_brand":[],"product_cat":[3326,1322],"product_tag":[3311,3016,2472],"class_list":{"0":"post-72434","1":"product","2":"type-product","3":"status-publish","4":"has-post-thumbnail","6":"product_cat-rorelsedetektor","7":"product_cat-dsc-larm-neo-power-hybridlarm","8":"product_tag-dsc-neo-svensk-manual","9":"product_tag-neo-detektorer","10":"product_tag-sbsc-larmklassr","11":"product_shipping_class-postnord-varubrev","12":"pa_brands-4dsc","13":"tm-has-options","15":"first","16":"instock","17":"sale","18":"featured","19":"taxable","20":"shipping-taxable","21":"purchasable","22":"product-type-simple"},"acf":[],"_links":{"self":[{"href":"https:\/\/secureus.se\/no\/wp-json\/wp\/v2\/product\/72434","targetHints":{"allow":["GET"]}}],"collection":[{"href":"https:\/\/secureus.se\/no\/wp-json\/wp\/v2\/product"}],"about":[{"href":"https:\/\/secureus.se\/no\/wp-json\/wp\/v2\/types\/product"}],"wp:featuredmedia":[{"embeddable":true,"href":"https:\/\/secureus.se\/no\/wp-json\/wp\/v2\/media\/141684"}],"wp:attachment":[{"href":"https:\/\/secureus.se\/no\/wp-json\/wp\/v2\/media?parent=72434"}],"wp:term":[{"taxonomy":"product_brand","embeddable":true,"href":"https:\/\/secureus.se\/no\/wp-json\/wp\/v2\/product_brand?post=72434"},{"taxonomy":"product_cat","embeddable":true,"href":"https:\/\/secureus.se\/no\/wp-json\/wp\/v2\/product_cat?post=72434"},{"taxonomy":"product_tag","embeddable":true,"href":"https:\/\/secureus.se\/no\/wp-json\/wp\/v2\/product_tag?post=72434"}],"curies":[{"name":"wp","href":"https:\/\/api.w.org\/{rel}","templated":true}]}}