{"id":72435,"date":"2023-01-23T09:55:42","date_gmt":"2023-01-23T08:55:42","guid":{"rendered":"https:\/\/secureus.se\/produkt\/powerg-wireless-pir-360-20m-pg8872\/"},"modified":"2025-12-31T20:36:30","modified_gmt":"2025-12-31T19:36:30","slug":"dsc-ceiling-pir-pg8872","status":"publish","type":"product","link":"https:\/\/secureus.se\/no\/dsc-ceiling-pir-pg8872\/","title":{"rendered":"DSC Ceiling PIR PG8872 Tr\u00e5dl\u00f8s lang rekkevidde (20m) 360\u00b0 PowerG PG8872"},"content":{"rendered":"<p><strong>DSC Ceiling PIR PG8872<\/strong> er en h\u00f8yytelses tr\u00e5dl\u00f8s bevegelsesdetektor designet for \u00e5 gi 360\u00b0 dekning, noe som gj\u00f8r den ideell for sikkerhet i store rom og kommersielle fasiliteter.<\/p>\n<p>Med en deteksjonsradius p\u00e5 opptil 20 meter s\u00f8rger PG8872 for at hvert hj\u00f8rne av rommet overv\u00e5kes effektivt.<\/p>\n<p>Den diskrete designen lar den gli inn i ethvert milj\u00f8, noe som gj\u00f8r den til et utmerket valg for b\u00e5de bedrift og hjem.<\/p>\n<p>Ikke bare er denne detektoren enkel \u00e5 installere, men den tilbyr ogs\u00e5 en estimert batterilevetid p\u00e5 5 \u00e5r ved normal bruk, noe som minimerer behovet for hyppige batteriskift.<\/p>\n<p>PG8872 bruker den nyeste PowerG-teknologien, som gir lang rekkevidde og p\u00e5litelighet i kommunikasjonen.<\/p>\n<p>Med PowerSeries Neo-systemet kan du overv\u00e5ke opptil 128 soner og konfigurere opptil 8 partisjoner, noe som gir en tilpasset sikkerhetsl\u00f8sning for hver spesifikke situasjon.<\/p>\n<p>DSC Ceiling PIR PG8872 er den perfekte l\u00f8sningen for de som leter etter en robust og effektiv bevegelsesdetektor som kombinerer innovasjon med brukervennlighet.<\/p>","protected":false},"excerpt":{"rendered":"<p>DSC Ceiling PIR PG8872 er en tr\u00e5dl\u00f8s 360\u00b0 PIR-detektor som tilbyr en dekning p\u00e5 opptil 20 meter.<\/p>\n<p>Spesielt designet for PowerSeries Neo- og Pro-systemer, er den robust og ideell for kommersielle milj\u00f8er.<\/p>\n<p>Den moderne, diskr\u00e9 designen gj\u00f8r installasjonen enkel, og den estimerte batterilevetiden p\u00e5 5 \u00e5r sikrer langvarig bruk.<\/p>\n<p>&nbsp;<\/p>","protected":false},"featured_media":141700,"template":"","meta":{"_acf_changed":false},"product_brand":[],"product_cat":[1322,3326],"product_tag":[3311,2472],"class_list":{"0":"post-72435","1":"product","2":"type-product","3":"status-publish","4":"has-post-thumbnail","6":"product_cat-dsc-larm-neo-power-hybridlarm","7":"product_cat-rorelsedetektor","8":"product_tag-dsc-neo-svensk-manual","9":"product_tag-sbsc-larmklassr","10":"product_shipping_class-postnord-varubrev","11":"pa_brands-4dsc","12":"tm-has-options","14":"first","15":"instock","16":"sale","17":"featured","18":"taxable","19":"shipping-taxable","20":"purchasable","21":"product-type-simple"},"acf":[],"_links":{"self":[{"href":"https:\/\/secureus.se\/no\/wp-json\/wp\/v2\/product\/72435","targetHints":{"allow":["GET"]}}],"collection":[{"href":"https:\/\/secureus.se\/no\/wp-json\/wp\/v2\/product"}],"about":[{"href":"https:\/\/secureus.se\/no\/wp-json\/wp\/v2\/types\/product"}],"wp:featuredmedia":[{"embeddable":true,"href":"https:\/\/secureus.se\/no\/wp-json\/wp\/v2\/media\/141700"}],"wp:attachment":[{"href":"https:\/\/secureus.se\/no\/wp-json\/wp\/v2\/media?parent=72435"}],"wp:term":[{"taxonomy":"product_brand","embeddable":true,"href":"https:\/\/secureus.se\/no\/wp-json\/wp\/v2\/product_brand?post=72435"},{"taxonomy":"product_cat","embeddable":true,"href":"https:\/\/secureus.se\/no\/wp-json\/wp\/v2\/product_cat?post=72435"},{"taxonomy":"product_tag","embeddable":true,"href":"https:\/\/secureus.se\/no\/wp-json\/wp\/v2\/product_tag?post=72435"}],"curies":[{"name":"wp","href":"https:\/\/api.w.org\/{rel}","templated":true}]}}