{"id":72443,"date":"2023-01-23T09:55:42","date_gmt":"2023-01-23T08:55:42","guid":{"rendered":"https:\/\/secureus.se\/produkt\/dsc-neo-power-g-wireless-rok-varme-detektor-pg8936-2\/"},"modified":"2026-04-01T13:53:27","modified_gmt":"2026-04-01T11:53:27","slug":"dsc-smoke-and-heat-detector-pg8936","status":"publish","type":"product","link":"https:\/\/secureus.se\/no\/dsc-smoke-and-heat-detector-pg8936\/","title":{"rendered":"DSC r\u00f8yk- og varmedetektor tr\u00e5dl\u00f8s PowerG PG8936"},"content":{"rendered":"<p><strong>DSC r\u00f8yk- og varmedetektor PG8936<\/strong> er en h\u00f8yteknologisk tr\u00e5dl\u00f8s enhet som tilbyr effektiv brannbeskyttelse for hjem og bedrifter.<\/p>\n<p>Med sin kombinasjon av fotoelektrisk r\u00f8ykdeteksjon og en varmesensor gir PG8936 h\u00f8y sikkerhet og p\u00e5litelighet for tidlig branndeteksjon.<\/p>\n<p>Designet for \u00e5 kommunisere med PowerSeries NEO-alarmsystemer, bruker den avansert PowerG-teknologi for \u00e5 sikre en rekkevidde p\u00e5 opptil 2 km i friluft.<\/p>\n<p>Detektoren er utstyrt med en kraftig innebygget sirene som avgir en lyd p\u00e5 85 dB for \u00e5 varsle ved detektering av r\u00f8yk eller temperaturer over 57 \u00b0C.<\/p>\n<p>Med en batterilevetid p\u00e5 opptil 5 \u00e5r (ved normal bruk) er PG8936 b\u00e5de praktisk og kostnadseffektiv, og bruker tre AAA-batterier som enkelt kan byttes ut.<\/p>\n<p>Den diskr\u00e9 designen til PG8936 gj\u00f8r den enkel \u00e5 installere i ulike milj\u00f8er, og LED-indikatorer gir tydelig statusinformasjon under installasjon og drift.<\/p>\n<p>Med sin evne til \u00e5 redusere risikoen for falske alarmer og sikre effektiv branndeteksjon, er DSC r\u00f8yk- og varmedetektor PG8936 en uvurderlig komponent i ethvert sikkerhetssystem.<\/p>","protected":false},"excerpt":{"rendered":"<p>DSC r\u00f8yk- og varmedetektor PG8936 er en tr\u00e5dl\u00f8s r\u00f8yk- og varmedetektor designet for PowerSeries NEO alarmsystem.<\/p>\n<p>Med deteksjonsevne for b\u00e5de r\u00f8yk og varme, gir den tidlig varsling ved brann og reduserer risikoen for falske alarmer.<\/p>\n<p>Den har innebygget sirene som aktiveres ved r\u00f8yk eller temperaturer over 57 \u00b0C og har en batterilevetid p\u00e5 opptil 5 \u00e5r.<\/p>\n<p>&nbsp;<\/p>","protected":false},"featured_media":140989,"template":"","meta":{"_acf_changed":false},"product_brand":[],"product_cat":[3319,1322],"product_tag":[3311,2422],"class_list":{"0":"post-72443","1":"product","2":"type-product","3":"status-publish","4":"has-post-thumbnail","6":"product_cat-brandvarnare-dsc-larm-neo-power-hybridlarm","7":"product_cat-dsc-larm-neo-power-hybridlarm","8":"product_tag-dsc-neo-svensk-manual","9":"product_tag-rel-brand","10":"product_shipping_class-postnord-varubrev","11":"pa_brands-4dsc","12":"tm-has-options","14":"first","15":"instock","16":"sale","17":"featured","18":"taxable","19":"shipping-taxable","20":"purchasable","21":"product-type-simple"},"acf":[],"_links":{"self":[{"href":"https:\/\/secureus.se\/no\/wp-json\/wp\/v2\/product\/72443","targetHints":{"allow":["GET"]}}],"collection":[{"href":"https:\/\/secureus.se\/no\/wp-json\/wp\/v2\/product"}],"about":[{"href":"https:\/\/secureus.se\/no\/wp-json\/wp\/v2\/types\/product"}],"wp:featuredmedia":[{"embeddable":true,"href":"https:\/\/secureus.se\/no\/wp-json\/wp\/v2\/media\/140989"}],"wp:attachment":[{"href":"https:\/\/secureus.se\/no\/wp-json\/wp\/v2\/media?parent=72443"}],"wp:term":[{"taxonomy":"product_brand","embeddable":true,"href":"https:\/\/secureus.se\/no\/wp-json\/wp\/v2\/product_brand?post=72443"},{"taxonomy":"product_cat","embeddable":true,"href":"https:\/\/secureus.se\/no\/wp-json\/wp\/v2\/product_cat?post=72443"},{"taxonomy":"product_tag","embeddable":true,"href":"https:\/\/secureus.se\/no\/wp-json\/wp\/v2\/product_tag?post=72443"}],"curies":[{"name":"wp","href":"https:\/\/api.w.org\/{rel}","templated":true}]}}